   
{"id":12716,"date":"2020-10-20T07:32:43","date_gmt":"2020-10-20T07:32:43","guid":{"rendered":"https:\/\/www.geneticmatrixtest.com\/?page_id=12716"},"modified":"2020-11-30T06:39:15","modified_gmt":"2020-11-30T06:39:15","slug":"voce-sabe-quem-voce-e","status":"publish","type":"page","link":"https:\/\/www.geneticmatrix.com\/pt-pt\/voce-sabe-quem-voce-e\/","title":{"rendered":"Voc\u00ea sabe quem voc\u00ea \u00e9?"},"content":{"rendered":"<div id=\"content\">\r\n<div class=\"test_page\">\r\n<div class=\"breadcam\"><a href=\"https:\/\/www.geneticmatrixtest.com\/pt-pt\/\">Casa<\/a> \u00bb Voc\u00ea sabe quem voc\u00ea \u00e9?<\/div>\r\n<h2 style=\"text-align: center; text-transform: capitalize; font-size: 50px; font-weight: bold; color: #000;\">Voc\u00ea sabe quem voc\u00ea \u00e9?<\/h2>\r\n<div class=\"main_content1\">\r\n<table class=\"img_table\" border=\"0\" width=\"100%\" cellspacing=\"0\" cellpadding=\"0\">\r\n<tbody>\r\n<tr>\r\n<td>\r\n<p style=\"text-align: center; padding: 5px; width: 350px; height: 310px; margin: 0 auto;\"><img class=\"bdr\" src=\"https:\/\/www.geneticmatrix.com\/wp-content\/themes\/twentyten\/\/images\/whoareyou.jpg\" alt=\"\" width=\"350\" height=\"279\" \/><\/p>\r\n<p style=\"text-align: center;\">\"A sua vis\u00e3o s\u00f3 ficar\u00e1 clara quando olhar para o seu cora\u00e7\u00e3o. Quem olha para fora, sonha. Quem olha para dentro, desperta.\" - <strong>Carl Jung<\/strong><\/p>\r\n<\/td>\r\n<\/tr>\r\n<tr>\r\n<td>\r\n<table>\r\n<tbody>\r\n<tr>\r\n<td>Cada vida tem uma marca e um design para nos ajudar na nossa pr\u00f3pria jornada individualizada de descoberta e maestria. Cada um de n\u00f3s est\u00e1 aqui com um prop\u00f3sito e significado espec\u00edficos, com um papel a desempenhar e um caminho a seguir. Cada um de n\u00f3s tem pontos fortes, talentos e dons, bem como vulnerabilidades e desafios incorporados no nosso DNA. Descobrir quem somos e quem estamos destinados a ser faz parte do nosso design \u00fanico e est\u00e1 dispon\u00edvel para cada um de n\u00f3s.<\/td>\r\n<td><img class=\"img_right\" src=\"https:\/\/www.geneticmatrix.com\/wp-content\/themes\/twentyten\/\/images\/02 - Slider 1 jigsaw.jpg\" alt=\"\" width=\"350\" height=\"260\" \/><\/td>\r\n<\/tr>\r\n<\/tbody>\r\n<\/table>\r\n<\/td>\r\n<\/tr>\r\n<tr>\r\n<td>\r\n<table>\r\n<tbody>\r\n<tr>\r\n<td><img class=\"img_left alignright\" src=\"https:\/\/www.geneticmatrix.com\/wp-content\/themes\/twentyten\/\/images\/03 - Slider - family.jpg\" alt=\"\" width=\"170\" height=\"223\" \/><\/td>\r\n<td>\"Quem sou eu?\" \u00e9 uma pergunta que todos fazem, e a resposta muda \u00e0 medida que experimentamos a vida. Os nossos pap\u00e9is na vida mudam \u00e0 medida que crescemos. A crian\u00e7a foca-se no que tem; o jovem adulto no que faz; e, mais tarde, o foco est\u00e1 em quem somos. Os nossos pap\u00e9is tamb\u00e9m mudam dependendo do nosso grupo social. Quem somos como um indiv\u00edduo muda \u00e0 medida que interagimos com fam\u00edlia, amigos e c\u00edrculos de trabalho. O casamento, os filhos e, posteriormente, os netos, voltam a afetar a forma como n\u00f3s (e outros) vemos a n\u00f3s mesmos.<\/td>\r\n<\/tr>\r\n<\/tbody>\r\n<\/table>\r\n<\/td>\r\n<\/tr>\r\n<tr>\r\n<td>\r\n<table>\r\n<tbody>\r\n<tr>\r\n<td>Como uma lente de um caleidosc\u00f3pio em movimento, nossas vidas est\u00e3o cheias de mudan\u00e7as de cores e sons. Assim como mudam os panos de fundo, n\u00f3s tamb\u00e9m mudamos? Ou h\u00e1 uma 'ess\u00eancia' j\u00e1 completa dentro de n\u00f3s, a qual estamos aqui para desvendar e mostrar?<\/td>\r\n<td style=\"width: 400px;\"><img class=\"img_right\" src=\"https:\/\/www.geneticmatrix.com\/wp-content\/themes\/twentyten\/\/images\/04 - Slider 1 - Kaleidoscope.png\" alt=\"\" width=\"270\" height=\"270\" \/><\/td>\r\n<\/tr>\r\n<\/tbody>\r\n<\/table>\r\n<\/td>\r\n<\/tr>\r\n<tr>\r\n<td>\r\n<table>\r\n<tbody>\r\n<tr>\r\n<td><img class=\"img_left\" src=\"https:\/\/www.geneticmatrix.com\/wp-content\/themes\/twentyten\/\/images\/05 - Slider 1 - Self Fulfillment.jpg\" alt=\"\" width=\"419\" height=\"295\" \/><\/td>\r\n<td>Se n\u00f3s 'nos perdermos' nas expectativas dos outros; ou parecemos apenas 'nos misturar', ent\u00e3o terminaremos por sentir como se tiv\u00e9ssemos perdido o nosso caminho - e n\u00f3s perdemos. Descobrir a nossa singularidade e viv\u00ea-la \u00e9 o que realmente viemos fazer.<\/td>\r\n<\/tr>\r\n<\/tbody>\r\n<\/table>\r\n<\/td>\r\n<\/tr>\r\n<\/tbody>\r\n<\/table>\r\n<\/div>\r\n<div class=\"fullmain\" style=\"font-size: 20px;\"><\/div>\r\n<\/div>\r\n<\/div>","protected":false},"excerpt":{"rendered":"<p>Casa \u00bb Voc\u00ea sabe quem voc\u00ea \u00e9? Voc\u00ea sabe quem voc\u00ea \u00e9? &#8220;A sua vis\u00e3o s\u00f3 ficar\u00e1 clara quando olhar para o seu cora\u00e7\u00e3o. Quem olha para fora, sonha. Quem olha para dentro, desperta.&#8221; &#8211; Carl Jung Cada vida tem uma marca e um design para nos ajudar na nossa pr\u00f3pria jornada individualizada de descoberta&hellip; <a class=\"more-link\" href=\"https:\/\/www.geneticmatrix.com\/pt-pt\/voce-sabe-quem-voce-e\/\">Continue a ler <span class=\"screen-reader-text\">Voc\u00ea sabe quem voc\u00ea \u00e9?<\/span><\/a><\/p>\n","protected":false},"author":1,"featured_media":0,"parent":0,"menu_order":0,"comment_status":"closed","ping_status":"closed","template":"","meta":{"footnotes":""},"class_list":["post-12716","page","type-page","status-publish","hentry","entry"],"_links":{"self":[{"href":"https:\/\/www.geneticmatrix.com\/pt-pt\/wp-json\/wp\/v2\/pages\/12716","targetHints":{"allow":["GET"]}}],"collection":[{"href":"https:\/\/www.geneticmatrix.com\/pt-pt\/wp-json\/wp\/v2\/pages"}],"about":[{"href":"https:\/\/www.geneticmatrix.com\/pt-pt\/wp-json\/wp\/v2\/types\/page"}],"author":[{"embeddable":true,"href":"https:\/\/www.geneticmatrix.com\/pt-pt\/wp-json\/wp\/v2\/users\/1"}],"replies":[{"embeddable":true,"href":"https:\/\/www.geneticmatrix.com\/pt-pt\/wp-json\/wp\/v2\/comments?post=12716"}],"version-history":[{"count":0,"href":"https:\/\/www.geneticmatrix.com\/pt-pt\/wp-json\/wp\/v2\/pages\/12716\/revisions"}],"wp:attachment":[{"href":"https:\/\/www.geneticmatrix.com\/pt-pt\/wp-json\/wp\/v2\/media?parent=12716"}],"curies":[{"name":"wp","href":"https:\/\/api.w.org\/{rel}","templated":true}]}}