   
{"id":12696,"date":"2020-10-17T10:40:16","date_gmt":"2020-10-17T10:40:16","guid":{"rendered":"https:\/\/www.geneticmatrixtest.com\/?page_id=12696"},"modified":"2020-10-17T10:40:34","modified_gmt":"2020-10-17T10:40:34","slug":"design-humano-os-canais-de-forca-vital","status":"publish","type":"page","link":"https:\/\/www.geneticmatrix.com\/pt-pt\/design-humano-os-canais-de-forca-vital\/","title":{"rendered":"Design Humano \u2013 Os Canais de For\u00e7a Vital"},"content":{"rendered":"<div id=\"content\">\r\n<div class=\"breadcam\"><a href=\"\/\">Casa<\/a> \u00bb <a href=\"\/pt-pt\/centro-de-informacoes\/\">Centro De Informacoes<\/a> \u00bb Design Humano \u2013 Os Canais de For\u00e7a Vital<\/div>\r\n<div class=\"l_content left mar_top\">\r\n<div class=\"l_content left mar_top\">\r\n<div class=\"services\">\r\n<h3>Design Humano \u2013 Os Canais de For\u00e7a Vital<\/h3>\r\n<table class=\"personality\" border=\"1\" width=\"700\" cellspacing=\"0\" cellpadding=\"0\">\r\n<tbody>\r\n<tr>\r\n<td bgcolor=\"#D6D6D6\"><strong>Canal e Nome <\/strong><\/td>\r\n<td bgcolor=\"#D6D6D6\"><strong>Atributos de design<\/strong><\/td>\r\n<td bgcolor=\"#D6D6D6\"><strong>Circuito <\/strong><\/td>\r\n<\/tr>\r\n<tr>\r\n<td>01 - 08 \u2013 Inspira\u00e7\u00e3o<\/td>\r\n<td>Um modelo de papel criativo<\/td>\r\n<td>Individual<\/td>\r\n<\/tr>\r\n<tr>\r\n<td>02 - 14 \u2013 A batida<\/td>\r\n<td>O guardi\u00e3o das chaves<\/td>\r\n<td>Individual<\/td>\r\n<\/tr>\r\n<tr>\r\n<td>03 - 60 - Muta\u00e7\u00e3o<\/td>\r\n<td>Energia que inicia e flutua \u2013 Pulso<\/td>\r\n<td>Individual<\/td>\r\n<\/tr>\r\n<tr>\r\n<td>04 - 63 \u2013 L\u00f3gica<\/td>\r\n<td>Facilidade mental misturada com d\u00favida<\/td>\r\n<td>L\u00f3gico<\/td>\r\n<\/tr>\r\n<tr>\r\n<td>05 - 15 \u2013 Ritmo<\/td>\r\n<td>Estar no fluxo<\/td>\r\n<td>L\u00f3gico<\/td>\r\n<\/tr>\r\n<tr>\r\n<td>06 - 59 - Intimidade<\/td>\r\n<td>Focado na reprodu\u00e7\u00e3o<\/td>\r\n<td>Tribal<\/td>\r\n<\/tr>\r\n<tr>\r\n<td>07 - 31 \u2013 O Alfa<\/td>\r\n<td>Lideran\u00e7a para o \"bem\" ou \"mal\"<\/td>\r\n<td>L\u00f3gico<\/td>\r\n<\/tr>\r\n<tr>\r\n<td>09 - 52 - Concentra\u00e7\u00e3o<\/td>\r\n<td>Determina\u00e7\u00e3o<\/td>\r\n<td>L\u00f3gico<\/td>\r\n<\/tr>\r\n<tr>\r\n<td>10 - 20 \u2013 Despertar<\/td>\r\n<td>Compromisso com princ\u00edpios superiores<\/td>\r\n<td>Integra\u00e7\u00e3o<\/td>\r\n<\/tr>\r\n<tr>\r\n<td>10 - 34 - Explora\u00e7\u00e3o<\/td>\r\n<td>Seguindo as pr\u00f3prias convic\u00e7\u00f5es<\/td>\r\n<td>Centraliza\u00e7\u00e3o<\/td>\r\n<\/tr>\r\n<tr>\r\n<td>10 - 57 \u2013 Forma aperfei\u00e7oada<\/td>\r\n<td>Sobreviv\u00eancia<\/td>\r\n<td>Integra\u00e7\u00e3o<\/td>\r\n<\/tr>\r\n<tr>\r\n<td>11 - 56 - Curiosidade<\/td>\r\n<td>Um buscador<\/td>\r\n<td>Abstrato<\/td>\r\n<\/tr>\r\n<tr>\r\n<td>12 - 22 - Abertura<\/td>\r\n<td>Um ser social<\/td>\r\n<td>Individual<\/td>\r\n<\/tr>\r\n<tr>\r\n<td>13 - 33 \u2013 O pr\u00f3digo<\/td>\r\n<td>Uma testemunha<\/td>\r\n<td>Abstrato<\/td>\r\n<\/tr>\r\n<tr>\r\n<td>16 - 48 \u2013 O comprimento de onda<\/td>\r\n<td>Talento<\/td>\r\n<td>L\u00f3gico<\/td>\r\n<\/tr>\r\n<tr>\r\n<td>17 - 62 \u2013 Aceita\u00e7\u00e3o<\/td>\r\n<td>Um ser organizacional<\/td>\r\n<td>L\u00f3gico<\/td>\r\n<\/tr>\r\n<tr>\r\n<td>18 - 58 - Julgamento<\/td>\r\n<td>Insaci\u00e1vel<\/td>\r\n<td>L\u00f3gico<\/td>\r\n<\/tr>\r\n<tr>\r\n<td>19 - 49 \u2013 S\u00edntese<\/td>\r\n<td>Sensibilidade<\/td>\r\n<td>Tribal<\/td>\r\n<\/tr>\r\n<tr>\r\n<td>20 - 34 - Carisma<\/td>\r\n<td>Onde os pensamentos devem tornar-se escrituras<\/td>\r\n<td>Integra\u00e7\u00e3o<\/td>\r\n<\/tr>\r\n<tr>\r\n<td>20 - 57 \u2013 A onda cerebral<\/td>\r\n<td>Consci\u00eancia no agora<\/td>\r\n<td>Individual<\/td>\r\n<\/tr>\r\n<tr>\r\n<td>21 \u2013 45 \u2013 A linha do dinheiro<\/td>\r\n<td>Um materialista<\/td>\r\n<td>Tribal<\/td>\r\n<\/tr>\r\n<tr>\r\n<td>23 - 43 - Estrutura\u00e7\u00e3o<\/td>\r\n<td>Individualidade (G\u00eanio \u00e0 Louco)<\/td>\r\n<td>Individual<\/td>\r\n<\/tr>\r\n<tr>\r\n<td>24 - 61 - Sensibiliza\u00e7\u00e3o<\/td>\r\n<td>Um pensador<\/td>\r\n<td>Individual<\/td>\r\n<\/tr>\r\n<tr>\r\n<td>25 - 51 \u2013 Inicia\u00e7\u00e3o<\/td>\r\n<td>Precisando de ser o primeiro<\/td>\r\n<td>Centraliza\u00e7\u00e3o<\/td>\r\n<\/tr>\r\n<tr>\r\n<td>26 - 44 - Rendi\u00e7\u00e3o<\/td>\r\n<td>Um Transmissor<\/td>\r\n<td>Tribal<\/td>\r\n<\/tr>\r\n<tr>\r\n<td>27 - 50 - Preserva\u00e7\u00e3o<\/td>\r\n<td>Cust\u00f3dia<\/td>\r\n<td>Tribal<\/td>\r\n<\/tr>\r\n<tr>\r\n<td>28 \u2013 38 \u2013 Luta<\/td>\r\n<td>Teimosia<\/td>\r\n<td>Individual<\/td>\r\n<\/tr>\r\n<tr>\r\n<td>29 \u2013 46 \u2013 Descoberta<\/td>\r\n<td>Sucedendo onde os outros falham<\/td>\r\n<td>Abstrato<\/td>\r\n<\/tr>\r\n<tr>\r\n<td>30 - 41 - Reconhecimento<\/td>\r\n<td>Energia focada (sentimentos)<\/td>\r\n<td>Abstrato<\/td>\r\n<\/tr>\r\n<tr>\r\n<td>32 - 54 - Transforma\u00e7\u00e3o<\/td>\r\n<td>Ser conduzido<\/td>\r\n<td>Tribal<\/td>\r\n<\/tr>\r\n<tr>\r\n<td>34 - 57 - Pot\u00eancia<\/td>\r\n<td>Um arqu\u00e9tipo<\/td>\r\n<td>Integra\u00e7\u00e3o<\/td>\r\n<\/tr>\r\n<tr>\r\n<td>35 - 36 - Transitoriedade<\/td>\r\n<td>Um 'Valete de todas as trocas'<\/td>\r\n<td>Abstrato<\/td>\r\n<\/tr>\r\n<tr>\r\n<td>37 - 40 - Comunidade<\/td>\r\n<td>Uma parte \u00e0 procura de um todo<\/td>\r\n<td>Tribal<\/td>\r\n<\/tr>\r\n<tr>\r\n<td>39 - 55 - Emo\u00e7\u00f5es<\/td>\r\n<td>Mau humorado<\/td>\r\n<td>Individual<\/td>\r\n<\/tr>\r\n<tr>\r\n<td>42 - 53 - Matura\u00e7\u00e3o<\/td>\r\n<td>Desenvolvimento equilibrado (c\u00edclico)<\/td>\r\n<td>Abstrato<\/td>\r\n<\/tr>\r\n<tr>\r\n<td>47 - 64 - Abstra\u00e7\u00e3o<\/td>\r\n<td>Atividade mental misturada com clareza<\/td>\r\n<td>Abstrato<\/td>\r\n<\/tr>\r\n<\/tbody>\r\n<\/table>\r\n<\/div>\r\n<\/div>\r\n<\/div>\r\n<div class=\"r_content right mar_top\"><\/div>\r\n<div class=\"clear\"><\/div>\r\n<\/div>","protected":false},"excerpt":{"rendered":"<p>Casa \u00bb Centro De Informacoes \u00bb Design Humano \u2013 Os Canais de For\u00e7a Vital Design Humano \u2013 Os Canais de For\u00e7a Vital Canal e Nome Atributos de design Circuito 01 &#8211; 08 \u2013 Inspira\u00e7\u00e3o Um modelo de papel criativo Individual 02 &#8211; 14 \u2013 A batida O guardi\u00e3o das chaves Individual 03 &#8211; 60 &#8211;&hellip; <a class=\"more-link\" href=\"https:\/\/www.geneticmatrix.com\/pt-pt\/design-humano-os-canais-de-forca-vital\/\">Continue a ler <span class=\"screen-reader-text\">Design Humano \u2013 Os Canais de For\u00e7a Vital<\/span><\/a><\/p>\n","protected":false},"author":1,"featured_media":0,"parent":0,"menu_order":0,"comment_status":"closed","ping_status":"closed","template":"","meta":{"footnotes":""},"class_list":["post-12696","page","type-page","status-publish","hentry","entry"],"_links":{"self":[{"href":"https:\/\/www.geneticmatrix.com\/pt-pt\/wp-json\/wp\/v2\/pages\/12696","targetHints":{"allow":["GET"]}}],"collection":[{"href":"https:\/\/www.geneticmatrix.com\/pt-pt\/wp-json\/wp\/v2\/pages"}],"about":[{"href":"https:\/\/www.geneticmatrix.com\/pt-pt\/wp-json\/wp\/v2\/types\/page"}],"author":[{"embeddable":true,"href":"https:\/\/www.geneticmatrix.com\/pt-pt\/wp-json\/wp\/v2\/users\/1"}],"replies":[{"embeddable":true,"href":"https:\/\/www.geneticmatrix.com\/pt-pt\/wp-json\/wp\/v2\/comments?post=12696"}],"version-history":[{"count":0,"href":"https:\/\/www.geneticmatrix.com\/pt-pt\/wp-json\/wp\/v2\/pages\/12696\/revisions"}],"wp:attachment":[{"href":"https:\/\/www.geneticmatrix.com\/pt-pt\/wp-json\/wp\/v2\/media?parent=12696"}],"curies":[{"name":"wp","href":"https:\/\/api.w.org\/{rel}","templated":true}]}}