   
{"id":12544,"date":"2020-10-10T11:17:41","date_gmt":"2020-10-10T11:17:41","guid":{"rendered":"https:\/\/www.geneticmatrixtest.com\/?page_id=12544"},"modified":"2020-10-12T05:46:19","modified_gmt":"2020-10-12T05:46:19","slug":"perfil-2-4","status":"publish","type":"page","link":"https:\/\/www.geneticmatrix.com\/pt-pt\/perfil-2-4\/","title":{"rendered":"Perfil 2\/4"},"content":{"rendered":"<div id=\"content\">\r\n<div class=\"breadcam\"><a href=\"\/\">Casa<\/a> \u00bb <a href=\"\/pt-pt\/centro-de-informacoes\/\">Centro De Informacoes<\/a> \u00bb <a href=\"\/pt-pt\/os-12-perfis\/\">12 perfis <\/a> \u00bb Perfil 2\/4<\/div>\r\n<div class=\"l_content left mar_top\">\r\n<div class=\"services\">\r\n<h2>Perfil 2\/4<\/h2>\r\n<ul>\r\n \t<li>O perfil 2\/4 representa 14,26% da popula\u00e7\u00e3o<\/li>\r\n \t<li>Algumas das palavras relacionadas com o perfil 2\/4 s\u00e3o:<\/li>\r\n<\/ul>\r\n<h3>Personalidade Consciente<\/h3>\r\n<table class=\"personality\" border=\"1\" width=\"650\" cellspacing=\"0\" cellpadding=\"0\">\r\n<tbody>\r\n<tr>\r\n<td>Eremita<\/td>\r\n<td>Democr\u00e1tico<\/td>\r\n<td>Fan\u00e1tico<\/td>\r\n<\/tr>\r\n<tr>\r\n<td>Harmonia<\/td>\r\n<td>Nutridor\/Esgotador<\/td>\r\n<td>Talento natural<\/td>\r\n<\/tr>\r\n<tr>\r\n<td>Projetado no vis\u00edvel<\/td>\r\n<td>Em nega\u00e7\u00e3o<\/td>\r\n<td>A Chamada<\/td>\r\n<\/tr>\r\n<tr>\r\n<td>Sens\u00edvel\/reativo<\/td>\r\n<td>Projetando para fora<\/td>\r\n<td>Timidez\/ousadia<\/td>\r\n<\/tr>\r\n<\/tbody>\r\n<\/table>\r\n<h3>Design Inconsciente<\/h3>\r\n<table class=\"personality\" border=\"1\" width=\"650\" cellspacing=\"0\" cellpadding=\"0\">\r\n<tbody>\r\n<tr>\r\n<td>Oportunista<\/td>\r\n<td>Abdicador<\/td>\r\n<td>Criatividade na solid\u00e3o<\/td>\r\n<\/tr>\r\n<tr>\r\n<td>Fr\u00e1gil<\/td>\r\n<td>Benevol\u00eancia\/mal\u00edcia<\/td>\r\n<td>Rede pessoal<\/td>\r\n<\/tr>\r\n<tr>\r\n<td>Influ\u00eancia<\/td>\r\n<td>Externalizador<\/td>\r\n<td>Comunicativo<\/td>\r\n<\/tr>\r\n<tr>\r\n<td>Fixo<\/td>\r\n<td>Confidente\/n\u00e3o confidente<\/td>\r\n<td>Benfeitor\/dependente<\/td>\r\n<\/tr>\r\n<\/tbody>\r\n<\/table>\r\n<h3><a href=\"\/human-design-people-by-profile-2-4.html\">Outras pessoas com o perfil 2\/4<\/a><\/h3>\r\n<div class=\"personality_img\">\r\n<ul>\r\n \t<li><img src=\"https:\/\/www.geneticmatrix.com\/wp-content\/themes\/twentyten\/images\/people\/Lennon John - Picture.jpg\" alt=\"img\" width=\"115\" height=\"157\" \/><\/li>\r\n \t<li><img src=\"https:\/\/www.geneticmatrix.com\/wp-content\/themes\/twentyten\/images\/people\/Thurman Uma P.jpg\" alt=\"img\" width=\"115\" height=\"157\" \/><\/li>\r\n \t<li><img src=\"https:\/\/www.geneticmatrix.com\/wp-content\/themes\/twentyten\/images\/people\/Dali Salvador - Picture.jpg\" alt=\"img\" width=\"115\" height=\"157\" \/><\/li>\r\n \t<li><img src=\"https:\/\/www.geneticmatrix.com\/wp-content\/themes\/twentyten\/images\/people\/Taylor Elizabeth P.jpg\" alt=\"img\" width=\"115\" height=\"157\" \/><\/li>\r\n \t<li><img src=\"https:\/\/www.geneticmatrix.com\/wp-content\/themes\/twentyten\/images\/people\/Crowe Russell - Picture.jpg\" alt=\"img\" width=\"115\" height=\"157\" \/><\/li>\r\n \t<li><img src=\"https:\/\/www.geneticmatrix.com\/wp-content\/themes\/twentyten\/images\/people\/Liszt Franz P.jpg\" alt=\"img\" width=\"115\" height=\"157\" \/><\/li>\r\n \t<li><img src=\"https:\/\/www.geneticmatrix.com\/wp-content\/themes\/twentyten\/images\/people\/Connery Sean P.jpg\" alt=\"img\" width=\"115\" height=\"157\" \/><\/li>\r\n \t<li><img src=\"https:\/\/www.geneticmatrix.com\/wp-content\/themes\/twentyten\/images\/people\/Ellington Duke P.jpg\" alt=\"img\" width=\"115\" height=\"157\" \/><\/li>\r\n \t<li><img src=\"https:\/\/www.geneticmatrix.com\/wp-content\/themes\/twentyten\/images\/people\/Jung Carl-Gustav - Picture.jpg\" alt=\"img\" width=\"115\" height=\"157\" \/><\/li>\r\n<\/ul>\r\n<\/div>\r\n<\/div>\r\n<\/div>\r\n<div class=\"r_content right mar_top\"><\/div>\r\n<div class=\"clear\"><\/div>\r\n<\/div>","protected":false},"excerpt":{"rendered":"<p>Casa \u00bb Centro De Informacoes \u00bb 12 perfis \u00bb Perfil 2\/4 Perfil 2\/4 O perfil 2\/4 representa 14,26% da popula\u00e7\u00e3o Algumas das palavras relacionadas com o perfil 2\/4 s\u00e3o: Personalidade Consciente Eremita Democr\u00e1tico Fan\u00e1tico Harmonia Nutridor\/Esgotador Talento natural Projetado no vis\u00edvel Em nega\u00e7\u00e3o A Chamada Sens\u00edvel\/reativo Projetando para fora Timidez\/ousadia Design Inconsciente Oportunista Abdicador Criatividade&hellip; <a class=\"more-link\" href=\"https:\/\/www.geneticmatrix.com\/pt-pt\/perfil-2-4\/\">Continue a ler <span class=\"screen-reader-text\">Perfil 2\/4<\/span><\/a><\/p>\n","protected":false},"author":1,"featured_media":0,"parent":0,"menu_order":0,"comment_status":"closed","ping_status":"closed","template":"","meta":{"footnotes":""},"class_list":["post-12544","page","type-page","status-publish","hentry","entry"],"_links":{"self":[{"href":"https:\/\/www.geneticmatrix.com\/pt-pt\/wp-json\/wp\/v2\/pages\/12544","targetHints":{"allow":["GET"]}}],"collection":[{"href":"https:\/\/www.geneticmatrix.com\/pt-pt\/wp-json\/wp\/v2\/pages"}],"about":[{"href":"https:\/\/www.geneticmatrix.com\/pt-pt\/wp-json\/wp\/v2\/types\/page"}],"author":[{"embeddable":true,"href":"https:\/\/www.geneticmatrix.com\/pt-pt\/wp-json\/wp\/v2\/users\/1"}],"replies":[{"embeddable":true,"href":"https:\/\/www.geneticmatrix.com\/pt-pt\/wp-json\/wp\/v2\/comments?post=12544"}],"version-history":[{"count":0,"href":"https:\/\/www.geneticmatrix.com\/pt-pt\/wp-json\/wp\/v2\/pages\/12544\/revisions"}],"wp:attachment":[{"href":"https:\/\/www.geneticmatrix.com\/pt-pt\/wp-json\/wp\/v2\/media?parent=12544"}],"curies":[{"name":"wp","href":"https:\/\/api.w.org\/{rel}","templated":true}]}}