   
{"id":12541,"date":"2020-10-10T10:58:54","date_gmt":"2020-10-10T10:58:54","guid":{"rendered":"https:\/\/www.geneticmatrixtest.com\/?page_id=12541"},"modified":"2020-10-12T05:44:34","modified_gmt":"2020-10-12T05:44:34","slug":"perfil-1-4","status":"publish","type":"page","link":"https:\/\/www.geneticmatrix.com\/pt-pt\/perfil-1-4\/","title":{"rendered":"Perfil 1\/4"},"content":{"rendered":"<div id=\"content\">\r\n<div class=\"breadcam\"><a href=\"\/\">Casa<\/a> \u00bb <a href=\"\/pt-pt\/centro-de-informacoes\/\">Centro De Informacoes<\/a> \u00bb <a href=\"\/pt-pt\/os-12-perfis\/\">12 perfis <\/a> \u00bb Perfil 1\/4<\/div>\r\n<div class=\"l_content left mar_top\">\r\n<div class=\"services\">\r\n<h2>Perfil 1\/4<\/h2>\r\n<ul>\r\n \t<li>O perfil 1\/4 representa 2,23% da popula\u00e7\u00e3o<\/li>\r\n \t<li>Algumas das palavras relacionadas com o perfil 1\/4 s\u00e3o:<\/li>\r\n<\/ul>\r\n<h3>Personalidade Consciente<\/h3>\r\n<table class=\"personality\" border=\"1\" width=\"650\" cellspacing=\"0\" cellpadding=\"0\">\r\n<tbody>\r\n<tr>\r\n<td>Investigador<\/td>\r\n<td>Autorit\u00e1rio<\/td>\r\n<td>Introspe\u00e7\u00e3o<\/td>\r\n<\/tr>\r\n<tr>\r\n<td>Subjetivo<\/td>\r\n<td>Inseguro<\/td>\r\n<td>Fundamental<\/td>\r\n<\/tr>\r\n<tr>\r\n<td>Especializa\u00e7\u00e3o<\/td>\r\n<td>Empatia<\/td>\r\n<td>Estudo\/an\u00e1lise<\/td>\r\n<\/tr>\r\n<tr>\r\n<td>Criatividade pura<\/td>\r\n<td>Egocentrismo<\/td>\r\n<td>Perseguidor\/Perseguido<\/td>\r\n<\/tr>\r\n<\/tbody>\r\n<\/table>\r\n<h3>Design Inconsciente<\/h3>\r\n<table class=\"personality\" border=\"1\" width=\"650\" cellspacing=\"0\" cellpadding=\"0\">\r\n<tbody>\r\n<tr>\r\n<td>Oportunista<\/td>\r\n<td>Abdicador<\/td>\r\n<td>Criatividade na solid\u00e3o<\/td>\r\n<\/tr>\r\n<tr>\r\n<td>Fr\u00e1gil<\/td>\r\n<td>Benevol\u00eancia\/mal\u00edcia<\/td>\r\n<td>Rede pessoal<\/td>\r\n<\/tr>\r\n<tr>\r\n<td>Influenciador<\/td>\r\n<td>Externalizador<\/td>\r\n<td>Comunicativo<\/td>\r\n<\/tr>\r\n<tr>\r\n<td>Fixo<\/td>\r\n<td>Confidente\/n\u00e3o confidente<\/td>\r\n<td>Benfeitor\/dependente<\/td>\r\n<\/tr>\r\n<\/tbody>\r\n<\/table>\r\n<h3><a href=\"\/human-design-people-by-profile-1-4.html\">Outras pessoas com o perfil de 1\/4<\/a><\/h3>\r\n<div class=\"personality_img\">\r\n<ul>\r\n \t<li><img src=\"https:\/\/www.geneticmatrix.com\/wp-content\/themes\/twentyten\/images\/people\/Einstein Albert Picture.jpg\" alt=\"img\" width=\"115\" height=\"157\" \/><\/li>\r\n \t<li><img src=\"https:\/\/www.geneticmatrix.com\/wp-content\/themes\/twentyten\/images\/people\/McGregor Ewan - Picture.jpg\" alt=\"img\" width=\"115\" height=\"157\" \/><\/li>\r\n \t<li><img src=\"https:\/\/www.geneticmatrix.com\/wp-content\/themes\/twentyten\/images\/people\/Young Loretta p.jpg\" alt=\"img\" width=\"115\" height=\"157\" \/><\/li>\r\n \t<li><img src=\"https:\/\/www.geneticmatrix.com\/wp-content\/themes\/twentyten\/images\/people\/Tanner Roscoe - Picture.JPG\" alt=\"img\" width=\"115\" height=\"157\" \/><\/li>\r\n \t<li><img src=\"https:\/\/www.geneticmatrix.com\/wp-content\/themes\/twentyten\/images\/people\/Ali Muhammad - Picture.jpg\" alt=\"img\" width=\"115\" height=\"157\" \/><\/li>\r\n \t<li><img src=\"https:\/\/www.geneticmatrix.com\/wp-content\/themes\/twentyten\/images\/people\/Vicious Sid - Picture.jpg\" alt=\"img\" width=\"115\" height=\"157\" \/><\/li>\r\n<\/ul>\r\n<\/div>\r\n<\/div>\r\n<\/div>\r\n<div class=\"r_content right mar_top\"><\/div>\r\n<div class=\"clear\"><\/div>\r\n<\/div>","protected":false},"excerpt":{"rendered":"<p>Casa \u00bb Centro De Informacoes \u00bb 12 perfis \u00bb Perfil 1\/4 Perfil 1\/4 O perfil 1\/4 representa 2,23% da popula\u00e7\u00e3o Algumas das palavras relacionadas com o perfil 1\/4 s\u00e3o: Personalidade Consciente Investigador Autorit\u00e1rio Introspe\u00e7\u00e3o Subjetivo Inseguro Fundamental Especializa\u00e7\u00e3o Empatia Estudo\/an\u00e1lise Criatividade pura Egocentrismo Perseguidor\/Perseguido Design Inconsciente Oportunista Abdicador Criatividade na solid\u00e3o Fr\u00e1gil Benevol\u00eancia\/mal\u00edcia Rede pessoal&hellip; <a class=\"more-link\" href=\"https:\/\/www.geneticmatrix.com\/pt-pt\/perfil-1-4\/\">Continue a ler <span class=\"screen-reader-text\">Perfil 1\/4<\/span><\/a><\/p>\n","protected":false},"author":1,"featured_media":0,"parent":0,"menu_order":0,"comment_status":"closed","ping_status":"closed","template":"","meta":{"footnotes":""},"class_list":["post-12541","page","type-page","status-publish","hentry","entry"],"_links":{"self":[{"href":"https:\/\/www.geneticmatrix.com\/pt-pt\/wp-json\/wp\/v2\/pages\/12541","targetHints":{"allow":["GET"]}}],"collection":[{"href":"https:\/\/www.geneticmatrix.com\/pt-pt\/wp-json\/wp\/v2\/pages"}],"about":[{"href":"https:\/\/www.geneticmatrix.com\/pt-pt\/wp-json\/wp\/v2\/types\/page"}],"author":[{"embeddable":true,"href":"https:\/\/www.geneticmatrix.com\/pt-pt\/wp-json\/wp\/v2\/users\/1"}],"replies":[{"embeddable":true,"href":"https:\/\/www.geneticmatrix.com\/pt-pt\/wp-json\/wp\/v2\/comments?post=12541"}],"version-history":[{"count":0,"href":"https:\/\/www.geneticmatrix.com\/pt-pt\/wp-json\/wp\/v2\/pages\/12541\/revisions"}],"wp:attachment":[{"href":"https:\/\/www.geneticmatrix.com\/pt-pt\/wp-json\/wp\/v2\/media?parent=12541"}],"curies":[{"name":"wp","href":"https:\/\/api.w.org\/{rel}","templated":true}]}}