   
{"id":12528,"date":"2020-10-10T07:17:23","date_gmt":"2020-10-10T07:17:23","guid":{"rendered":"https:\/\/www.geneticmatrixtest.com\/?page_id=12528"},"modified":"2020-10-10T07:17:23","modified_gmt":"2020-10-10T07:17:23","slug":"design-humano-nomes-cruzados-de-encarnacao-de-justaposicao","status":"publish","type":"page","link":"https:\/\/www.geneticmatrix.com\/pt-pt\/design-humano-nomes-cruzados-de-encarnacao-de-justaposicao\/","title":{"rendered":"Design Humano \u2013 Nomes Cruzados de Encarna\u00e7\u00e3o de Justaposi\u00e7\u00e3o"},"content":{"rendered":"<div id=\"content\">\r\n<div class=\"test_page\">\r\n<div class=\"breadcam\"><a href=\"\/\">Casa<\/a> \u00bb <a href=\"https:\/\/www.geneticmatrix.com\/pt-pt\/centro-de-informacoes\/\">Centro De Informacoes<\/a> \u00bb<a href=\"https:\/\/www.geneticmatrix.com\/pt-pt\/casa-do-usuario\/\">Encarna\u00e7\u00e3o-Cruzes<\/a> \u00bb Design Humano \u2013 Nomes Cruzados de Encarna\u00e7\u00e3o de Justaposi\u00e7\u00e3o<\/div>\r\n<\/div>\r\n<div class=\"l_content left mar_top\">\r\n<div class=\"services\">\r\n<h3><strong>Design Humano \u2013 Nomes Cruzados de Encarna\u00e7\u00e3o de Justaposi\u00e7\u00e3o<\/strong><\/h3>\r\n<table class=\"personality\" border=\"1\" width=\"700\" cellspacing=\"0\" cellpadding=\"0\">\r\n<tbody>\r\n<tr>\r\n<td bgcolor=\"#D6D6D6\"><strong>Quarto de Inicia\u00e7\u00e3o<\/strong><\/td>\r\n<td bgcolor=\"#D6D6D6\"><strong>Quarto da Civiliza\u00e7\u00e3o<\/strong><\/td>\r\n<\/tr>\r\n<tr>\r\n<td>Cruz de Justaposi\u00e7\u00e3o de Escuta<\/td>\r\n<td>Cruz de Justaposi\u00e7\u00e3o do Motorista<\/td>\r\n<\/tr>\r\n<tr>\r\n<td>Cruz de Justaposi\u00e7\u00e3o dos Princ\u00edpios<\/td>\r\n<td>Cruz de Justaposi\u00e7\u00e3o de Assimila\u00e7\u00e3o<\/td>\r\n<\/tr>\r\n<tr>\r\n<td>Cruz de Justaposi\u00e7\u00e3o dos Destinos<\/td>\r\n<td>Cruz de Justaposi\u00e7\u00e3o da Contribui\u00e7\u00e3o<\/td>\r\n<\/tr>\r\n<tr>\r\n<td>Cruz de Justaposi\u00e7\u00e3o dos Humores<\/td>\r\n<td>Cruz de Justaposi\u00e7\u00e3o do Agora<\/td>\r\n<\/tr>\r\n<tr>\r\n<td>Cruz de Justaposi\u00e7\u00e3o das Barganhas<\/td>\r\n<td>Cruz de Justaposi\u00e7\u00e3o da Experimenta\u00e7\u00e3o<\/td>\r\n<\/tr>\r\n<tr>\r\n<td>Cruz de Justaposi\u00e7\u00e3o das D\u00favidas<\/td>\r\n<td>Cruz de Justaposi\u00e7\u00e3o da Experi\u00eancia<\/td>\r\n<\/tr>\r\n<tr>\r\n<td>Cruz de Justaposi\u00e7\u00e3o da Gra\u00e7a<\/td>\r\n<td>Cruz de Justaposi\u00e7\u00e3o de Posse<\/td>\r\n<\/tr>\r\n<tr>\r\n<td>Cruz de Justaposi\u00e7\u00e3o da Crise<\/td>\r\n<td>Cruz de Justaposi\u00e7\u00e3o da Articula\u00e7\u00e3o<\/td>\r\n<\/tr>\r\n<tr>\r\n<td>Cruz de Justaposi\u00e7\u00e3o de Inoc\u00eancia<\/td>\r\n<td>Cruz de Justaposi\u00e7\u00e3o dos Extremos<\/td>\r\n<\/tr>\r\n<tr>\r\n<td>Cruz de Justaposi\u00e7\u00e3o das Opini\u00f5es<\/td>\r\n<td>Cruz de Justaposi\u00e7\u00e3o de Quietude<\/td>\r\n<\/tr>\r\n<tr>\r\n<td>Cruz de Justaposi\u00e7\u00e3o do Controle<\/td>\r\n<td>Cruz de Justaposi\u00e7\u00e3o da Provoca\u00e7\u00e3o<\/td>\r\n<\/tr>\r\n<tr>\r\n<td>Cruz de Justaposi\u00e7\u00e3o do Choque<\/td>\r\n<td>Cruz de Justaposi\u00e7\u00e3o dos Come\u00e7os<\/td>\r\n<\/tr>\r\n<tr>\r\n<td>Cruz de Justaposi\u00e7\u00e3o da Conclus\u00e3o<\/td>\r\n<td>Cruz de Justaposi\u00e7\u00e3o do Detalhe<\/td>\r\n<\/tr>\r\n<tr>\r\n<td>Cruz de Justaposi\u00e7\u00e3o da Muta\u00e7\u00e3o<\/td>\r\n<td>Cruz de Justaposi\u00e7\u00e3o da Estimula\u00e7\u00e3o<\/td>\r\n<\/tr>\r\n<tr>\r\n<td>Cruz de Justaposi\u00e7\u00e3o do Cuidado<\/td>\r\n<td>Cruz de Justaposi\u00e7\u00e3o da Influ\u00eancia<\/td>\r\n<\/tr>\r\n<tr>\r\n<td>Cruz de Justaposi\u00e7\u00e3o de Racionaliza\u00e7\u00e3o<\/td>\r\n<td>Cruz de Justaposi\u00e7\u00e3o do Recuo<\/td>\r\n<\/tr>\r\n<\/tbody>\r\n<\/table>\r\n<table class=\"personality tab_mar\" border=\"1\" width=\"700\" cellspacing=\"0\" cellpadding=\"0\">\r\n<tbody>\r\n<tr>\r\n<td bgcolor=\"#D6D6D6\"><strong>Quarto de Dualidade<\/strong><\/td>\r\n<td bgcolor=\"#D6D6D6\"><strong>Quarto de Muta\u00e7\u00e3o<\/strong><\/td>\r\n<\/tr>\r\n<tr>\r\n<td>Cruz de Justaposi\u00e7\u00e3o da Intera\u00e7\u00e3o<\/td>\r\n<td>Cruz de Justaposi\u00e7\u00e3o da Autoexpress\u00e3o<\/td>\r\n<\/tr>\r\n<tr>\r\n<td>Cruz de Justaposi\u00e7\u00e3o da Formula\u00e7\u00e3o<\/td>\r\n<td>Cruz de Justaposi\u00e7\u00e3o da Intui\u00e7\u00e3o<\/td>\r\n<\/tr>\r\n<tr>\r\n<td>Cruz de Justaposi\u00e7\u00e3o do Compromisso<\/td>\r\n<td>Cruz de Justaposi\u00e7\u00e3o da Capacita\u00e7\u00e3o<\/td>\r\n<\/tr>\r\n<tr>\r\n<td>Cruz de Justaposi\u00e7\u00e3o da Estrat\u00e9gia<\/td>\r\n<td>Cruz de Justaposi\u00e7\u00e3o do Poder<\/td>\r\n<\/tr>\r\n<tr>\r\n<td>Cruz de Justaposi\u00e7\u00e3o da Nega\u00e7\u00e3o<\/td>\r\n<td>Cruz de Justaposi\u00e7\u00e3o do Foco<\/td>\r\n<\/tr>\r\n<tr>\r\n<td>Cruz de Justaposi\u00e7\u00e3o da Confus\u00e3o<\/td>\r\n<td>Cruz de Justaposi\u00e7\u00e3o de H\u00e1bitos<\/td>\r\n<\/tr>\r\n<tr>\r\n<td>Cruz de Justaposi\u00e7\u00e3o da Opress\u00e3o<\/td>\r\n<td>Cruz de Justaposi\u00e7\u00e3o do Malandro<\/td>\r\n<\/tr>\r\n<tr>\r\n<td>Cruz de Justaposi\u00e7\u00e3o do Conflito<\/td>\r\n<td>Cruz de Justaposi\u00e7\u00e3o de Ideias<\/td>\r\n<\/tr>\r\n<tr>\r\n<td>Cruz de Justaposi\u00e7\u00e3o de Serendipidade<\/td>\r\n<td>Cruz de Justaposi\u00e7\u00e3o do Comportamento<\/td>\r\n<\/tr>\r\n<tr>\r\n<td>Cruz de Justaposi\u00e7\u00e3o da Corre\u00e7\u00e3o<\/td>\r\n<td>Cruz de Justaposi\u00e7\u00e3o da Vitalidade<\/td>\r\n<\/tr>\r\n<tr>\r\n<td>Cruz de Justaposi\u00e7\u00e3o da Profundidade<\/td>\r\n<td>Cruz de Justaposi\u00e7\u00e3o da Oposi\u00e7\u00e3o<\/td>\r\n<\/tr>\r\n<tr>\r\n<td>Cruz de Justaposi\u00e7\u00e3o da Intui\u00e7\u00e3o<\/td>\r\n<td>Cruz de Justaposi\u00e7\u00e3o da Ambi\u00e7\u00e3o<\/td>\r\n<\/tr>\r\n<tr>\r\n<td>Cruz de Justaposi\u00e7\u00e3o da Conserva\u00e7\u00e3o<\/td>\r\n<td>Cruz de Justaposi\u00e7\u00e3o do Pensamento<\/td>\r\n<\/tr>\r\n<tr>\r\n<td>Cruz de Justaposi\u00e7\u00e3o dos Valores<\/td>\r\n<td>Cruz de Justaposi\u00e7\u00e3o da Limita\u00e7\u00e3o<\/td>\r\n<\/tr>\r\n<tr>\r\n<td>Cruz de Justaposi\u00e7\u00e3o dos Riscos<\/td>\r\n<td>Cruz de Justaposi\u00e7\u00e3o da Fantasia<\/td>\r\n<\/tr>\r\n<tr>\r\n<td>Cruz de Justaposi\u00e7\u00e3o da Prontid\u00e3o<\/td>\r\n<td>Cruz de Justaposi\u00e7\u00e3o da Necessidade<\/td>\r\n<\/tr>\r\n<\/tbody>\r\n<\/table>\r\n<\/div>\r\n<\/div>\r\n<div class=\"r_content right mar_top\"><\/div>\r\n<div class=\"clear\"><\/div>\r\n<\/div>","protected":false},"excerpt":{"rendered":"<p>Casa \u00bb Centro De Informacoes \u00bbEncarna\u00e7\u00e3o-Cruzes \u00bb Design Humano \u2013 Nomes Cruzados de Encarna\u00e7\u00e3o de Justaposi\u00e7\u00e3o Design Humano \u2013 Nomes Cruzados de Encarna\u00e7\u00e3o de Justaposi\u00e7\u00e3o Quarto de Inicia\u00e7\u00e3o Quarto da Civiliza\u00e7\u00e3o Cruz de Justaposi\u00e7\u00e3o de Escuta Cruz de Justaposi\u00e7\u00e3o do Motorista Cruz de Justaposi\u00e7\u00e3o dos Princ\u00edpios Cruz de Justaposi\u00e7\u00e3o de Assimila\u00e7\u00e3o Cruz de Justaposi\u00e7\u00e3o dos&hellip; <a class=\"more-link\" href=\"https:\/\/www.geneticmatrix.com\/pt-pt\/design-humano-nomes-cruzados-de-encarnacao-de-justaposicao\/\">Continue a ler <span class=\"screen-reader-text\">Design Humano \u2013 Nomes Cruzados de Encarna\u00e7\u00e3o de Justaposi\u00e7\u00e3o<\/span><\/a><\/p>\n","protected":false},"author":1,"featured_media":0,"parent":0,"menu_order":0,"comment_status":"closed","ping_status":"closed","template":"","meta":{"footnotes":""},"class_list":["post-12528","page","type-page","status-publish","hentry","entry"],"_links":{"self":[{"href":"https:\/\/www.geneticmatrix.com\/pt-pt\/wp-json\/wp\/v2\/pages\/12528","targetHints":{"allow":["GET"]}}],"collection":[{"href":"https:\/\/www.geneticmatrix.com\/pt-pt\/wp-json\/wp\/v2\/pages"}],"about":[{"href":"https:\/\/www.geneticmatrix.com\/pt-pt\/wp-json\/wp\/v2\/types\/page"}],"author":[{"embeddable":true,"href":"https:\/\/www.geneticmatrix.com\/pt-pt\/wp-json\/wp\/v2\/users\/1"}],"replies":[{"embeddable":true,"href":"https:\/\/www.geneticmatrix.com\/pt-pt\/wp-json\/wp\/v2\/comments?post=12528"}],"version-history":[{"count":0,"href":"https:\/\/www.geneticmatrix.com\/pt-pt\/wp-json\/wp\/v2\/pages\/12528\/revisions"}],"wp:attachment":[{"href":"https:\/\/www.geneticmatrix.com\/pt-pt\/wp-json\/wp\/v2\/media?parent=12528"}],"curies":[{"name":"wp","href":"https:\/\/api.w.org\/{rel}","templated":true}]}}