   
{"id":12506,"date":"2020-10-08T13:06:33","date_gmt":"2020-10-08T13:06:33","guid":{"rendered":"https:\/\/www.geneticmatrixtest.com\/?page_id=12506"},"modified":"2020-10-08T13:08:20","modified_gmt":"2020-10-08T13:08:20","slug":"design-humano-centro-g-do-ser","status":"publish","type":"page","link":"https:\/\/www.geneticmatrix.com\/pt-pt\/design-humano-centro-g-do-ser\/","title":{"rendered":"Design Humano \u2013 Centro (G) do Ser"},"content":{"rendered":"<div id=\"content\">\r\n<div class=\"test_page\">\r\n<div class=\"breadcam\"><a href=\"\/\">Home<\/a> \u00bb <a href=\"\/pt-pt\/centro-de-informacoes\/\">Centro De Informacoes<\/a> \u00bb<a href=\"\/pt-pt\/os-9-centros\/\">9 centros<\/a> \u00bb Design Humano \u2013 Centro (G) do Ser<\/div>\r\n<\/div>\r\n<div class=\"l_content left mar_top\">\r\n<div class=\"services\">\r\n<h3><strong>Design Humano \u2013 Centro (G) do Ser<\/strong><\/h3>\r\n<ul>\r\n \t<li>O Centro G \u00e9 a casa do Monop\u00f3lio Magn\u00e9tico<\/li>\r\n \t<li>O Monop\u00f3lio Magn\u00e9tico \u00e9 o \"Condutor\" do nosso corpo<\/li>\r\n<\/ul>\r\n<div><a href=\"https:\/\/www.geneticmatrix.com\/wp-content\/uploads\/2020\/07\/G-Center-Image.jpg\"><img class=\"alignnone wp-image-12507 size-medium\" src=\"https:\/\/www.geneticmatrixtest.com\/wp-content\/uploads\/2020\/03\/user-36844-247x300.png\" alt=\"\" width=\"279\" height=\"300\" \/><\/a><\/div>\r\n<!--\r\n<div class=\"gcen right\">Passe o mouse sobre as imagens<\/div>\r\n-->\r\n<div class=\"clear\"><\/div>\r\n<div class=\"services\">\r\n<div class=\"right gall_sys\">\r\n<h3>A Biologia<\/h3>\r\n<ul>\r\n \t<li>Quatro das oito portas do Centro G fazem parte de Circuitos Coletivos \u2013 L\u00f3gico (7, 15) Abstrato (13, 46).<\/li>\r\n \t<li>Duas das oito portas do Centro G fazem parte do Circuito Individual (1, 2).<\/li>\r\n \t<li>Uma das oito portas do Centro G tem uma dupla fun\u00e7\u00e3o (10). Dependendo das portas ativas que o ligam, a 10\u00ba porta faz parte do Circuito Central e da Rede de Integra\u00e7\u00e3o.<\/li>\r\n \t<li>O <a href=\"https:\/\/en.wikipedia.org\/wiki\/Liver\" target=\"_new\" rel=\"noopener noreferrer\">F\u00edgado<\/a>\u00e9 um \u00f3rg\u00e3o extremamente complexo e vital que \u00e9 respons\u00e1vel por limpar toxinas do nosso corpo.<\/li>\r\n \t<li>O f\u00edgado tamb\u00e9m \u00e9 respons\u00e1vel pelo processamento e modificar dos nutrientes absorvidos que precisamos para a nossa sobreviv\u00eancia (<a href=\"https:\/\/en.wikipedia.org\/wiki\/Proteins\" target=\"_new\" rel=\"noopener noreferrer\">prote\u00ednas<\/a>, <a href=\"https:\/\/en.wikipedia.org\/wiki\/Fat\" target=\"_new\" rel=\"noopener noreferrer\">gorduras<\/a>, <a href=\"https:\/\/en.wikipedia.org\/wiki\/Carbohydrates\" target=\"_new\" rel=\"noopener noreferrer\">carboidratos<\/a>, <a href=\"https:\/\/en.wikipedia.org\/wiki\/Steroid_hormones\" target=\"_new\" rel=\"noopener noreferrer\">horm\u00f4nios ester\u00f3ides,<\/a>, <a href=\"https:\/\/en.wikipedia.org\/wiki\/Antibodies\" target=\"_new\" rel=\"noopener noreferrer\">anticorpos<\/a> e <a href=\"https:\/\/en.wikipedia.org\/wiki\/Bile\" target=\"_new\" rel=\"noopener noreferrer\">b\u00edle.(b\u00edlis).<\/a> (gall).<\/li>\r\n \t<li>O <a href=\"https:\/\/en.wikipedia.org\/wiki\/Blood\" target=\"_new\" rel=\"noopener noreferrer\">sangue<\/a> \u00e9 um fluido corporal especializado que entrega subst\u00e2ncias necess\u00e1rias \u00e0s do corpo. <a href=\"https:\/\/en.wikipedia.org\/wiki\/Cell_%28biology%29\" target=\"_new\" rel=\"noopener noreferrer\">c\u00e9lulas<\/a>.<\/li>\r\n<\/ul>\r\n<\/div>\r\n<div class=\"clear\"><\/div>\r\n<h3>Apenas algumas das palavras-chave associadas ao Centro G e suas Portas s\u00e3o: <a href=\"\/human-design-gates\/\">Gates<\/a> are:<\/h3>\r\n<table class=\"personality\" border=\"1\" width=\"650\" cellspacing=\"0\" cellpadding=\"0\">\r\n<tbody>\r\n<tr>\r\n<td>A casa do monop\u00f3lio magn\u00e9tico<\/td>\r\n<td>As portas 10, 15, 25 e 46 s\u00e3o todas portas de amor.<\/td>\r\n<td>Identidade<\/td>\r\n<\/tr>\r\n<tr>\r\n<td>Ser<\/td>\r\n<td>Inicia\u00e7\u00e3o<\/td>\r\n<td>Lideran\u00e7a<\/td>\r\n<\/tr>\r\n<tr>\r\n<td>Criatividade<\/td>\r\n<td>Tema da 13\u00aa porta<\/td>\r\n<td>Reflex\u00e3o<\/td>\r\n<\/tr>\r\n<tr>\r\n<td>Inoc\u00eancia<\/td>\r\n<td>Determina\u00e7\u00e3o<\/td>\r\n<td>Recetividade<\/td>\r\n<\/tr>\r\n<tr>\r\n<td>Condutor<\/td>\r\n<td>Desafio<\/td>\r\n<td>Extremos<\/td>\r\n<\/tr>\r\n<tr>\r\n<td>Mudan\u00e7a de Ritmos<\/td>\r\n<td>15\u00aa Porta<\/td>\r\n<td>Comportamento<\/td>\r\n<\/tr>\r\n<\/tbody>\r\n<\/table>\r\n<\/div>\r\n<\/div>\r\n<\/div>\r\n<div class=\"r_content right mar_top\"><\/div>\r\n<div class=\"clear\"><\/div>\r\n<\/div>","protected":false},"excerpt":{"rendered":"<p>Home \u00bb Centro De Informacoes \u00bb9 centros \u00bb Design Humano \u2013 Centro (G) do Ser Design Humano \u2013 Centro (G) do Ser O Centro G \u00e9 a casa do Monop\u00f3lio Magn\u00e9tico O Monop\u00f3lio Magn\u00e9tico \u00e9 o &#8220;Condutor&#8221; do nosso corpo A Biologia Quatro das oito portas do Centro G fazem parte de Circuitos Coletivos \u2013&hellip; <a class=\"more-link\" href=\"https:\/\/www.geneticmatrix.com\/pt-pt\/design-humano-centro-g-do-ser\/\">Continue a ler <span class=\"screen-reader-text\">Design Humano \u2013 Centro (G) do Ser<\/span><\/a><\/p>\n","protected":false},"author":1,"featured_media":0,"parent":0,"menu_order":0,"comment_status":"closed","ping_status":"closed","template":"","meta":{"footnotes":""},"class_list":["post-12506","page","type-page","status-publish","hentry","entry"],"_links":{"self":[{"href":"https:\/\/www.geneticmatrix.com\/pt-pt\/wp-json\/wp\/v2\/pages\/12506","targetHints":{"allow":["GET"]}}],"collection":[{"href":"https:\/\/www.geneticmatrix.com\/pt-pt\/wp-json\/wp\/v2\/pages"}],"about":[{"href":"https:\/\/www.geneticmatrix.com\/pt-pt\/wp-json\/wp\/v2\/types\/page"}],"author":[{"embeddable":true,"href":"https:\/\/www.geneticmatrix.com\/pt-pt\/wp-json\/wp\/v2\/users\/1"}],"replies":[{"embeddable":true,"href":"https:\/\/www.geneticmatrix.com\/pt-pt\/wp-json\/wp\/v2\/comments?post=12506"}],"version-history":[{"count":0,"href":"https:\/\/www.geneticmatrix.com\/pt-pt\/wp-json\/wp\/v2\/pages\/12506\/revisions"}],"wp:attachment":[{"href":"https:\/\/www.geneticmatrix.com\/pt-pt\/wp-json\/wp\/v2\/media?parent=12506"}],"curies":[{"name":"wp","href":"https:\/\/api.w.org\/{rel}","templated":true}]}}