   
{"id":12500,"date":"2020-10-08T11:12:10","date_gmt":"2020-10-08T11:12:10","guid":{"rendered":"https:\/\/www.geneticmatrixtest.com\/?page_id=12500"},"modified":"2020-10-08T11:29:27","modified_gmt":"2020-10-08T11:29:27","slug":"design-humano-centro-garganta","status":"publish","type":"page","link":"https:\/\/www.geneticmatrix.com\/pt-pt\/design-humano-centro-garganta\/","title":{"rendered":"Design Humano \u2013 Centro Garganta"},"content":{"rendered":"<div id=\"content\">\r\n<div class=\"test_page\">\r\n<div class=\"breadcam\"><a href=\"\/\">Home<\/a> \u00bb <a href=\"\/pt-pt\/centro-de-informacoes\/\">Centro De Informacoes<\/a> \u00bb<a href=\"\/pt-pt\/os-9-centros\/\">9 centros<\/a> \u00bb Design Humano \u2013 Centro Garganta<\/div>\r\n<\/div>\r\n<div class=\"l_content left mar_top\">\r\n<div class=\"services\">\r\n<h3><strong>Design Humano \u2013 Centro Garganta<\/strong><\/h3>\r\n<ul>\r\n \t<li>O Centro Garganta \u00e9 um Centro Manifestante<\/li>\r\n<\/ul>\r\n<div><a href=\"https:\/\/www.geneticmatrix.com\/wp-content\/uploads\/2020\/07\/Throat-Center-Image.jpg\"><img class=\"alignnone wp-image-12502 size-medium\" src=\"https:\/\/www.geneticmatrix.com\/wp-content\/uploads\/2020\/07\/Throat-Center-Image-263x300.jpg\" alt=\"\" width=\"263\" height=\"300\" \/><\/a><\/div>\r\n<!--\r\n<div class=\"throat right\">Passe o mouse sobre as imagens<\/div>\r\n-->\r\n<div class=\"clear\"><\/div>\r\n<div class=\"services\">\r\n<div class=\"right gall_sys\">\r\n<h3>A Biologia<\/h3>\r\n<ul>\r\n \t<li>Seis das sete portas no Centro Garganta fazem parte do Circuito Coletivo (16, 31, 33, 35, 56, 62).<\/li>\r\n \t<li>Tr\u00eas das sete portas no Centro Garganta fazem parte do Circuito Individual (8,12, 23).<\/li>\r\n \t<li>Uma das sete portas no Centro Garganta faz parte do Circuito Tribal (45)<\/li>\r\n \t<li>Uma das sete portas no Centro Garganta n\u00e3o faz parte de nenhum circuito (20). Faz parte do Circuito de Integra\u00e7\u00e3o.<\/li>\r\n \t<li>A <a href=\"http:\/\/en.wikipedia.org\/wiki\/Thyroid_gland\" target=\"_new\" rel=\"noopener noreferrer\">Gl\u00e2ndula Tireoide<\/a>e as<a href=\"http:\/\/en.wikipedia.org\/wiki\/Parathyroid_gland\" target=\"_new\" rel=\"noopener noreferrer\">Gl\u00e2ndulas Paratireoides<\/a> no Centro Garganta controlam o nosso <a href=\"http:\/\/en.wikipedia.org\/wiki\/Metabolism\" target=\"_new\" rel=\"noopener noreferrer\">metabolismo<\/a> e processos metam\u00f3rficos.<\/li>\r\n<\/ul>\r\n<\/div>\r\n<div class=\"clear\"><\/div>\r\n<h3>Algumas das palavras-chave associadas ao Centro Garganta e suas Portas s\u00e3o: <a href=\"&lt;?php echo site_url(); ?&gt;\/human-design-gates\/\">Gates<\/a> are:<\/h3>\r\n<table class=\"personality\" border=\"1\" width=\"650\" cellspacing=\"0\" cellpadding=\"0\">\r\n<tbody>\r\n<tr>\r\n<td>Manifesta\u00e7\u00e3o<\/td>\r\n<td>Talentos identificados<\/td>\r\n<td>Planejar<\/td>\r\n<\/tr>\r\n<tr>\r\n<td>Experimenta\u00e7\u00e3o<\/td>\r\n<td>Detalhes<\/td>\r\n<td>Etiquetas<\/td>\r\n<\/tr>\r\n<tr>\r\n<td>Organiza\u00e7\u00e3o<\/td>\r\n<td>Explica\u00e7\u00e3o<\/td>\r\n<td>Dedica\u00e7\u00e3o<\/td>\r\n<\/tr>\r\n<tr>\r\n<td>Assimila\u00e7\u00e3o<\/td>\r\n<td>Estimula\u00e7\u00e3o<\/td>\r\n<td>Distra\u00e7\u00e3o<\/td>\r\n<\/tr>\r\n<tr>\r\n<td>Express\u00e3o<\/td>\r\n<td>Mudan\u00e7a<\/td>\r\n<td>Progresso<\/td>\r\n<\/tr>\r\n<tr>\r\n<td>Experiencial<\/td>\r\n<td>Deten\u00e7\u00e3o<\/td>\r\n<td>Educa\u00e7\u00e3o<\/td>\r\n<\/tr>\r\n<tr>\r\n<td>Articula\u00e7\u00e3o<\/td>\r\n<td>Sil\u00eancio<\/td>\r\n<td>Dirigente<\/td>\r\n<\/tr>\r\n<tr>\r\n<td>Possess\u00e3o<\/td>\r\n<td>Privacidade<\/td>\r\n<td>Explica\u00e7\u00e3o<\/td>\r\n<\/tr>\r\n<tr>\r\n<td>Solid\u00e3o<\/td>\r\n<td>Contribui\u00e7\u00e3o<\/td>\r\n<td>Lideran\u00e7a<\/td>\r\n<\/tr>\r\n<tr>\r\n<td>Existencialismo<\/td>\r\n<td>Promo\u00e7\u00e3o<\/td>\r\n<td>Saciedade<\/td>\r\n<\/tr>\r\n<\/tbody>\r\n<\/table>\r\n<\/div>\r\n<\/div>\r\n<\/div>\r\n<div class=\"r_content right mar_top\"><\/div>\r\n<div class=\"clear\"><\/div>\r\n<\/div>","protected":false},"excerpt":{"rendered":"<p>Home \u00bb Centro De Informacoes \u00bb9 centros \u00bb Design Humano \u2013 Centro Garganta Design Humano \u2013 Centro Garganta O Centro Garganta \u00e9 um Centro Manifestante A Biologia Seis das sete portas no Centro Garganta fazem parte do Circuito Coletivo (16, 31, 33, 35, 56, 62). Tr\u00eas das sete portas no Centro Garganta fazem parte do&hellip; <a class=\"more-link\" href=\"https:\/\/www.geneticmatrix.com\/pt-pt\/design-humano-centro-garganta\/\">Continue a ler <span class=\"screen-reader-text\">Design Humano \u2013 Centro Garganta<\/span><\/a><\/p>\n","protected":false},"author":1,"featured_media":0,"parent":0,"menu_order":0,"comment_status":"closed","ping_status":"closed","template":"","meta":{"footnotes":""},"class_list":["post-12500","page","type-page","status-publish","hentry","entry"],"_links":{"self":[{"href":"https:\/\/www.geneticmatrix.com\/pt-pt\/wp-json\/wp\/v2\/pages\/12500","targetHints":{"allow":["GET"]}}],"collection":[{"href":"https:\/\/www.geneticmatrix.com\/pt-pt\/wp-json\/wp\/v2\/pages"}],"about":[{"href":"https:\/\/www.geneticmatrix.com\/pt-pt\/wp-json\/wp\/v2\/types\/page"}],"author":[{"embeddable":true,"href":"https:\/\/www.geneticmatrix.com\/pt-pt\/wp-json\/wp\/v2\/users\/1"}],"replies":[{"embeddable":true,"href":"https:\/\/www.geneticmatrix.com\/pt-pt\/wp-json\/wp\/v2\/comments?post=12500"}],"version-history":[{"count":0,"href":"https:\/\/www.geneticmatrix.com\/pt-pt\/wp-json\/wp\/v2\/pages\/12500\/revisions"}],"wp:attachment":[{"href":"https:\/\/www.geneticmatrix.com\/pt-pt\/wp-json\/wp\/v2\/media?parent=12500"}],"curies":[{"name":"wp","href":"https:\/\/api.w.org\/{rel}","templated":true}]}}