   
{"id":12415,"date":"2020-10-07T07:41:07","date_gmt":"2020-10-07T07:41:07","guid":{"rendered":"https:\/\/www.geneticmatrixtest.com\/?page_id=12415"},"modified":"2021-03-24T12:43:54","modified_gmt":"2021-03-24T12:43:54","slug":"human-design-reflector","status":"publish","type":"page","link":"https:\/\/www.geneticmatrix.com\/pt-pt\/human-design-reflector\/","title":{"rendered":"Design Humano - Refletor"},"content":{"rendered":"<div id=\"content\">\r\n<div class=\"test_page\">\r\n<div class=\"breadcam\"><a href=\"\/\">Casa<\/a> \u00bb <a href=\"\/pt-pt\/centro-de-informacoes\/\">Centro De Informacoes<\/a> \u00bb<a href=\"\/pt-pt\/tipos-design-humano\/\">Tipos<\/a> \u00bb Design Humano - Refletor<\/div>\r\n<\/div>\r\n<div class=\"l_content left mar_top\">\r\n<div class=\"services\">\r\n<h3><strong>Design Humano - Refletor<\/strong><\/h3>\r\n<ul>\r\n \t<li style=\"list-style-type: none;\">\r\n<ul>\r\n \t<li>Os Refletores s\u00e3o 1% da popula\u00e7\u00e3o mundial.<\/li>\r\n \t<li>O Refletor deriva do seu nome a partir da natureza da sua aura refletiva.<\/li>\r\n<\/ul>\r\n<\/li>\r\n<\/ul>\r\n<a href=\"https:\/\/www.geneticmatrix.com\/wp-content\/uploads\/2012\/09\/Site-Reflector.png\"><img class=\"alignnone size-full wp-image-12446\" title=\"Human Design Reflector\" src=\"https:\/\/www.geneticmatrix.com\/wp-content\/uploads\/2012\/09\/Site-Reflector.png\" alt=\"\" width=\"557\" height=\"465\" \/><\/a>\r\n<ul>\r\n \t<li>A aura refletora resiste, prova e reflete outras auras<\/li>\r\n \t<li>O Refletor \u00e9 um observador s\u00e1bio da vida com um grande dom de ler outras pessoas.<\/li>\r\n \t<li>O Refletor deve esperar um ciclo lunar completo antes de tomar decis\u00f5es importantes para a sua vida.<\/li>\r\n \t<li>Os Refletores t\u00eam a oportunidade de ter uma vida m\u00edstica devido \u00e0 sua abertura.<\/li>\r\n \t<li>De grande import\u00e2ncia para os Refletores \u00e9 encontrar o ambiente perfeito para viver (abrigo, comunidade) e pessoas de apoio para viver.<\/li>\r\n \t<li>Os Refletores devem estar cientes dos tr\u00e2nsitos di\u00e1rios dos planetas para ver o efeito que tem sobre eles para aquele dia.<\/li>\r\n \t<li>O aspeto mais confi\u00e1vel do design do Refletor \u00e9 o seu Perfil e Cor Motivacional<\/li>\r\n \t<li>Outras pessoas ver\u00e3o sempre aspetos de si mesmos quando se encontram com um Refletor.<\/li>\r\n \t<li>Os Refletores n\u00e3o t\u00eam centros ativados no seu corpo<\/li>\r\n \t<li>Os Refletores refletem a energia e as emo\u00e7\u00f5es provenientes dos planetas em transi\u00e7\u00e3o e do seu ambiente.<\/li>\r\n \t<li>Os Refletores devem estar no centro da sua comunidade. Eles sabem exatamente quando uma comunidade est\u00e1 a funcionar corretamente e quando n\u00e3o est\u00e1.<\/li>\r\n<\/ul>\r\n<\/div>\r\n\r\n<hr \/>\r\n\r\n<div class=\"pure_gen_outer\">\r\n<div class=\"pure_generators left\">\r\n<h3>O Refletor em maior detalhe<\/h3>\r\nO Refletor tem um extraordin\u00e1rio Design Humano. Comp\u00f5em apenas 1% da popula\u00e7\u00e3o mundial e s\u00e3o totalmente diferentes da forma como os outros 99% dos seres humanos operam.\r\n\r\n&nbsp;\r\n\r\nOs Refletores n\u00e3o t\u00eam energia ou centros de sensibiliza\u00e7\u00e3o ligados e ativados \u00e0 nascen\u00e7a. Todos o Centro do seu design \u00e9 completamente branco. Como resultado, eles emitem uma ilus\u00e3o sobre si mesmos que n\u00e3o tem nada a ver com quem realmente s\u00e3o.\r\n\r\n&nbsp;\r\n\r\nEm face disso, com todos aqueles centros inativos, parece que um Refletor est\u00e1 constantemente a acolher as energias e emo\u00e7\u00f5es de outros povos. Sem padr\u00f5es confi\u00e1veis.\r\n\r\n&nbsp;\r\n\r\nSe estiv\u00e9ssemos a falar de qualquer outro tipo de ser humano, este seria, de facto, o caso. Um centro aberto inativado \u00e9 sempre vulner\u00e1vel aos efeitos de outras pessoas.\r\n\r\n&nbsp;\r\n\r\nMas a diferen\u00e7a fundamental com um Refletor \u00e9 a natureza da sua aura eletromagn\u00e9tica. A nossa aura humana representa o campo de energia hol\u00edstica que rodeia cada um de n\u00f3s. Esta aura \u00e9 a nossa assinatura eletromagn\u00e9tica pessoal e diz a todos os seres vivos que nos rodeiam o que somos. Esta aura estende-se at\u00e9 3 metros ao redor de toda a circunfer\u00eancia do nosso corpo. Ter uma aura tamb\u00e9m nos d\u00e1 a capacidade de ler e interpretar as auras dos outros.\r\n\r\n&nbsp;\r\n\r\nA aura Refletora \u00e9 uma aura \"resistente\" que faz duas coisas de forma \u00fanica. Em primeiro lugar, mostra ou \"prova\" as auras das pessoas \u00e0 sua volta, tomando apenas um pedacinho do que recebe. Em segundo lugar, reflete tudo o que recebe da outra pessoa.\r\n\r\n&nbsp;\r\n\r\nEsta aura resistente funciona como um mecanismo de prote\u00e7\u00e3o para o Refletor. Prote\u00e7\u00e3o contra ser oprimidos pelas emo\u00e7\u00f5es e energias das outras pessoas \u00e0 sua volta.\r\n\r\n&nbsp;\r\n\r\n\u00c9 tamb\u00e9m o que faz o Refletor parecer um camale\u00e3o para o resto de n\u00f3s. Um camale\u00e3o que se mistura com o que quer que esteja \u00e0 sua volta. Os Refletores tornam-se o seu ambiente. Fazem-no naturalmente, mas muitas vezes sentem-se invis\u00edveis para os outros por causa disso.\r\n\r\n&nbsp;\r\n\r\nOutras pessoas ver\u00e3o sempre aspetos de si mesmos quando se encontram com um Refletor; por isso, os refletores precisam de estar cientes de com quem est\u00e3o numa rela\u00e7\u00e3o.\r\n\r\n&nbsp;\r\n\r\nUm Refletor deve ver-se a interagir com outras pessoas para ver que aspetos negativos e positivos essas pessoas trar\u00e3o a uma rela\u00e7\u00e3o.\r\n\r\n&nbsp;\r\n\r\nSe a pessoa com o Refletor for positiva e feliz, o Refletor ir\u00e1 refletir isso. Mas se forem corruptos ou manipuladores, tamb\u00e9m refletir\u00e3o esse comportamento!\r\n\r\n&nbsp;\r\n\r\nPor isso, os Refletores devem passar algum tempo a tomar consci\u00eancia do que s\u00e3o realmente eles e do que est\u00e3o a refletir. Vai ser preciso alguma pr\u00e1tica e s\u00f3 com o tempo \u00e9 que eles v\u00e3o conhecer os seus verdadeiros eus.\r\n\r\n&nbsp;\r\n\r\nOs Refletores andam por a\u00ed numa \"bolha\" \u00e1urica protetora que n\u00e3o se liga profundamente a outras pessoas. E isto torna as rela\u00e7\u00f5es pessoais mais dif\u00edceis para os Refletores do que para o resto de n\u00f3s. O mais pr\u00f3ximo que qualquer outra aura chega ao Refletor \u00e9 a aura Manifestadora.\r\n\r\n&nbsp;\r\n\r\nO Manifestador n\u00e3o 'prova' e 'reflete' as auras de outras pessoas que 'repele' essas auras. No entanto, tal como o Refletor, a aura Manifestadora \u00e9 projetada como um escudo protetor resistente das auras de outras pessoas.\r\n\r\n&nbsp;\r\n<h3>Os Planetas<\/h3>\r\nUm fator importante que realmente torna os Refletores diferentes \u00e9 o efeito profundo que o movimento dos planetas tem no seu dia-a-dia. Isto \u00e9 o que a sua aura resistente n\u00e3o pode proteg\u00ea-los.\r\n\r\n&nbsp;\r\n\r\nOs planetas que atravessam as suas \u00f3rbitas regulares ativam e desativam portas em todos os nossos projetos continuamente. Mas s\u00f3 os Refletores sentem estes efeitos profundamente.\r\n\r\n&nbsp;\r\n\r\nOs N\u00e3o-Refletores s\u00f3 recebem uma pequena amostra dos efeitos destes planetas em transi\u00e7\u00e3o. Eles s\u00f3 experimentam um pouco das energias e emo\u00e7\u00f5es tornadas poss\u00edveis pelo tr\u00e2nsito dos planetas.\r\n\r\n&nbsp;\r\n\r\nMas os Refletores os experimentam por completo! Sentem todos os efeitos energ\u00e9ticos dos planetas profundamente.\r\n\r\n&nbsp;\r\n\r\nAlguns dizem que esta \u00e9 a coisa mais importante para a qual os Refletores est\u00e3o realmente aqui. Est\u00e3o aqui para mostrar a todos n\u00f3s os efeitos humanos completos do movimento dos planetas numa base cont\u00ednua.\r\n\r\n&nbsp;\r\n\r\nAs ativa\u00e7\u00f5es do portal que v\u00eam atrav\u00e9s de outras pessoas dentro da aura refletora t\u00eam muito pouco impacto nos Refletores. Mas as ativa\u00e7\u00f5es do portal que v\u00eam atrav\u00e9s de outras pessoas dentro do resto dos tipos t\u00eam um grande impacto sobre eles. Da mesma forma, os movimentos do planeta t\u00eam um efeito limitado e raso nos N\u00e3o-Refletores, mas um grande efeito nos Refletores.\r\n\r\n&nbsp;\r\n\r\nOs Refletores operam de forma totalmente oposta aos outros 99% do mundo.\r\n\r\n&nbsp;\r\n<h3>Decis\u00f5es<\/h3>\r\nOs Refletores n\u00e3o t\u00eam nenhuma \u00e1rea de decis\u00e3o dentro de si em que possam confiar.\r\n\r\n&nbsp;\r\n\r\nOs Geradores podem contar com o seu centro sacral para a tomada de decis\u00f5es. As pessoas com autoridade de tomada de decis\u00e3o do Centro Ba\u00e7o podem confiar na espontaneidade das suasdecis\u00f5es. Aqueles com um Centro do Plexo Solar ativado precisam esperar pela clareza absoluta atrav\u00e9s da sua onda emocional antes de tomar qualquer decis\u00e3o, mas ainda podem confiar nele para estar l\u00e1 para eles. Mesmo as pessoas com o Centro G ou Centro Cora\u00e7\u00e3o que controlam as suas decis\u00f5es t\u00eam um mecanismo confi\u00e1vel, se bem que mais delicado. Mas e os Refletores? N\u00e3o t\u00eam ativa\u00e7\u00f5es do Centro. Como \u00e9 que os Refletores devem tomar decis\u00f5es confi\u00e1veis para as suas vidas?\r\n\r\n&nbsp;\r\n\r\nOs Refletores, unicamente, t\u00eam uma rela\u00e7\u00e3o muito pr\u00f3xima com a Lua. Vivem num fuso hor\u00e1rio. \u00c9 um fuso hor\u00e1rio lunar. \u00c9 esta proximidade com a lua que oferece ao Refletor a capacidade de tomar decis\u00f5es de forma confi\u00e1vel. Mas para ser correto, o Refletor precisa de esperar por todo o ciclo lunar de 28 dias antes de tomar uma decis\u00e3o. E \u00e9 claro que isto \u00e9 uma coisa muito dif\u00edcil de fazer!\r\n\r\n&nbsp;\r\n\r\nBMas \u00e9 importante que os Refletores n\u00e3o se deixem precipitar a tomar decis\u00f5es. Quando algu\u00e9m descobre que \u00e9 um Refletor pela primeira vez, deve iniciar o processo de explicar a outras pessoas que n\u00e3o \u00e9 saud\u00e1vel que sejam apressadas no seu processo.\r\n\r\n&nbsp;\r\n\r\nTamb\u00e9m \u00e9 \u00fatil para os Refletores monitorizar o tr\u00e2nsito di\u00e1rio dos planetas e o impacto que isso ter\u00e1 sobre eles para esse dia. O mapa di\u00e1rio de tr\u00e2nsito mostra as ativa\u00e7\u00f5es do port\u00e3o em todos os seres humanos para esse dia como resultado da posi\u00e7\u00e3o atual dos planetas. Estas ativa\u00e7\u00f5es (dependendo dos port\u00f5es envolvidos) podem ativar centros, formar canais ou adicionar port\u00f5es ativos adicionais a um centro existente.\r\n\r\n&nbsp;\r\n\r\nEnt\u00e3o, quando a carta di\u00e1ria \u00e9 a de um Manifestador, \u00e9 quem o Refletor ser\u00e1. Ou um Gerador ou um Projetor.\r\n\r\n&nbsp;\r\n\r\nOs Refletores podem realmente usar isto a seu favor. Olhando para o futuro, os mapas de tr\u00e2nsito para os pr\u00f3ximos dias, o Refletor saber\u00e1 exatamente o qu\u00e3o en\u00e9rgicos ou n\u00e3o se sentir\u00e3o. Para que possam selecionar os seus dias de Manifestador, Gerador e Gerador Manifestante quando precisam de ser realmente produtivos! E talvez n\u00e3o se comprometa tanto nos dias de Projetor.\r\n\r\n&nbsp;\r\n\r\nO importante para o Refletor lembrar \u00e9 que este tr\u00e2nsito n\u00e3o \u00e9 quem realmente s\u00e3o, est\u00e3o apenas a refletir. O aspeto mais confi\u00e1vel de uma personalidade dos Refletores ser\u00e1 o seu perfil e Cor motivacional. Estes aspetos do Refletor n\u00e3o s\u00e3o afetados por planetas em transi\u00e7\u00e3o ou pessoas que se deslocam para dentro e para fora da aura Refletora.\r\n\r\n&nbsp;\r\n\r\nOs Refletores tamb\u00e9m achar\u00e3o \u00fatil falar com os outros e ouvir objetivamente o feedback durante o seu processo de 28 dias de tomada de decis\u00e3o. Devem tamb\u00e9m tentar ter a mesma conversa com pessoas diferentes para ver as diferentes respostas e possibilidades de qualquer situa\u00e7\u00e3o.\r\n\r\n&nbsp;\r\n\r\nQuatro das decis\u00f5es mais importantes que um Refletor ter\u00e1 de tomar corretamente na vida s\u00e3o:\r\n\r\n&nbsp;\r\n\r\n- Onde vivem\r\n\r\n- Com quem vivem\r\n\r\n- Onde trabalham\r\n\r\n- Com quem trabalham\r\n\r\n&nbsp;\r\n\r\nRefletem a comunidade, a sa\u00fade da comunidade e do ambiente que os rodeia.\r\n\r\n&nbsp;\r\n\r\nSe a comunidade em que vivem \u00e9 solid\u00e1ria e nutritiva, florescer\u00e3o e prosperar\u00e3o. Se n\u00e3o for, a vida pode tornar-se muito dececionante para o Refletor.\r\n\r\n&nbsp;\r\n\r\nSe os Refletores realmente dominam os seus desenhos humanos, eles t\u00eam a oportunidade de se tornar as pessoas mais s\u00e1bias e objetivas entre n\u00f3s.\r\n<!--<a href=\"\/human-design-services\/\"><img title=\"Unlock Your Potential - Click Here\" src=\"https:\/\/www.geneticmatrix.com\/wp-content\/uploads\/2012\/09\/gmkey.png\" alt=\"\" width=\"139\" height=\"69\" \/>\r\n<\/a>-->\r\n\r\n&nbsp;\r\n\r\n<\/div>\r\n<div class=\"right pure_generators_l\">\r\n<ul>\r\n \t<li><a href=\"https:\/\/www.geneticmatrix.com\/bullock-sandra-human-design-chart.html\"><img class=\"alignnone wp-image-12421\" title=\"Sandra Bullock - Reflector\" src=\"https:\/\/www.geneticmatrixtest.com\/wp-content\/uploads\/2012\/09\/Bullock-Sandra.jpg\" alt=\"\" width=\"180\" height=\"119\" \/><\/a><\/li>\r\n \t<li><\/li>\r\n \t<li><a href=\"https:\/\/www.geneticmatrix.com\/burton-richard-human-design-chart.html\"><img title=\"Richard Burton - Reflector\" src=\"https:\/\/www.geneticmatrix.com\/wp-content\/uploads\/2020\/09\/user-106918.png\" alt=\"\" width=\"180\" height=\"119\" \/><\/a><\/li>\r\n \t<li><\/li>\r\n \t<li><a href=\"https:\/\/www.geneticmatrix.com\/dostoevsky-fyodor-human-design-chart.html\"><img class=\"alignnone wp-image-12422\" title=\"Fyodor Dostoevsky - Reflector\" src=\"https:\/\/www.geneticmatrixtest.com\/wp-content\/uploads\/2012\/09\/Dostoevsky-Fyodor.jpg\" alt=\"\" width=\"180\" height=\"119\" \/><\/a><\/li>\r\n \t<li><\/li>\r\n \t<li><\/li>\r\n \t<li><a href=\"https:\/\/www.geneticmatrix.com\/klinsmann-jurgen-human-design-chart.html\"><img class=\"alignnone wp-image-12423\" title=\"Jurgen Klinsmann - Reflector\" src=\"https:\/\/www.geneticmatrixtest.com\/wp-content\/uploads\/2012\/09\/Klinsmann-Jurgen.jpg\" alt=\"\" width=\"180\" height=\"119\" \/><\/a><\/li>\r\n \t<li><a href=\"https:\/\/www.geneticmatrix.com\/mendelssohn-felix-human-design-chart.html\"><img class=\"alignnone wp-image-12424\" title=\"Felix Mendelssohn - Reflector\" src=\"https:\/\/www.geneticmatrixtest.com\/wp-content\/uploads\/2012\/09\/Mendelssohn-Felix.jpg\" alt=\"\" width=\"180\" height=\"119\" \/><\/a><\/li>\r\n \t<li><a href=\"https:\/\/www.geneticmatrix.com\/boeing-william-human-design-chart.html\"><img class=\"alignnone wp-image-12425\" title=\"William Boeing - Reflector\" src=\"https:\/\/www.geneticmatrixtest.com\/wp-content\/uploads\/2012\/09\/William_Boeing1.jpg\" alt=\"\" width=\"180\" height=\"119\" \/><\/a><\/li>\r\n \t<li><a href=\"https:\/\/www.geneticmatrix.com\/henry-lenny-human-design-chart.html\"><img class=\"alignnone wp-image-12426\" title=\"Lenny Henry - Reflector\" src=\"https:\/\/www.geneticmatrixtest.com\/wp-content\/uploads\/2012\/09\/Henry-Lenny.jpg\" alt=\"\" width=\"180\" height=\"119\" \/><\/a><\/li>\r\n \t<li><a href=\"https:\/\/www.geneticmatrix.com\/springfield-dusty-human-design-chart.html\"><img class=\"alignnone wp-image-12427\" title=\"Dusty Springfield - Reflector\" src=\"https:\/\/www.geneticmatrixtest.com\/wp-content\/uploads\/2012\/09\/Springfield-Dusty.jpg\" alt=\"\" width=\"180\" height=\"119\" \/><\/a><\/li>\r\n \t<li><a href=\"https:\/\/www.geneticmatrix.com\/vidal-gore-human-design-chart.html\"><img class=\"alignnone wp-image-12428\" title=\"Gore Vidal - Reflector\" src=\"https:\/\/www.geneticmatrixtest.com\/wp-content\/uploads\/2012\/09\/Vidal-Gore.jpg\" alt=\"\" width=\"180\" height=\"119\" \/><\/a><\/li>\r\n \t<li><a href=\"https:\/\/www.geneticmatrix.com\/solzhenitsyn-aleksandr-human-design-chart.html\"><img class=\"alignnone wp-image-12429\" title=\"Aleksandr Solzhenitsyn - Reflector\" src=\"https:\/\/www.geneticmatrixtest.com\/wp-content\/uploads\/2012\/09\/Solzhenitsyn-Aleksandr-p.jpg\" alt=\"\" width=\"180\" height=\"119\" \/><\/a><\/li>\r\n \t<li><a href=\"https:\/\/www.geneticmatrix.com\/greene-graham-human-design-chart.html\"><img class=\"alignnone wp-image-12430\" title=\"Graham Greene - Reflector\" src=\"https:\/\/www.geneticmatrixtest.com\/wp-content\/uploads\/2012\/09\/Greene-Graham.jpg\" alt=\"\" width=\"180\" height=\"119\" \/><\/a><\/li>\r\n \t<li><a href=\"https:\/\/www.geneticmatrix.com\/dee-sandra-human-design-chart.html\"><img class=\"alignnone wp-image-12431\" title=\"Sandra Dee - Reflector\" src=\"https:\/\/www.geneticmatrixtest.com\/wp-content\/uploads\/2012\/09\/Dee-Sandra.jpg\" alt=\"\" width=\"180\" height=\"119\" \/><\/a><\/li>\r\n \t<li><a href=\"https:\/\/www.geneticmatrix.com\/wells-h_g-human-design-chart.html\"><img class=\"alignnone wp-image-12432\" title=\"H G Wells - Reflector\" src=\"https:\/\/www.geneticmatrixtest.com\/wp-content\/uploads\/2012\/09\/Wells-H-G.jpg\" alt=\"\" width=\"180\" height=\"119\" \/><\/a><\/li>\r\n \t<li><a href=\"https:\/\/www.geneticmatrix.com\/galway-james-human-design-chart.html\"><img class=\"alignnone wp-image-12433\" title=\"James Galway - Reflector\" src=\"https:\/\/www.geneticmatrixtest.com\/wp-content\/uploads\/2012\/09\/Galway-James.jpg\" alt=\"\" width=\"180\" height=\"119\" \/><\/a><\/li>\r\n \t<li><a href=\"https:\/\/www.geneticmatrix.com\/fields-w_c-human-design-chart.html\"><img class=\"alignnone wp-image-12434\" title=\"W C Fields - Reflector\" src=\"https:\/\/www.geneticmatrixtest.com\/wp-content\/uploads\/2012\/09\/Fields-W-C-.jpg\" alt=\"\" width=\"180\" height=\"119\" \/><\/a><\/li>\r\n \t<li><a href=\"https:\/\/www.geneticmatrix.com\/geller-uri-human-design-chart.html\"><img class=\"alignnone wp-image-12435\" title=\"Uri Geller - Reflector\" src=\"https:\/\/www.geneticmatrixtest.com\/wp-content\/uploads\/2012\/09\/Geller-Uri.jpg\" alt=\"\" width=\"180\" height=\"119\" \/><\/a><\/li>\r\n \t<li><a href=\"https:\/\/www.geneticmatrix.com\/aantjes-willem-human-design-chart.html\"><img class=\"alignnone wp-image-12436\" title=\"Willem Aantjes - Reflector\" src=\"https:\/\/www.geneticmatrixtest.com\/wp-content\/uploads\/2012\/09\/Aantjes-Willem.jpg\" alt=\"\" width=\"180\" height=\"119\" \/><\/a><\/li>\r\n \t<li><a href=\"https:\/\/www.geneticmatrix.com\/bernard-alain-human-design-chart.html\"><img class=\"alignnone wp-image-12437\" title=\"Alain Bernard - Reflector\" src=\"https:\/\/www.geneticmatrixtest.com\/wp-content\/uploads\/2012\/09\/Bernard-Alain.jpg\" alt=\"\" width=\"180\" height=\"119\" \/><\/a><\/li>\r\n \t<li><a href=\"https:\/\/www.geneticmatrix.com\/udet-ernst-human-design-chart.html\"><img class=\"alignnone wp-image-12438\" title=\"Ernst Udet - Reflector\" src=\"https:\/\/www.geneticmatrixtest.com\/wp-content\/uploads\/2012\/09\/Udet-Ernst.jpg\" alt=\"\" width=\"180\" height=\"119\" \/><\/a><\/li>\r\n \t<li><a href=\"https:\/\/www.geneticmatrix.com\/urich-robert-human-design-chart.html\"><img class=\"alignnone wp-image-12440\" title=\"Robert Urich - Reflector\" src=\"https:\/\/www.geneticmatrixtest.com\/wp-content\/uploads\/2012\/09\/Urich-Robert.jpg\" alt=\"\" width=\"180\" height=\"119\" \/><\/a><\/li>\r\n \t<li><a href=\"https:\/\/www.geneticmatrix.com\/vives_i_sicilia-joan_enric-human-design-chart.html\"><img class=\"alignnone wp-image-12441\" title=\"Joan Enric Vives i Sicilia - Reflector\" src=\"https:\/\/www.geneticmatrixtest.com\/wp-content\/uploads\/2012\/09\/silvia.jpg\" alt=\"\" width=\"180\" height=\"119\" \/><\/a><\/li>\r\n \t<li><a href=\"https:\/\/www.geneticmatrix.com\/aerts-jean-human-design-chart.html\"><img class=\"alignnone wp-image-12442\" title=\"Jean Aerts - Reflector\" src=\"https:\/\/www.geneticmatrixtest.com\/wp-content\/uploads\/2012\/09\/Aerts-Jean.jpg\" alt=\"\" width=\"180\" height=\"119\" \/><\/a><\/li>\r\n \t<li><a href=\"https:\/\/www.geneticmatrix.com\/marclay-christian-human-design-chart.html\"><img class=\"alignnone wp-image-12443\" title=\"Christian Marclay - Reflector\" src=\"https:\/\/www.geneticmatrixtest.com\/wp-content\/uploads\/2012\/09\/Marclay-Christian-.jpg\" alt=\"\" width=\"180\" height=\"119\" \/><\/a><\/li>\r\n \t<li><a href=\"https:\/\/www.geneticmatrix.com\/gauss-carl_friedrich-human-design-chart.html\"><img class=\"alignnone wp-image-12444\" title=\"Carl Friedrich Gauss - Reflector\" src=\"https:\/\/www.geneticmatrixtest.com\/wp-content\/uploads\/2012\/09\/Gauss-Carl-Friedrich.jpg\" alt=\"\" width=\"180\" height=\"119\" \/><\/a><\/li>\r\n \t<li><a href=\"https:\/\/www.geneticmatrix.com\/leoncavallo-ruggero-human-design-chart.html\"><img class=\"alignnone wp-image-12445\" title=\"Ruggero Leoncavallo\" src=\"https:\/\/www.geneticmatrixtest.com\/wp-content\/uploads\/2012\/09\/Leoncavallo-Ruggero.jpg\" alt=\"\" width=\"180\" height=\"119\" \/><\/a><\/li>\r\n \t<li><\/li>\r\n<\/ul>\r\n<div><span style=\"font-size: medium;\"><span style=\"line-height: 24px;\">\u00a0<\/span><\/span><\/div>\r\n<\/div>\r\n<\/div>\r\n<div class=\"right pure_generators_l\"><\/div>\r\n<\/div>\r\n<div class=\"right pure_generators_l\"><\/div>\r\n<div class=\"right pure_generators_l\"><\/div>\r\n<div class=\"right pure_generators_l\"><\/div>\r\n<div class=\"right pure_generators_l\"><\/div>\r\n<div class=\"right pure_generators_l\"><\/div>\r\n<div class=\"right pure_generators_l\"><\/div>\r\n<h4 class=\"right pure_generators_l\"><\/h4>\r\n<div class=\"clear\"><\/div>\r\n<\/div>\r\n<div><\/div>","protected":false},"excerpt":{"rendered":"<p>Casa \u00bb Centro De Informacoes \u00bbTipos \u00bb Design Humano &#8211; Refletor Design Humano &#8211; Refletor Os Refletores s\u00e3o 1% da popula\u00e7\u00e3o mundial. O Refletor deriva do seu nome a partir da natureza da sua aura refletiva. A aura refletora resiste, prova e reflete outras auras O Refletor \u00e9 um observador s\u00e1bio da vida com um&hellip; <a class=\"more-link\" href=\"https:\/\/www.geneticmatrix.com\/pt-pt\/human-design-reflector\/\">Continue a ler <span class=\"screen-reader-text\">Design Humano &#8211; Refletor<\/span><\/a><\/p>\n","protected":false},"author":1,"featured_media":0,"parent":0,"menu_order":0,"comment_status":"closed","ping_status":"closed","template":"","meta":{"footnotes":""},"class_list":["post-12415","page","type-page","status-publish","hentry","entry"],"_links":{"self":[{"href":"https:\/\/www.geneticmatrix.com\/pt-pt\/wp-json\/wp\/v2\/pages\/12415","targetHints":{"allow":["GET"]}}],"collection":[{"href":"https:\/\/www.geneticmatrix.com\/pt-pt\/wp-json\/wp\/v2\/pages"}],"about":[{"href":"https:\/\/www.geneticmatrix.com\/pt-pt\/wp-json\/wp\/v2\/types\/page"}],"author":[{"embeddable":true,"href":"https:\/\/www.geneticmatrix.com\/pt-pt\/wp-json\/wp\/v2\/users\/1"}],"replies":[{"embeddable":true,"href":"https:\/\/www.geneticmatrix.com\/pt-pt\/wp-json\/wp\/v2\/comments?post=12415"}],"version-history":[{"count":0,"href":"https:\/\/www.geneticmatrix.com\/pt-pt\/wp-json\/wp\/v2\/pages\/12415\/revisions"}],"wp:attachment":[{"href":"https:\/\/www.geneticmatrix.com\/pt-pt\/wp-json\/wp\/v2\/media?parent=12415"}],"curies":[{"name":"wp","href":"https:\/\/api.w.org\/{rel}","templated":true}]}}