   
{"id":12373,"date":"2020-10-07T06:46:22","date_gmt":"2020-10-07T06:46:22","guid":{"rendered":"https:\/\/www.geneticmatrixtest.com\/?page_id=12373"},"modified":"2026-01-08T12:34:12","modified_gmt":"2026-01-08T12:34:12","slug":"design-humano-projetor","status":"publish","type":"page","link":"https:\/\/www.geneticmatrix.com\/pt-pt\/design-humano-projetor\/","title":{"rendered":"Design Humano - Projetor"},"content":{"rendered":"<div id=\"content\">\r\n<div class=\"test_page\">\r\n<div class=\"breadcam\"><a href=\"\/\">Casa<\/a> \u00bb <a href=\"https:\/\/www.geneticmatrix.com\/pt-pt\/centro-de-informacoes\/\">Centro De Informacoes<\/a>\u00bb<a href=\"https:\/\/www.geneticmatrix.com\/pt-pt\/tipos-design-humano\/\">Tipos<\/a> \u00bb Design Humano - Projetor<\/div>\r\n<\/div>\r\n<div class=\"l_content left mar_top\">\r\n<div class=\"services\">\r\n<h3><strong>Design Humano - Projetor<\/strong><\/h3>\r\n<ul>\r\n \t<li style=\"list-style-type: none;\">\r\n<ul>\r\n \t<li>Os Projetores s\u00e3o 22% da popula\u00e7\u00e3o mundial.<\/li>\r\n \t<li>O papel natural do Projetor \u00e9 ser o guia convidado para os Tipos de Energia Sacral (Geradores e Geradores Manifestante).<\/li>\r\n<\/ul>\r\n<\/li>\r\n<\/ul>\r\n<a href=\"https:\/\/www.geneticmatrix.com\/wp-content\/uploads\/2012\/09\/Site-Projector.png\"><img class=\"alignnone size-full wp-image-12405\" title=\"Design Humano - Projetor\" src=\"https:\/\/www.geneticmatrix.com\/wp-content\/uploads\/2012\/09\/Site-Projector.png\" alt=\"\" width=\"665\" height=\"467\" \/><\/a>\r\n<ul>\r\n \t<li style=\"list-style-type: none;\">\r\n<ul>\r\n \t<li>Estrat\u00e9gia - Se o Projetor aguardar um convite antes de embarcar em dire\u00e7\u00f5es importantes da vida (Escolha de Carreira; Escolha de relacionamentos; Selecionando uma casa; etc.) n\u00e3o haver\u00e1 resist\u00eancia de outros e o Projetor receber\u00e1 a utiliza\u00e7\u00e3o da diretiva dos recursos energ\u00e9ticos de quem os convidou corretamente.<\/li>\r\n \t<li>Os Projetores s\u00e3o tipos \"n\u00e3o energ\u00e9ticos\". O que significa que n\u00e3o est\u00e3o aqui para ser os trabalhadores como os Geradores, que podem fazer as coisas uma e outra vez. \u00c9 por isso que precisam de estudar e ser informados, para que possam orientar e ser inteligentes com o uso de energia.<\/li>\r\n \t<li>Os Projetores podem ter acesso a vastos recursos energ\u00e9ticos (excedendo os recursos energ\u00e9ticos individuais de qualquer outro tipo \u00fanico), aceitando os convites corretos e dirigindo esses recursos energ\u00e9ticos corretamente.<\/li>\r\n \t<li>Os Projetores devem sempre referir-se \u00e0 sua Autoridade Interior antes de aceitar qualquer convite importante para a vida, caso contr\u00e1rio, n\u00e3o h\u00e1 forma de saber se o convite \u00e9 ocorreto para eles. Aceitar o convite errado pode ter repercuss\u00f5es s\u00e9rias e a longo prazo para os Projetores.<\/li>\r\n \t<li>Os Projetores que n\u00e3o seguem a sua Estrat\u00e9gia e Autoridade Interior sofrer\u00e3o um grave esgotamento que conduz \u00e0 doen\u00e7a. Eles tamb\u00e9m se tornar\u00e3o muito amargos sobre a vida e outras pessoas.<\/li>\r\n \t<li>Os Projetores n\u00e3o s\u00e3o concebidos para \"acompanhar\" energicamente com os Geradores e Manifestadores que dispensam energia. Este n\u00e3o \u00e9 o papel do Projetor.<\/li>\r\n \t<li>A aura do Projetor \u00e9 muito focada. Est\u00e1 focado no Centro G de outras pessoas.<\/li>\r\n \t<li>H\u00e1 quatro varia\u00e7\u00f5es diferentes da Autoridade Interior do Projetor e h\u00e1 uma nova varia\u00e7\u00e3o sem Autoridade Interna - Projetores Mentais.<\/li>\r\n \t<li>Nenhum outro Tipo de Design Humano tem tantas varia\u00e7\u00f5es de Autoridade Interior como o Projetor.<\/li>\r\n \t<li>O Projetor deriva do seu nome a partir da natureza da sua aura. O Projetor \u00e9 \"projetado\" por outros. S\u00e3o notados!<\/li>\r\n<\/ul>\r\n<\/li>\r\n<\/ul>\r\n&nbsp;\r\n\r\n<\/div>\r\n\r\n<hr \/>\r\n\r\n<div class=\"pure_gen_outer\">\r\n<div class=\"pure_generators left\">\r\n<h3>O Projetor em maior detalhe<\/h3>\r\nAntes dos tempos modernos, os Projetores sempre estiveram na parte mais baixa da escada da lideran\u00e7a. A \u00fanica coisa que n\u00e3o importava naqueles dias era a intelig\u00eancia. O poder e a energia dos Manifestadores governaram o dia e os Projetores nunca foram equipados para ganhar esse jogo.\r\n\r\n&nbsp;\r\n\r\nHoje, os Projetores, que como grupo s\u00e3o 22% da popula\u00e7\u00e3o mundial, est\u00e3o no topo da hierarquia de lideran\u00e7a natural. O seu verdadeiro papel \u00e9 orientar os tipos de energia (Manifestadores, Geradores e Geradores Manifestantes) na utiliza\u00e7\u00e3o mais eficiente dos seus recursos energ\u00e9ticos.\r\n\r\n&nbsp;\r\n\r\nOs Projetores t\u00eam uma capacidade inerente de entender os outros. S\u00e3o mestres na leitura e gest\u00e3o eficiente da energia. \u00c9 por causa da abertura do Centro que podem acolher e ler a energia dos outros. Gradualmente, com o passar do tempo, a capacidade dos Projetores de ler e reconhecer esta energia d\u00e1-lhes a sabedoria para guiar os outros no uso mais eficiente das suas energias, dons e talentos.\r\n\r\n&nbsp;\r\n\r\nOs Projetores tamb\u00e9m s\u00e3o \u00f3timos na organiza\u00e7\u00e3o de outros e em estabelecer conex\u00f5es. Sabem como trazer as pessoas certas para o trabalho para realizar uma tarefa espec\u00edfica e tamb\u00e9m sabem manter a harmonia no mundo.\r\n\r\n&nbsp;\r\n\r\nPor estas raz\u00f5es, os Projetores s\u00e3o os l\u00edderes, administradores e guias ideais para o mundo democr\u00e1tico moderno em que vivemos. Os projetores t\u00eam apenas esta capacidade natural e inata de reconhecer o potencial e o talento de outras pessoas e de ser capaz de lhes oferecer orienta\u00e7\u00e3o.\r\n\r\n&nbsp;\r\n\r\nO nosso mundo precisa de muitos tipos de guias diferentes e o grupo Projetor espelha isto. Os Projetores, como tipo, carregam a maior varia\u00e7\u00e3o da autoridade interior do que qualquer outro tipode ser humano. Voc\u00ea pode conhecer Projetores emocionais, Projetores com o Centro do Ba\u00e7o como Autoridade Interna, Projetores Autoprojetados, Projetores Mentais e Projetores projetados de Ego. Como grupo, est\u00e3o habilmente equipados para ler e orientar todas as varia\u00e7\u00f5es do tipo de energia!\r\n\r\n&nbsp;\r\n\r\nO projetor \u00e9 o tipo humano mais \"pessoal\" e de perto. Isto \u00e9 por causa da natureza da sua aura. A nossa aura humana representa o campo de energia hol\u00edstica que rodeia cada um de n\u00f3s.\r\n\r\n&nbsp;\r\n\r\nEsta aura \u00e9 a nossa assinatura eletromagn\u00e9tica pessoal e diz a todos os seres vivos que nos rodeiam o que somos. A nossa aura estende-se at\u00e9 3 metros em torno de toda a circunfer\u00eancia do nosso corpo. Ter uma aura tamb\u00e9m nos d\u00e1 a capacidade de ler e interpretar as auras dos outros. Aquela \"sensa\u00e7\u00e3o\" que se sente quando se gosta ou n\u00e3o gosta de algu\u00e9m na primeira reuni\u00e3o? Essa \u00e9 a sua aura fazendo o seu trabalho e alertando todos os seus sentidos!\r\n\r\n&nbsp;\r\n\r\nNa verdade, \u00e9 a natureza particular da aura do Projetor que d\u00e1 o nome ao Projetor. Esta aura 'Projeta' para fora para outras pessoas e \u00e9 'Projetada' por outras pessoas. Os projetores s\u00e3o notados por outras palavras!\r\n\r\n&nbsp;\r\n\r\nA aura do Projetor est\u00e1 muito focada nas outras pessoas que conhecem. Os Projetores n\u00e3o se concentram em grupos. Concentram-se num indiv\u00edduo de cada vez. A aura geradora envolve todo o grupo \u00e0 sua volta. Mas a aura do Projetor centra-se numa pessoa de cada vez. Quando conheceres um Projetor, conheces algu\u00e9m que te vai focar como um raio laser!\r\n\r\n&nbsp;\r\n\r\nA maioria dos tipos de Projetor t\u00eam a maioria dos seus Centros n\u00e3o definidos. S\u00e3o brancos por outras palavras. Isto significa que os Projetores recebem e refletem a energia de outras pessoas a partir destes Centros Brancos. N\u00e3o s\u00f3 refletem esta energia de volta, como tamb\u00e9m a amplificam! Por isso, muitas vezes parece que s\u00e3o o d\u00ednamo energ\u00e9tico!\r\n\r\n&nbsp;\r\n\r\n\u00c9 sempre importante que os Projetores percebam a din\u00e2mica energ\u00e9tica que sentem quando est\u00e3o num grupo de pessoas. Esta \u00e9, na verdade, a din\u00e2mica energ\u00e9tica do pr\u00f3prio grupo e n\u00e3o o Projetor gerando a sua pr\u00f3pria energia aumentada. Essa pseudo-energia que o Projetor sente desaparecer\u00e1 assim que os tipos de energia sa\u00edrem do grupo. Quando isto acontece, os Projetores descobrem que j\u00e1 n\u00e3o t\u00eam energia para o trabalho; na verdade, normalmente est\u00e3o exaustos!\r\n\r\n&nbsp;\r\n\r\nOs Projetores vivem num mundo de pessoas ocupadas. Geradores e Geradores Manifestantes comp\u00f5em 70% da popula\u00e7\u00e3o mundial. Os tipos de energia s\u00e3o a esmagadora maioria. Assim, a maioria dos Projetores nunca est\u00e3o muito longe da aura de um tipo de energia! Os seus Centros Brancos est\u00e3o a absorver, amplificando e refletindo esta energia abundante quase constantemente para que o Projetor possa, com o tempo, se esgotar completamente e pode precisar de uma longa pausa ou um per\u00edodo de descanso longe de todos.\r\n\r\n&nbsp;\r\n\r\nOs Projetores que ignoram estes n\u00edveis de exaust\u00e3o e sentem ressentimento porque n\u00e3o podem continuar ao mesmo ritmo que antes est\u00e3o geralmente a dirigir-se para alguma forma de doen\u00e7a e colapso f\u00edsico.\r\n\r\n&nbsp;\r\n\r\nA maioria dos Projetores adultos que vivem num ambiente de tipos de energia ocupados acabar\u00e3o sobrecarregados e exaustos, a menos que compreendam verdadeiramente o que significa ser um Projetor. N\u00e3o tente acompanhar as abelhas ocupadas! Basta dizer a si mesmo: \"Sobre o que \u00e9 queeles est\u00e3o realmente ocupados\" \"\u00c9 eficaz?\" \"\u00c9 eficiente?\" \"\u00c9 inteligente?\" Ou \"est\u00e3o apenas a girar as rodas e a parecerem ocupados\". Estes tipos de energia precisam de guias inteligentes e o Projetor n\u00e3o pode gui\u00e1-los se estiver esgotado de tentar acompanhar o tempo todo.\r\n\r\n&nbsp;\r\n\r\nOs projetores precisam de muito descanso porque recebem e refletem tanta energia durante o seu dia. Um tipo de energia como o Gerador Manifestante ou o Gerador ficar\u00e1 esgotado no final do dia e ir\u00e1 para a cama. Um Projetor se sente esgotado frequentemente durante um dia agitado tamb\u00e9m e muitas vezes pode n\u00e3o ter tempo para parar e descansar. Ent\u00e3o continuam para al\u00e9m daquele ponto de estarem cansados.\r\n\r\n&nbsp;\r\n\r\nComo isto aconteceu tantas vezes na sua vida, alguns Projetores t\u00eam dificuldade em parar no final do dia e ir para a cama. Todos n\u00f3s somos ensinados e ditos para ser \"fazedores\" desde muito cedo, por isso os Projetores adultos t\u00eam dificuldade em quebrar o padr\u00e3o desta forma habitual e aprendida de ser.\r\n\r\n&nbsp;\r\n\r\nOs Projetores precisam praticar ir para a cama uma hora mais cedo do que pensam que precisam! Deviam descansar, ler, ver televis\u00e3o, ouvir m\u00fasica, relaxar e relaxar. Dar ao seu corpo tempo para realmente relaxar e libertar a energia recolhida girando em torno do seu sistema e assentar, para que possam dormir. Deitar-se deitado enquanto descansa ajuda 70% das nossas fun\u00e7\u00f5es gen\u00e9ticas a descansar e a regenerar-se, o sono ajuda a todos eles. Idealmente, um Projetor deve tentar estar fora de qualquer aura enquanto descansa! Caso contr\u00e1rio, os seus centros brancos continuar\u00e3o a acolher o que os rodeia.\r\n\r\n&nbsp;\r\n<h3>O Projetor como Guia<\/h3>\r\nOs Projetores n\u00e3o podem se dirigir qualquer um. Devem compreender e lembrar que a sua estrat\u00e9gia para a vida \u00e9 \"esperar at\u00e9 que seja reconhecido e convidado\" por outra pessoa. S\u00f3 quando os Projetores estiverem corretos e esperarem por este convite para transmitirem a sua indubit\u00e1vel intelig\u00eancia e sabedoria, a sua pr\u00f3pria vida estar\u00e1 correta.\r\n\r\n&nbsp;\r\n\r\nDito isto, a maioria dos Projetores geralmente est\u00e3o mais interessados em outras pessoas do que em si mesmos, por isso adoram entrar e tentar ajudar as pessoas sem serem convidados! Esta \u00e9 uma qualidade admir\u00e1vel, mas \u00e9 o Projetor que acabar\u00e1 por se sentir desvalorizado, exausto e amargo quando n\u00e3o s\u00e3o apreciados por isso.\r\n\r\n&nbsp;\r\n\r\nO familiar lamento do Projetor \u00e9: \"E se eu n\u00e3o for reconhecido e convidado?\" \"Certamente que devo fazer algo para que isto aconte\u00e7a?\"\r\n\r\n&nbsp;\r\n\r\nBem, na verdade, n\u00e3o h\u00e1 nada para o Projetor fazer at\u00e9 que eles sejam reconhecidos e convidados pela pessoa certa. Est\u00e1 no design do Projetor ser notado, por isso devem ter f\u00e9 nisso.\r\n\r\n&nbsp;\r\n\r\nOs Projetores s\u00e3o geneticamente codificados atrav\u00e9s da sua aura para que outras pessoas os reconhe\u00e7am e se aproximem deles. Por isso, s\u00f3 precisam relaxar e esperar que a pessoa certa apare\u00e7a. E v\u00e3o! Quando o Projetor relaxa e fica em sil\u00eancio, a aura Projetora faz toda a conversa e traz o convite dos outros.\r\n\r\n&nbsp;\r\n\r\n\u00c9 t\u00e3o importante que os Projetores compreendam que, se sucumbirem a este medo de n\u00e3o serem reconhecidos e for\u00e7arem o ritmo com outras pessoas, n\u00e3o s\u00f3 est\u00e3o a desperdi\u00e7ar os seus preciosos e limitados recursos energ\u00e9ticos, como tamb\u00e9m est\u00e3o a perder as verdadeiras oportunidades.\r\n\r\n&nbsp;\r\n\r\nO Projetor nunca encontrar\u00e1 o que \u00e9 certo para eles saltando e tentando fazer as coisas acontecerem.\r\n\r\n&nbsp;\r\n\r\nUm Projetor precisa da pessoa certa na sua vida, n\u00e3o de qualquer pessoa idosa.\r\n\r\n&nbsp;\r\n\r\nComo \u00e9 que o Projetor sabe se algu\u00e9m \u00e9 o certo para eles? Outras pessoas reconhecem, aproximam-se e convidam-nas! At\u00e9 que isso aconte\u00e7a, ningu\u00e9m vale a pena desperdi\u00e7ar aquela preciosa energia e sabedoria do Projetor.\r\n\r\n&nbsp;\r\n\r\nAlguns Projetores n\u00e3o t\u00eam uma forma consistentemente confi\u00e1vel de tomar decis\u00f5es e outros t\u00eam autoridades internas muito suaves e delicadas. A verdade \u00e9 que alguns Projetores podem ser muito espont\u00e2neos com decis\u00f5es; outros ter\u00e3o de esperar uma semana para poderem tomar uma decis\u00e3o e outros ter\u00e3o de esperar mais tempo, ter discuss\u00f5es com outros e procurar feedback antes de tomarem qualquer decis\u00e3o conclusiva com qualquer clareza.\r\n\r\n&nbsp;\r\n\r\nPor conseguinte, \u00e9 ainda mais importante esperar por esse reconhecimento e esse convite correto, porque pode reduzir consideravelmente o potencial de decis\u00f5es incorretas para um Projetor.\r\n\r\n&nbsp;\r\n\r\nOs Projetores n\u00e3o devem levar este \"esperar pelo convite\" para extremos! De facto, se o Projetor utilizar apenas esta estrat\u00e9gia para os principais pontos de viragem da sua vida, pagar\u00e1 enormes dividendos por eles.\r\n\r\n&nbsp;\r\n\r\nEstes pontos cruciais s\u00e3o os momentos da vida dos Projetores em que t\u00eam de honrar a sua estrat\u00e9gia de esperar para serem reconhecidos primeiro e depois convidados. S\u00f3 ent\u00e3o devem decidir se o convite \u00e9 adequado para eles.\r\n\r\n&nbsp;\r\n<h3>Ent\u00e3o, para todos os Projetores:<\/h3>\r\n<ul style=\"margin-left: 35px;\">\r\n \t<li>Espere pelo seu convite para uma nova rela\u00e7\u00e3o amorosa<\/li>\r\n \t<li>Aguarde o seu convite para um novo emprego, oportunidade de neg\u00f3cio, carreira ou onde estudar<\/li>\r\n \t<li>Aguarde o seu convite para se ligar aos outros em amizade ou parceria<\/li>\r\n \t<li>Aguarde o seu convite para uma nova casa ou lugar para viver<\/li>\r\n<\/ul>\r\nEm \u00faltima an\u00e1lise, o verdadeiro sucesso na vida de um Projetor \u00e9 selecionar as pessoas certas para ter nas suas vidas. Aquelas pessoas que realmente os reconhecem e apreciam pelo que realmente s\u00e3o. Os nossos s\u00e1bios e inteligentes guias.\r\n\r\n<\/div>\r\n<div class=\"right pure_generators_l\">\r\n<ul>\r\n \t<li>\r\n<div class=\"img_alg12\">\r\n\r\n<a href=\"https:\/\/www.geneticmatrix.com\/kennedy-john_f-human-design-chart.html\"><img class=\"alignnone wp-image-12377\" title=\"John F. Kennedy - Emotional Projector\" src=\"https:\/\/www.geneticmatrixtest.com\/wp-content\/uploads\/2012\/09\/Kennedy-John-F..jpg\" alt=\"\" width=\"180\" height=\"119\" \/><\/a>\r\n\r\n<a href=\"https:\/\/www.geneticmatrix.com\/taylor-elizabeth-human-design-chart.html\"><img class=\"alignnone wp-image-12378\" title=\"Elizabeth Taylor - Emotional Projector\" src=\"https:\/\/www.geneticmatrixtest.com\/wp-content\/uploads\/2012\/09\/Taylor-Dame-Elizabeth.jpg\" alt=\"\" width=\"180\" height=\"119\" \/><\/a>\r\n\r\n<a href=\"https:\/\/www.geneticmatrix.com\/monet-claude-human-design-chart.html\"><img class=\"alignnone wp-image-12379\" title=\"Claude Monet - Emotional Projector\" src=\"https:\/\/www.geneticmatrixtest.com\/wp-content\/uploads\/2012\/09\/Monet-Claude.jpg\" alt=\"\" width=\"180\" height=\"119\" \/><\/a>\r\n\r\n<a href=\"https:\/\/www.geneticmatrix.com\/streisand-barbra-human-design-chart.html\"><img class=\"alignnone wp-image-12380\" title=\"Barbra Streisand - Self Projected Projector\" src=\"https:\/\/www.geneticmatrixtest.com\/wp-content\/uploads\/2012\/09\/Streisand-Barbra.jpg\" alt=\"\" width=\"180\" height=\"119\" \/><\/a>\r\n\r\n<a href=\"https:\/\/www.geneticmatrix.com\/napoleon_i--human-design-chart.html\"><img class=\"alignnone wp-image-12381\" title=\"Napoleon I - Self Projected Projector\" src=\"https:\/\/www.geneticmatrixtest.com\/wp-content\/uploads\/2012\/09\/Napoleon-I-.jpg\" alt=\"\" width=\"180\" height=\"119\" \/><\/a>\r\n\r\n<a href=\"https:\/\/www.geneticmatrix.com\/merkel-angela-human-design-chart.html\"><img class=\"alignnone wp-image-12382\" title=\"Angela Merkel - Splenic Projector\" src=\"https:\/\/www.geneticmatrixtest.com\/wp-content\/uploads\/2012\/09\/Merkel-Angela-spp.jpg\" alt=\"\" width=\"180\" height=\"119\" \/><\/a>\r\n\r\n<a href=\"https:\/\/www.geneticmatrix.com\/lincoln-abraham-human-design-chart.html\"><img class=\"alignnone wp-image-12383\" title=\"Abraham Lincoln - Mental Projector\" src=\"https:\/\/www.geneticmatrixtest.com\/wp-content\/uploads\/2012\/09\/Lincoln-Abraham.jpg\" alt=\"\" width=\"180\" height=\"119\" \/><\/a>\r\n\r\n<a href=\"https:\/\/www.geneticmatrixtest.com\/wp-content\/uploads\/2012\/09\/Rice-Condoleezza-spp.jpg\"><img class=\"alignnone wp-image-12384\" title=\"Condoleezza Rice - Splenic Projector\" src=\"https:\/\/www.geneticmatrixtest.com\/wp-content\/uploads\/2012\/09\/Rice-Condoleezza-spp.jpg\" alt=\"\" width=\"180\" height=\"119\" \/><\/a>\r\n\r\n<a href=\"https:\/\/www.geneticmatrix.com\/wozniak-steve-human-design-chart.html\"><img class=\"alignnone wp-image-12385\" title=\"Steve Wozniak - Mental Projector\" src=\"https:\/\/www.geneticmatrixtest.com\/wp-content\/uploads\/2012\/09\/Wozniak-Steve.jpg\" alt=\"\" width=\"180\" height=\"119\" \/><\/a>\r\n\r\n<a href=\"https:\/\/www.geneticmatrix.com\/darwin-charles-human-design-chart.html\"><img class=\"alignnone wp-image-12386\" title=\"Charles Darwin - Splenic Projector \" src=\"https:\/\/www.geneticmatrixtest.com\/wp-content\/uploads\/2012\/09\/Darwin-Charles-spP.jpg\" alt=\"\" width=\"180\" height=\"119\" \/><\/a>\r\n\r\n<a href=\"https:\/\/www.geneticmatrix.com\/x-malcolm-human-design-chart.html\"><img class=\"alignnone wp-image-12387\" title=\"Malcolm X - Splenic Projector\" src=\"https:\/\/www.geneticmatrixtest.com\/wp-content\/uploads\/2012\/09\/X-Malcolm.jpg\" alt=\"\" width=\"180\" height=\"119\" \/><\/a>\r\n\r\n<a href=\"https:\/\/www.geneticmatrix.com\/earhart-amelia-human-design-chart.html\"><img class=\"alignnone wp-image-12388\" title=\"Amelia Earhart - Mental Projector\" src=\"https:\/\/www.geneticmatrixtest.com\/wp-content\/uploads\/2012\/09\/Earhart-Amelia.jpg\" alt=\"\" width=\"180\" height=\"119\" \/><\/a>\r\n\r\n<a href=\"https:\/\/www.geneticmatrix.com\/butler-gerard-human-design-chart.html\"><img class=\"alignnone wp-image-12389\" title=\"Gerard Butler - Splenic Projector\" src=\"https:\/\/www.geneticmatrixtest.com\/wp-content\/uploads\/2012\/09\/Butler-Gerard-spp1.jpg\" alt=\"\" width=\"180\" height=\"119\" \/><\/a>\r\n\r\n<a href=\"https:\/\/www.geneticmatrix.com\/goodall-jane-human-design-chart.html\"><img class=\"alignnone wp-image-12390\" title=\"Jane Goodall - Emotional Projector\" src=\"https:\/\/www.geneticmatrixtest.com\/wp-content\/uploads\/2012\/09\/Goodall-Jane-p.jpg\" alt=\"\" width=\"180\" height=\"119\" \/><\/a>\r\n\r\n<a href=\"https:\/\/www.geneticmatrix.com\/lister-joseph-human-design-chart.html\"><img class=\"alignnone wp-image-12391\" title=\"Joseph Lister - Ego Projected Projector\" src=\"https:\/\/www.geneticmatrixtest.com\/wp-content\/uploads\/2012\/09\/Lister-Joseph.jpg\" alt=\"\" width=\"180\" height=\"119\" \/><\/a>\r\n\r\n<a href=\"https:\/\/www.geneticmatrix.com\/tutu-desmond-human-design-chart.html\"><img class=\"alignnone wp-image-12392\" title=\"Desmond Tutu - Splenic Projector\" src=\"https:\/\/www.geneticmatrixtest.com\/wp-content\/uploads\/2012\/09\/Tutu-Desmond-spp.jpg\" alt=\"\" width=\"180\" height=\"119\" \/><\/a>\r\n\r\n<a href=\"https:\/\/www.geneticmatrix.com\/edison-thomas-human-design-chart.html\"><img class=\"alignnone wp-image-12393\" title=\"Thomas Edison - Splenic Projector\" src=\"https:\/\/www.geneticmatrixtest.com\/wp-content\/uploads\/2012\/09\/Edison-Thomas-spp.jpg\" alt=\"\" width=\"180\" height=\"119\" \/><\/a>\r\n\r\n<a href=\"https:\/\/www.geneticmatrix.com\/foster-jodie-human-design-chart.html\"><img class=\"alignnone wp-image-12394\" title=\"Jodie Foster - Emotional Projector\" src=\"https:\/\/www.geneticmatrixtest.com\/wp-content\/uploads\/2012\/09\/Foster-Jodie.jpg\" alt=\"\" width=\"180\" height=\"119\" \/><\/a>\r\n\r\n<a href=\"https:\/\/www.geneticmatrix.com\/asimov-isaac-human-design-chart.html\"><img class=\"alignnone wp-image-12395\" title=\"Isaac Asimov - Emotional Projector \" src=\"https:\/\/www.geneticmatrixtest.com\/wp-content\/uploads\/2012\/09\/Asimov-Isaac-P1.jpg\" alt=\"\" width=\"180\" height=\"119\" \/><\/a>\r\n\r\n<a href=\"https:\/\/www.geneticmatrix.com\/washington-denzel-human-design-chart.html\"><img class=\"alignnone wp-image-12396\" title=\"Denzel Washington - Splenic Projector\" src=\"https:\/\/www.geneticmatrixtest.com\/wp-content\/uploads\/2012\/09\/Washington-Denzel-spp.jpg\" alt=\"\" width=\"180\" height=\"119\" \/><\/a>\r\n\r\n<a href=\"https:\/\/www.geneticmatrix.com\/day-doris-human-design-chart.html\"><img class=\"alignnone wp-image-12397\" title=\"Doris Day - Splenic Projector\" src=\"https:\/\/www.geneticmatrixtest.com\/wp-content\/uploads\/2012\/09\/Day-Doris-spp.jpg\" alt=\"\" width=\"180\" height=\"119\" \/><\/a>\r\n\r\n<a href=\"https:\/\/www.geneticmatrix.com\/mahler-gustav-human-design-chart.html\"><img class=\"alignnone wp-image-12398\" title=\"Gustav Mahler - Splenic Projector\" src=\"https:\/\/www.geneticmatrixtest.com\/wp-content\/uploads\/2012\/09\/Mahler-Gustav.jpg\" alt=\"\" width=\"180\" height=\"119\" \/><\/a>\r\n\r\n<a href=\"https:\/\/www.geneticmatrix.com\/obama-barack-human-design-chart.html\"><img class=\"alignnone wp-image-12399\" title=\"Barack Obama - Emotional Projector\" src=\"https:\/\/www.geneticmatrixtest.com\/wp-content\/uploads\/2012\/09\/Obama-Barack-P1.jpg\" alt=\"\" width=\"180\" height=\"119\" \/><\/a>\r\n\r\n<a href=\"https:\/\/www.geneticmatrix.com\/monroe-marilyn-human-design-chart.html\"><img class=\"alignnone wp-image-12400\" title=\"Marilyn Monroe - Emotional Projector\" src=\"https:\/\/www.geneticmatrixtest.com\/wp-content\/uploads\/2012\/09\/Monroe-Marilyn-P1.jpg\" alt=\"\" width=\"180\" height=\"119\" \/><\/a>\r\n\r\n<a href=\"https:\/\/www.geneticmatrix.com\/baker-chet-human-design-chart.html\"><img class=\"alignnone wp-image-12401\" title=\"Chet Baker - Splenic Projector\" src=\"https:\/\/www.geneticmatrixtest.com\/wp-content\/uploads\/2012\/09\/Baker-Chet-spp.jpg\" alt=\"\" width=\"180\" height=\"119\" \/><\/a>\r\n\r\n<a href=\"https:\/\/www.geneticmatrix.com\/churchill-sir_winston-human-design-chart.html\"><img class=\"alignnone wp-image-12402\" title=\"Sir Winston Churchill - Emotional Projector\" src=\"https:\/\/www.geneticmatrixtest.com\/wp-content\/uploads\/2012\/09\/Churchill-Sir-Winston.jpg\" alt=\"\" width=\"180\" height=\"119\" \/><\/a>\r\n\r\n<a href=\"https:\/\/www.geneticmatrix.com\/williams-serena-human-design-chart.html\"><img class=\"alignnone wp-image-12403\" title=\"Serena Williams - Mental Projector\" src=\"https:\/\/www.geneticmatrixtest.com\/wp-content\/uploads\/2012\/09\/Williams-Serena-.jpg\" alt=\"\" width=\"180\" height=\"119\" \/><\/a>\r\n\r\n<a href=\"https:\/\/www.geneticmatrix.com\/spielberg-steven-human-design-chart.html\"><img class=\"alignnone wp-image-12404\" title=\"Steven Spielberg - Self Projected Projector\" src=\"https:\/\/www.geneticmatrixtest.com\/wp-content\/uploads\/2012\/09\/Spielberg-Steven.jpg\" alt=\"\" width=\"180\" height=\"119\" \/><\/a>\r\n\r\n&nbsp;\r\n\r\n&nbsp;\r\n\r\n<\/div><\/li>\r\n<\/ul>\r\n<\/div>\r\n<\/div>\r\n<div class=\"clear\"><\/div>\r\n<\/div>\r\n<div class=\"r_content right mar_top\"><\/div>\r\n<div class=\"r_content right mar_top\"><\/div>\r\n<div class=\"r_content right mar_top\"><\/div>\r\n<div class=\"r_content right mar_top\"><\/div>\r\n<div class=\"r_content right mar_top\"><\/div>\r\n<div class=\"r_content right mar_top\"><\/div>\r\n<div class=\"r_content right mar_top\"><\/div>\r\n<div class=\"r_content right mar_top\"><\/div>\r\n<div class=\"r_content right mar_top\"><\/div>\r\n<div class=\"r_content right mar_top\"><\/div>\r\n<div class=\"r_content right mar_top\"><\/div>\r\n<div class=\"r_content right mar_top\"><\/div>\r\n<div class=\"clear\"><\/div>\r\n<\/div>","protected":false},"excerpt":{"rendered":"<p>Casa \u00bb Centro De Informacoes\u00bbTipos \u00bb Design Humano &#8211; Projetor Design Humano &#8211; Projetor Os Projetores s\u00e3o 22% da popula\u00e7\u00e3o mundial. O papel natural do Projetor \u00e9 ser o guia convidado para os Tipos de Energia Sacral (Geradores e Geradores Manifestante). Estrat\u00e9gia &#8211; Se o Projetor aguardar um convite antes de embarcar em dire\u00e7\u00f5es importantes&hellip; <a class=\"more-link\" href=\"https:\/\/www.geneticmatrix.com\/pt-pt\/design-humano-projetor\/\">Continue a ler <span class=\"screen-reader-text\">Design Humano &#8211; Projetor<\/span><\/a><\/p>\n","protected":false},"author":1,"featured_media":0,"parent":0,"menu_order":0,"comment_status":"closed","ping_status":"closed","template":"","meta":{"footnotes":""},"class_list":["post-12373","page","type-page","status-publish","hentry","entry"],"_links":{"self":[{"href":"https:\/\/www.geneticmatrix.com\/pt-pt\/wp-json\/wp\/v2\/pages\/12373","targetHints":{"allow":["GET"]}}],"collection":[{"href":"https:\/\/www.geneticmatrix.com\/pt-pt\/wp-json\/wp\/v2\/pages"}],"about":[{"href":"https:\/\/www.geneticmatrix.com\/pt-pt\/wp-json\/wp\/v2\/types\/page"}],"author":[{"embeddable":true,"href":"https:\/\/www.geneticmatrix.com\/pt-pt\/wp-json\/wp\/v2\/users\/1"}],"replies":[{"embeddable":true,"href":"https:\/\/www.geneticmatrix.com\/pt-pt\/wp-json\/wp\/v2\/comments?post=12373"}],"version-history":[{"count":3,"href":"https:\/\/www.geneticmatrix.com\/pt-pt\/wp-json\/wp\/v2\/pages\/12373\/revisions"}],"predecessor-version":[{"id":255359,"href":"https:\/\/www.geneticmatrix.com\/pt-pt\/wp-json\/wp\/v2\/pages\/12373\/revisions\/255359"}],"wp:attachment":[{"href":"https:\/\/www.geneticmatrix.com\/pt-pt\/wp-json\/wp\/v2\/media?parent=12373"}],"curies":[{"name":"wp","href":"https:\/\/api.w.org\/{rel}","templated":true}]}}