   
{"id":12308,"date":"2020-10-06T11:38:30","date_gmt":"2020-10-06T11:38:30","guid":{"rendered":"https:\/\/www.geneticmatrixtest.com\/?page_id=12308"},"modified":"2021-03-24T10:02:08","modified_gmt":"2021-03-24T10:02:08","slug":"design-humano-gerador","status":"publish","type":"page","link":"https:\/\/www.geneticmatrix.com\/pt-pt\/design-humano-gerador\/","title":{"rendered":"Design Humano - Gerador"},"content":{"rendered":"<div id=\"content\">\r\n<div class=\"test_page\">\r\n<div class=\"breadcam\"><a href=\"\/\">Casa<\/a> \u00bb <a href=\"\/pt-pt\/centro-de-informacoes\/\">Centro De Informacoes<\/a> \u00bb<a href=\"\/pt-pt\/tipos-design-humano\/\">Tipos<\/a> \u00bbDesign Humano - Gerador<\/div>\r\n<\/div>\r\n<div class=\"l_content left mar_top\">\r\n<div class=\"services\">\r\n<h3><strong>Human Design - Generator<\/strong><\/h3>\r\n<ul>\r\n \t<li>Os Geradores Puros s\u00e3o 36% da popula\u00e7\u00e3o mundial.<\/li>\r\n \t<li>A aura geradora \u00e9 aberta e inclusiva. \u00c9 a \u00fanica defesa que eles t\u00eam dos outros por causa desta aura aberta e inclusiva \u00e9 usar a sua Estrat\u00e9gia e Autoridade Interior.<\/li>\r\n<\/ul>\r\n\r\n<hr \/>\r\n\r\n<img class=\"alignnone size-full wp-image-2601\" title=\"The Generator\" src=\"\/wp-content\/uploads\/2012\/09\/Generator-Site.png\" alt=\"\" width=\"664\" height=\"487\" \/>\r\n\r\n<hr \/>\r\n\r\n<ul>\r\n \t<li>Se o Gerador espera para responder \u00e0 natureza da sua poderosa aura inclusiva e magn\u00e9tica ela far\u00e1 o seu trabalho e atrair\u00e1 pessoas e oportunidades para o Gerador.<\/li>\r\n \t<li>A aura do Gerador obriga literalmente outros a pedir aos Geradores o uso da sua poderosa fonte de energia Sacral.<\/li>\r\n \t<li>O Gerador obt\u00e9m o seu nome a partir da natureza da sua principal fonte de energia - o Centro Sacral (Centro Gerador).<\/li>\r\n \t<li>O verdadeiro poder do Gerador reside na sua capacidade de responder ao ambiente que o rodeia e a partir dele. Quando respondem corretamente, os Geradores s\u00e3o os tipos mais poderosos de seres humanos.<\/li>\r\n \t<li>H\u00e1 duas varia\u00e7\u00f5es diferentes da Autoridade Interior do Gerador. Sacral e Emocional.<\/li>\r\n \t<li>Os geradores que seguem a sua Estrat\u00e9gia e Autoridade Interior sentem n\u00edveis profundos de satisfa\u00e7\u00e3o quando implantam corretamente a sua energia Sacral. Ao respondercorretamente, t\u00eam a sensa\u00e7\u00e3o de um recurso energ\u00e9tico quase infinitamente ao seu comando<\/li>\r\n \t<li>Os Geradores s\u00e3o os verdadeiros trabalhadores do Mundo porque t\u00eam a capacidade de continuar e continuar. A For\u00e7a Vital criada a partir do seu Centro Sacral \u00e9 a fonte de energia consistente mais poderosa dispon\u00edvel para a humanidade.<\/li>\r\n \t<li>Os Geradores devem esgotar totalmente a sua energia antes do sono para garantir uma regenera\u00e7\u00e3o total durante a noite.<\/li>\r\n \t<li>O Centro Sacral do Geradores foi projetado para \"regenerar\" totalmente ap\u00f3s uma \u00fanica noite de sono. Mas isto s\u00f3 funciona corretamente se puder regenerar-se de um estado esgotado.<\/li>\r\n \t<li>Os Geradores que n\u00e3o seguem a sua Estrat\u00e9gia e Autoridade Interior s\u00e3o propensos a ficar presos em situa\u00e7\u00f5es e podem ficar muito frustrados com as suas vidas. Tamb\u00e9m n\u00e3o obter\u00e3o nenhuma satisfa\u00e7\u00e3o pessoal com o uso da sua poderosa energia da For\u00e7a Vital.<\/li>\r\n \t<li>Os Geradores que n\u00e3o seguem a sua Estrat\u00e9gia e a Autoridade Interior tamb\u00e9m s\u00e3o propensos a tornarem-se escravos de todos os outros.<\/li>\r\n<\/ul>\r\n<\/div>\r\n\r\n<hr \/>\r\n\r\n<div class=\"pure_gen_outer\">\r\n<div class=\"pure_generators left\">\r\n\r\n<strong>36% da popula\u00e7\u00e3o mundial s\u00e3o Geradores.<\/strong>\r\n\r\nOs Geradores s\u00e3o as pessoas que fornecem energia cont\u00ednua e energia vital ao mundo. Estas s\u00e3o as pessoas com poder permanente. O Centro Sacral no seu corpo \u00e9 a chave para o seu poder puro. Cria a energia vital da for\u00e7a vital necess\u00e1ria para a a\u00e7\u00e3o, vida, fazer e criar. \u00c9 tamb\u00e9m o centro da nossa sexualidade e, assim, assegura a continua\u00e7\u00e3o da nossa esp\u00e9cie.\r\n\r\n&nbsp;\r\n\r\nOs Geradores Puros s\u00e3o pessoas que t\u00eam o seu Centro Sacral ativado e ligado a toda a hora, mas n\u00e3o t\u00eam qualquer liga\u00e7\u00e3o com o centro de manifesta\u00e7\u00e3o e express\u00e3o humana, o Centro da Garganta.\r\n\r\n&nbsp;\r\n\r\nA maioria de n\u00f3s foi ensinada, acariciada ou criada como crian\u00e7as para acreditar que devemos iniciar a a\u00e7\u00e3o. H\u00e1 uma cren\u00e7a defeituosa no mundo de que todos devemos simplesmente \"fazer\". Acreditamos que somos Manifestadores e, portanto, podemos fazer qualquer coisa, sempre que quisermos. Mas isso n\u00e3o \u00e9 verdade para 91% da popula\u00e7\u00e3o mundial.\r\n\r\n&nbsp;\r\n\r\nA maior li\u00e7\u00e3o para um gerador \u00e9 aprender a responder \u00e0 vida a partir do seu \"intestino\". Sim, t\u00eam energia para queimar; energia para fazer todo o tipo de coisas feitas; mas podem esperar pela sua deixa do mundo?\r\n\r\n&nbsp;\r\n\r\nSe puderem, todas as formas de frustra\u00e7\u00e3o s\u00e3o eliminadas das suas vidas e s\u00e3o substitu\u00eddas por um profundo sentimento de satisfa\u00e7\u00e3o. Respondendo de dentro de si mesmos a qualquer que seja a vida que envia o seu caminho, a vida torna-se uma experi\u00eancia alegre e satisfat\u00f3ria para todos os Geradores.\r\nOs Geradores geralmente tomam iniciativa porque t\u00eam medo que nada aconte\u00e7a de outra forma. E esta \u00e9 a armadilha que os escraviza. Se o Gerador tiver a coragem de esperar, aprender\u00e3o muito rapidamente que este medo \u00e9 infundado.\r\n\r\n&nbsp;\r\n\r\nA energia infinita da for\u00e7a de vida que o Gerador det\u00e9m dentro do seu centro Sacral \u00e9 como um \u00edman muito poderoso que atrai oportunidades atrav\u00e9s da sua aura envolvente. Outras pessoas anseiam pelo acesso a esse enorme recurso energ\u00e9tico e o Gerador n\u00e3o tem de esperar muito at\u00e9 que outras pessoas comecem a pedir acesso a este recurso.\r\n\r\n&nbsp;\r\n\r\nQuando o Gerador espera que a vida se apresente, tornam-se como um buraco negro magn\u00e9tico que atrai tudo e todos automaticamente. Todas as coisas vir\u00e3o ao Gerador no seu pr\u00f3prio tempo \u2013 n\u00e3o precisam de tomar iniciativa para tentar fazer as coisas acontecerem. Tudo o que \u00e9 projetado e est\u00e1 certo para eles ser\u00e1 atra\u00eddo automaticamente. Trabalho, relacionamentos, boa sorte, tudo.\r\n\r\n&nbsp;\r\n\r\nOs Geradores s\u00e3o projetados para fluir no \"agora\" com a corrente da vida, tomando as suas deixas de a\u00e7\u00e3o como eles aparecem. Os Geradores n\u00e3o est\u00e3o aqui para se preocuparem com o futuro. O seu futuro correto vir\u00e1 automaticamente se responderem no \"agora\" ao que a vida lhes d\u00e1.\r\n\r\n&nbsp;\r\n\r\nOs Geradores, com as suas enormes fontes energ\u00e9ticos, tamb\u00e9m est\u00e3o aqui para alcan\u00e7ar o dom\u00ednio da vida. Est\u00e3o aqui para dominar o que fizerem com que se comprometam corretamente atrav\u00e9s da resposta.\r\n\r\n&nbsp;\r\n\r\nUm grande sinal de que os Geradores devem ter cuidado como indica\u00e7\u00e3o de que est\u00e3o a responder e a funcionar corretamente \u00e9 a \"sincroniza\u00e7\u00e3o\". As coisas come\u00e7am magicamente a acontecer ou a aparecer automaticamente na vida deles. Parecem ser \"sortudos\".\r\n\r\n&nbsp;\r\n\r\n\u00c9 perfeitamente poss\u00edvel que os Geradores que sa\u00edram e se manifestaram sem refer\u00eancia ao seu Centro Sacral possam, de facto, ter sido bem-sucedidos, mas raramente s\u00e3o felizes, satisfeitos ou realizados.\r\n\r\n&nbsp;\r\n\r\nMuitas vezes, os Geradores encontram-se envolvidos em projetos ou est\u00e3o comprometidos com algu\u00e9m ou algo que n\u00e3o det\u00e9m realmente o seu interesse ou os traz a realiza\u00e7\u00e3o. S\u00f3 o est\u00e3o a fazer porque parece que algu\u00e9m tem de o fazer e \u00e9 eles que t\u00eam energia! Claro que ficam intensamente frustrados, sendo escravos de outra pessoa, dando o seu poder a quem quiser.\r\n\r\n&nbsp;\r\n\r\nA li\u00e7\u00e3o simples, mas profunda, para todos os Geradores \u00e9 saber de dentro de si mesmos a quem e ao que se v\u00e3o comprometer. \u00c9 preciso sublinhar que os Geradores precisam de saber desde o in\u00edcio de qualquer atividade se v\u00e3o ou n\u00e3o se comprometer, porque uma vez que tenham comprometido a sua consider\u00e1vel energia a algo ou a algu\u00e9m, n\u00e3o h\u00e1 volta sem uma consider\u00e1vel frustra\u00e7\u00e3o e inconveni\u00eancia.\r\n\r\n&nbsp;\r\n\r\nOs Geradores t\u00eam um interruptor \"ligado\", mas n\u00e3o t\u00eam um interruptor \"desligado\". Se descobrirem, passados alguns minutos, que quem ou o que acabam de se comprometer n\u00e3o lhes conv\u00e9m, \u00e9 tarde demais para parar. Aquele Centro Sacral tem de seguir at\u00e9 \u00e0 conclus\u00e3o assim que tiver algum tipo de impulso. Mas se o Gerador est\u00e1 desesperado para parar e desiste, normalmente encontram-se em tumulto. O \u00faltimo recurso para um Gerador \u00e9 desistir.\r\n\r\n&nbsp;\r\n\r\nA import\u00e2ncia do Centro Sacral para um Gerador n\u00e3o pode ser sobrestimada. A sua estrat\u00e9gia para viver a vida corretamente vem de como este Centro Sacral \u00e9 realmente projetado para funcionar.\r\n\r\n&nbsp;\r\n\r\nO Centro Sacral s\u00f3 pode responder no momento com uma resposta \"sim\" ou \"n\u00e3o\". N\u00e3o usa palavras para transmitir estas respostas. Produz sons do interior da \u00e1rea do est\u00f4mago. Estes sons s\u00e3o como grunhidos ou rosnados que, quando se pode interpretar este som \"sim\" ou \"n\u00e3o\", leva o Gerador a tomar decis\u00f5es corretas para a sua vida.\r\n\r\n&nbsp;\r\n\r\nO trabalho dos Geradores \u00e9 come\u00e7ar a notar estes grunhidos sacrais e perceber que eles s\u00e3o o seu mecanismo de resposta. A estrat\u00e9gia do Gerador para viver a sua vida \u00e9 esperar para responder.\r\n\r\n&nbsp;\r\n\r\nAlguns Geradores confundem-se com a palavra \"espera\", mas quando est\u00e1s acordado e a reparar em tudo o que se passa \u00e0 tua volta, esperar significa simplesmente ouvir a tua resposta sacral antes de agires.\r\n\r\n&nbsp;\r\n\r\nPara todos os Geradores esta \u00e9 a chave para mudar toda a sua vida, para que voc\u00ea viva apenas quem voc\u00ea \u00e9, sem desperdi\u00e7ar o precioso poder do Centro Sacral.\r\n\r\n&nbsp;\r\n\r\nQuando o Gerador encontra a sua resposta sacral, podem obter o \"sim\" ou \"n\u00e3o\" que \u00e9 necess\u00e1rio para que eles avancem com a sua vida. Esta resposta pode vir sob a forma de um grunhido, \"uhuh\", ou \"unhuh\" ou pode ser apenas um sentimento, um levantamento ou uma defla\u00e7\u00e3o. O Gerador precisa de estar muito familiarizado com a sua resposta sacral, e precisam de tempo para o verificar. A resposta pode n\u00e3o vir imediatamente.\r\n\r\n&nbsp;\r\n\r\nTodos os Geradores atingem um n\u00edvel onde ficam presos. Sentem uma barreira e \u00e0s vezes voltam atr\u00e1s. Se reagiu corretamente, ent\u00e3o \u00e9 importante que a ultrapasse esta barreira para que possa chegar ao n\u00edvel seguinte. \u00c9 quase como se fosse um teste, para que tenha a oportunidade de perguntar ao seu Centro Sacral, de novo, se \u00e9 isso que realmente quer. Empurrar a barreira confirmar-lhe-\u00e1 que est\u00e1 no caminho certo.\r\n\r\n&nbsp;\r\n\r\nOs Geradores s\u00e3o os trabalhadores e podem tornar-se escravos se n\u00e3o ouvirem o seu Centro Sacral. Um Manifestador ir\u00e1 sempre iniciar e esperar que o Gerador seja o seu \"fazedor\". Um Projetor tentar\u00e1 prender-se \u00e0 energia do Gerador da mesma forma.\r\n\r\n&nbsp;\r\n\r\nPor isso, os Geradores devem lembrar-se de verificar com o seu Centro Sacral antes de consentir em apenas \"fazer\" o que o Manifestador, o Projetor ou qualquer outro tipo sugere. Devem tomar consci\u00eancia e deixar de viver em \"piloto autom\u00e1tico\". \u00c9 por isso que o Gerador \u00e9 considerado um escravo natural. Eles s\u00e3o son\u00e2mbulos, entregando a sua energia a todos os outros, em vez de ouvir a sua sabedoria interior; seu Centro Sacral.\r\n\r\n&nbsp;\r\n\r\nA maioria dos Geradores vive uma labuta repetitiva da \"rotina di\u00e1ria\"; apenas lutando para ganhar a vida. Mas t\u00eam sempre um descontentamento e frustra\u00e7\u00e3o que est\u00e3o aqui para outro prop\u00f3sito.\r\n\r\n&nbsp;\r\n\r\nAll a Generator needs to do is respond correctly and their purpose will find them.\r\n\r\n<hr \/>\r\n\r\n<!--<a style=\"font-size: 13px; text-align: center;\" href=\"\/human-design-services\/\"><img class=\"alignnone size-full wp-image-3816\" style=\"opacity: 0.9; float: right;\" title=\"Unlock Your Potential - Click Here\" src=\"https:\/\/www.geneticmatrix.com\/wp-content\/uploads\/2012\/09\/gmkey.png\" alt=\"\" width=\"139\" height=\"69\" \/>\r\n<\/a>-->\r\n\r\n&nbsp;\r\n\r\n&nbsp;\r\n\r\n<\/div>\r\n<div class=\"right pure_generators_l\">\r\n<ul>\r\n \t<li>\r\n<div><\/div>\r\n<div><\/div>\r\n<a href=\"https:\/\/www.geneticmatrix.com\/aguilera-christina-human-design-chart.html\"><img title=\"Christina Aguilera - Emotional Generator\" src=\"\/wp-content\/uploads\/2012\/09\/Aguilera-Christina-1.jpg\" alt=\"\" width=\"180\" height=\"120\" \/><\/a><\/li>\r\n \t<li><a href=\"https:\/\/www.geneticmatrix.com\/armstrong-neil-human-design-chart.html\"><img title=\"Neil Armstrong - Pure Generator\" src=\"https:\/\/www.geneticmatrix.com\/wp-content\/uploads\/\" alt=\"\" width=\"180\" height=\"120\" \/><\/a><a href=\"https:\/\/www.geneticmatrix.com\/winfrey-oprah-human-design-chart.html\"><img title=\"Oprah Winfrey - Emotional Generator\" src=\"https:\/\/www.geneticmatrix.com\/wp-content\/uploads\/\" alt=\"\" width=\"180\" height=\"119\" \/><\/a><a href=\"https:\/\/www.geneticmatrix.com\/pasteur-louis-human-design-chart.html\"><img title=\"Louis Pasteur - Pure Generator\" src=\"https:\/\/www.geneticmatrix.com\/wp-content\/uploads\/2020\/09\/user-106341.jpg\" alt=\"\" width=\"180\" height=\"119\" \/><\/a><a href=\"https:\/\/www.geneticmatrix.com\/chanel-coco-human-design-chart.html\"><img class=\"alignnone wp-image-12324\" title=\"Chanel Coco - Pure Generator\" src=\"https:\/\/www.geneticmatrixtest.com\/wp-content\/uploads\/2012\/09\/Chanel-Coco.jpg\" alt=\"\" width=\"180\" height=\"119\" \/><\/a><a href=\"https:\/\/www.geneticmatrix.com\/dion-celine-human-design-chart.html\"><img title=\"Celine Dion - Emotional Generator\" src=\"https:\/\/www.geneticmatrix.com\/wp-content\/uploads\/2020\/09\/user-106394.png\" alt=\"\" width=\"180\" height=\"119\" \/><\/a><a href=\"https:\/\/www.geneticmatrix.com\/chaplin-sir_charlie-human-design-chart.html\"><img title=\"Sir Charlie Chaplin - Pure Generator\" src=\"https:\/\/www.geneticmatrix.com\/wp-content\/uploads\/2020\/09\/user-106289.jpg\" alt=\"\" width=\"180\" height=\"119\" \/><\/a><a href=\"https:\/\/www.geneticmatrix.com\/beethoven-ludwig_van-human-design-chart.html\"><img class=\"alignnone wp-image-12329\" title=\"Ludwig van Beethoven - Pure Gnerator\" src=\"https:\/\/www.geneticmatrixtest.com\/wp-content\/uploads\/2012\/09\/Beethoven-1.jpg\" alt=\"\" width=\"180\" height=\"119\" \/><\/a><a style=\"line-height: 1.6em;\" href=\"https:\/\/www.geneticmatrix.com\/depardieu-gerard-human-design-chart.html\"><img class=\"wp-image-12310 alignnone\" title=\"Gerard Depardieu - Pure Generator\" src=\"https:\/\/www.geneticmatrixtest.com\/wp-content\/uploads\/2012\/09\/Depardieu-Gerard-p1.jpg\" alt=\"\" width=\"179\" height=\"120\" \/><\/a><a href=\"https:\/\/www.geneticmatrix.com\/nightingale-florence-human-design-chart.html\"><img title=\"Florence Nightingale - Emotional Generator\" src=\"https:\/\/www.geneticmatrix.com\/wp-content\/uploads\/2020\/09\/user-106410.jpg\" alt=\"\" width=\"180\" height=\"119\" \/><\/a><a href=\"https:\/\/www.geneticmatrix.com\/cosby-bill-human-design-chart.html\"><img class=\"alignnone wp-image-12312\" title=\"Bill Cosby - Pure Generator\" src=\"https:\/\/www.geneticmatrixtest.com\/wp-content\/uploads\/2012\/09\/Cosby-Bill-p.jpg\" alt=\"\" width=\"180\" height=\"119\" \/><\/a><a href=\"https:\/\/www.geneticmatrix.com\/downey_jr-robert-human-design-chart.html\"><img class=\"alignnone wp-image-12313\" title=\"Robert Downey, Jr - Pure Generator\" src=\"https:\/\/www.geneticmatrixtest.com\/wp-content\/uploads\/2012\/09\/Downey-Jr-Robert2.jpg\" alt=\"\" width=\"180\" height=\"119\" \/><\/a>\r\n\r\n<a href=\"https:\/\/www.geneticmatrix.com\/ellington-duke-human-design-chart.html\"><img class=\"alignnone wp-image-12314\" title=\"Duke Ellington - Pure Generator\" src=\"https:\/\/www.geneticmatrixtest.com\/wp-content\/uploads\/2012\/09\/Ellington-Duke-P1.jpg\" alt=\"\" width=\"180\" height=\"119\" \/><\/a>\r\n\r\n<a href=\"https:\/\/www.geneticmatrix.com\/jarrett-keith-human-design-chart.html\"><img class=\"alignnone wp-image-12316\" title=\"Keith Jarrett - Pure Generator \" src=\"https:\/\/www.geneticmatrixtest.com\/wp-content\/uploads\/2012\/09\/Jarrett-Keith-p1.jpg\" alt=\"\" width=\"180\" height=\"119\" \/><\/a>\r\n\r\n<a href=\"https:\/\/www.geneticmatrix.com\/branson-sir_richard-human-design-chart.html\"><img class=\"alignnone wp-image-12318\" title=\"Sir Richard Branson - Pure Generator\" src=\"https:\/\/www.geneticmatrixtest.com\/wp-content\/uploads\/2012\/09\/Branson-Richard-P.jpg\" alt=\"\" width=\"180\" height=\"119\" \/><\/a>\r\n\r\n<a href=\"https:\/\/www.geneticmatrix.com\/craig-daniel-human-design-chart.html\"><img class=\"alignnone wp-image-12319\" title=\"Daniel Craig - Emotional Generator\" src=\"https:\/\/www.geneticmatrixtest.com\/wp-content\/uploads\/2012\/09\/Craig-Daniel.jpg\" alt=\"\" width=\"180\" height=\"119\" \/><\/a>\r\n\r\n<a href=\"https:\/\/www.geneticmatrix.com\/fonteyn-margot-human-design-chart.html\"><img class=\"alignnone wp-image-12322\" title=\"Fonteyn Margot - Emotional Generator\" src=\"https:\/\/www.geneticmatrixtest.com\/wp-content\/uploads\/2012\/09\/Fonteyn-Margot.jpg\" alt=\"\" width=\"180\" height=\"119\" \/><\/a>\r\n\r\n<a href=\"https:\/\/www.geneticmatrix.com\/ronaldo-cristiano-human-design-chart.html\"><img class=\"alignnone wp-image-12325\" title=\"Cristiano Ronaldo - Pure Generator\" src=\"https:\/\/www.geneticmatrixtest.com\/wp-content\/uploads\/2012\/09\/Ronaldo-Cristiano.jpg\" alt=\"\" width=\"180\" height=\"119\" \/><\/a>\r\n\r\n<a href=\"https:\/\/www.geneticmatrix.com\/mendeleev-dmitri-human-design-chart.html\"><img class=\"alignnone wp-image-12326\" title=\"Dmitri Mendeleev - Emotional Generator\" src=\"https:\/\/www.geneticmatrixtest.com\/wp-content\/uploads\/2012\/09\/Mendeleev-Dmitri.jpg\" alt=\"\" width=\"180\" height=\"119\" \/><\/a>\r\n\r\n<a href=\"https:\/\/www.geneticmatrix.com\/pattinson-robert-human-design-chart.html\"><img title=\"Robert Pattinson - Emotional Generator\" src=\"https:\/\/www.geneticmatrix.com\/wp-content\/uploads\/\" alt=\"\" width=\"180\" height=\"119\" \/><\/a>\r\n\r\n<a href=\"https:\/\/www.geneticmatrix.com\/montessori-maria-human-design-chart.html\"><img class=\"alignnone wp-image-12327\" title=\"Maria Montessori - Emotional Gnerator\" src=\"https:\/\/www.geneticmatrixtest.com\/wp-content\/uploads\/2012\/09\/Montessori-Maria.jpg\" alt=\"\" width=\"180\" height=\"119\" \/><\/a>\r\n<p style=\"text-align: center;\"><\/p>\r\n<\/li>\r\n<\/ul>\r\n<\/div>\r\n&nbsp;\r\n\r\n&nbsp;\r\n\r\n<\/div>\r\n&nbsp;\r\n\r\n&nbsp;\r\n\r\n<\/div>\r\n<div class=\"r_content right mar_top\"><\/div>\r\n<div class=\"r_content right mar_top\"><\/div>\r\n<div class=\"clear\"><\/div>\r\n<\/div>","protected":false},"excerpt":{"rendered":"<p>Casa \u00bb Centro De Informacoes \u00bbTipos \u00bbDesign Humano &#8211; Gerador Human Design &#8211; Generator Os Geradores Puros s\u00e3o 36% da popula\u00e7\u00e3o mundial. A aura geradora \u00e9 aberta e inclusiva. \u00c9 a \u00fanica defesa que eles t\u00eam dos outros por causa desta aura aberta e inclusiva \u00e9 usar a sua Estrat\u00e9gia e Autoridade Interior. Se o&hellip; <a class=\"more-link\" href=\"https:\/\/www.geneticmatrix.com\/pt-pt\/design-humano-gerador\/\">Continue a ler <span class=\"screen-reader-text\">Design Humano &#8211; Gerador<\/span><\/a><\/p>\n","protected":false},"author":1,"featured_media":0,"parent":0,"menu_order":0,"comment_status":"closed","ping_status":"closed","template":"","meta":{"footnotes":""},"class_list":["post-12308","page","type-page","status-publish","hentry","entry"],"_links":{"self":[{"href":"https:\/\/www.geneticmatrix.com\/pt-pt\/wp-json\/wp\/v2\/pages\/12308","targetHints":{"allow":["GET"]}}],"collection":[{"href":"https:\/\/www.geneticmatrix.com\/pt-pt\/wp-json\/wp\/v2\/pages"}],"about":[{"href":"https:\/\/www.geneticmatrix.com\/pt-pt\/wp-json\/wp\/v2\/types\/page"}],"author":[{"embeddable":true,"href":"https:\/\/www.geneticmatrix.com\/pt-pt\/wp-json\/wp\/v2\/users\/1"}],"replies":[{"embeddable":true,"href":"https:\/\/www.geneticmatrix.com\/pt-pt\/wp-json\/wp\/v2\/comments?post=12308"}],"version-history":[{"count":0,"href":"https:\/\/www.geneticmatrix.com\/pt-pt\/wp-json\/wp\/v2\/pages\/12308\/revisions"}],"wp:attachment":[{"href":"https:\/\/www.geneticmatrix.com\/pt-pt\/wp-json\/wp\/v2\/media?parent=12308"}],"curies":[{"name":"wp","href":"https:\/\/api.w.org\/{rel}","templated":true}]}}