   
{"id":12300,"date":"2020-10-06T09:19:17","date_gmt":"2020-10-06T09:19:17","guid":{"rendered":"https:\/\/www.geneticmatrixtest.com\/?page_id=12300"},"modified":"2020-10-23T10:08:38","modified_gmt":"2020-10-23T10:08:38","slug":"o-design-humano-tem-as-respostas-para-voce","status":"publish","type":"page","link":"https:\/\/www.geneticmatrix.com\/pt-pt\/o-design-humano-tem-as-respostas-para-voce\/","title":{"rendered":"O Design Humano tem as respostas para voc\u00ea"},"content":{"rendered":"<div id=\"content\">\r\n<div class=\"test_page\">\r\n<div class=\"breadcam\"><a href=\"\/\">Casa<\/a> \u00bb O Design Humano tem as respostas para voc\u00ea<\/div>\r\n<div class=\"humen-design-answers\">\r\n<h2>O Design Humano tem as respostas para voc\u00ea<\/h2>\r\n<div class=\"image-center times-image\"><img src=\"https:\/\/www.geneticmatrix.com\/wp-content\/themes\/twentyten\/images\/theanswers.jpg\" alt=\"\" \/><\/div>\r\n<div class=\"challange-mind-chart\">\r\n\r\nTodos somos desafiados de uma mir\u00edade de formas diferentes que \u00e0s vezes parecem nunca ter fim.\r\n\r\nPara a maioria das pessoas, a vida \u00e9 tentar \"entender\"; aprender a \"viver conforme as regras\"; tentar \"pensar as coisas logicamente\" s\u00f3 para que possamos ter alguma paz e alegria interior.\r\n\r\n<\/div>\r\n<div class=\"image-center\"><img src=\"https:\/\/www.geneticmatrix.com\/wp-content\/themes\/twentyten\/images\/talkingheads.jpg\" alt=\"\" \/><\/div>\r\n<div class=\"freedom-offers\">\r\n<div class=\"image-left\"><img src=\"https:\/\/www.geneticmatrix.com\/wp-content\/themes\/twentyten\/images\/White water Rafting.jpg\" alt=\"\" \/><\/div>\r\n<div class=\"text-center\">\r\n\r\nA liberdade que o Design Humano nos oferece \u00e9 de aprender sobre as nossas fontes de sucesso INTERIORES e seguir o que \"ouvimos\" l\u00e1 dentro. Assim que come\u00e7amos a viver de forma verdadeira quem somos projetados para ser, a vida torna-se muito mais f\u00e1cil. J\u00e1 n\u00e3o somos o salm\u00e3o que nada rio acima para desovar (a menos que escolhamos esse curso pelo mero aspecto divertido do desafio). Percebemos, cada vez mais, que podemos flutuar rio abaixo, encontrando maior felicidade e paz ao longo do caminho - e ainda \"chegar aonde queremos\" (mas num estado de esp\u00edrito muito melhor!).\r\n\r\n<\/div>\r\n<div class=\"image-right\"><img src=\"https:\/\/www.geneticmatrix.com\/wp-content\/themes\/twentyten\/images\/raft-floating.jpg\" alt=\"\" \/><\/div>\r\n<\/div>\r\n<h2 style=\"text-transform: capitalize; margin-bottom: 0; text-align: left;\">Como \u00e9 que isto \u00e9 poss\u00edvel?<\/h2>\r\n<div class=\"just-doit man-yoga\">\r\n<div class=\"text-left-align\">\r\n\r\nO Design Humano \u00e9 capaz de nos mostrar o nosso pr\u00f3prio mecanismo interior de como escutar especificamente aquilo que \u00e9 certo para nosso pr\u00f3prio indiv\u00edduo. Cada um de n\u00f3s foi projetado de forma diferente com a sua pr\u00f3pria maneira de ouvir esse mecanismo interior para que comecemos a saber no que precisamos prestar aten\u00e7\u00e3o e qual o nosso melhor caminho a seguir (ou n\u00e3o).\r\n\r\n<\/div>\r\n<div class=\"just-image-left\"><img src=\"https:\/\/www.geneticmatrix.com\/wp-content\/themes\/twentyten\/images\/yoga.jpg\" alt=\"\" \/><\/div>\r\n<\/div>\r\n<div class=\"just-doit bodygraph\">\r\n<div class=\"just-image-left\" style=\"text-align: left;\"><img style=\"width: 375px; height: 375px;\" src=\"https:\/\/www.geneticmatrix.com\/wp-content\/themes\/twentyten\/images\/bodygraph.jpg\" alt=\"\" \/><\/div>\r\n<div class=\"text-left-align\">\r\n\r\nEle faz isso atrav\u00e9s de um gr\u00e1fico (tamb\u00e9m chamado de Carta de Desenho Humano) baseado no hor\u00e1rio de nascimento e especifica o seu design gen\u00e9tico \u00fanico - um 'mapa' de quem n\u00f3s viemos a ser nesta vida.\r\n\r\n<\/div>\r\n<\/div>\r\n<p style=\"text-align: center; clear: both;\">Dependendo do hor\u00e1rio de nascimento, cada um de n\u00f3s torna-se um certo 'tipo' que cria uma aura sobre n\u00f3s que \u00e9 projetada para interagir com o mundo de maneiras espec\u00edficas..<\/p>\r\n\r\n<div class=\"freedom-offers trafic-bar\">\r\n<div class=\"image-left\"><img src=\"https:\/\/www.geneticmatrix.com\/wp-content\/themes\/twentyten\/images\/justdoit.jpg\" alt=\"\" \/><\/div>\r\n<div class=\"text-center\">\r\n<p style=\"margin-top: 0;\">Cada 'tipo' tem uma estrat\u00e9gia espec\u00edfica a seguir na vida, a fim de criar maior facilidade e menor resist\u00eancia. Alguns de n\u00f3s somos projetados para tomar iniciativas (como o 'Just Do It' da Nike), enquanto outros trabalham melhor aguardando as oportunidades virem at\u00e9 eles (tamb\u00e9m h\u00e1 outros tipos e estrat\u00e9gias).<\/p>\r\nTamb\u00e9m nascemos com uma \"autoridade\" interior, que determina o melhor momento e forma de tomar decis\u00f5es; pode ser uma sensa\u00e7\u00e3o interna, uma onda emocional, uma resposta gutural autom\u00e1tica, etc. A maioria de n\u00f3s, ao aprender sobre esta \"autoridade\" percebe que j\u00e1 a usamos antes na vida quando as coisas correm bem.\r\n\r\n<\/div>\r\n<div class=\"image-right\"><img src=\"https:\/\/www.geneticmatrix.com\/wp-content\/themes\/twentyten\/images\/traffic lights.jpg\" alt=\"\" \/><\/div>\r\n<\/div>\r\n<div class=\"just-doit just-beyourself\">\r\n<div class=\"just-image-left\" style=\"text-align: left;\"><img style=\"width: 375px; height: 375px;\" src=\"https:\/\/www.geneticmatrix.com\/wp-content\/themes\/twentyten\/images\/justbeyourself.jpg\" alt=\"\" \/><\/div>\r\n<div class=\"text-left-align\">\r\n\r\nAprender conscientemente sobre nosso pr\u00f3prio design \u00e9 um al\u00edvio. Ajuda-nos a compreender a n\u00f3s mesmos e a nossa vida, e nos d\u00e1 as chaves para operarmos a nossa vida com mais sucesso. N\u00e3o precisamos nos perguntar se h\u00e1 algo de errado conosco e que nos leve a fazer escolhas que n\u00e3o nos sirvam.\r\n\r\nFundamentado em conhecer e viver a verdade do seu eu verdadeiro, cresce uma aceita\u00e7\u00e3o de que podemos lidar com a vida sem pensar que os outros \u00e9 que t\u00eam as respostas. Percebemos a necessidade da nossa mente em ter uma l\u00f3gica e, em vez de a ouvirmos, verificamos dentro do que \u00e9 o nosso \u00b4verdadeiro\u00b4 eu \u2013 o que parece \u00b4certo\u00b4.\r\n\r\n<\/div>\r\n<\/div>\r\n<div class=\"just-doit manwithdog\" style=\"padding-bottom: 20px; margin: 10px 0 0;\">\r\n<div class=\"text-left-align\" style=\"margin: 18px 60px 0 0;\">\r\n\r\nOs medos come\u00e7am a diminuir. N\u00e3o h\u00e1 nada para \"descobrir\" uma vez que aprendemos sobre nosso pr\u00f3prio design \u00fanico e a melhor forma de responder \u00e0 vida. Tudo o que resta \u00e9 viver a vida plenamente e desfrutar da experi\u00eancia de ser quem estamos destinados a ser.\r\n<p style=\"font-size: 17px; font-weight: bold;\">Voc\u00ea sabe quem voc\u00ea \u00e9? Voc\u00ea sabe quem voc\u00ea \u00e9? Voc\u00ea sabe o que voc\u00ea \u00e9? O Design Humano \u00e9 a resposta. Vai lhe dizer o que quer saber. Ele tem as respostas para voc\u00ea.<\/p>\r\n.\r\n\r\n<\/div>\r\n<div class=\"just-image-left\"><img src=\"https:\/\/www.geneticmatrix.com\/wp-content\/themes\/twentyten\/images\/manwithdog.jpg\" alt=\"\" \/><\/div>\r\n<\/div>\r\n<\/div>\r\n<\/div>\r\n<div style=\"clear: both;\"><\/div>\r\n<\/div>","protected":false},"excerpt":{"rendered":"<p>Casa \u00bb O Design Humano tem as respostas para voc\u00ea O Design Humano tem as respostas para voc\u00ea Todos somos desafiados de uma mir\u00edade de formas diferentes que \u00e0s vezes parecem nunca ter fim. Para a maioria das pessoas, a vida \u00e9 tentar &#8220;entender&#8221;; aprender a &#8220;viver conforme as regras&#8221;; tentar &#8220;pensar as coisas logicamente&#8221;&hellip; <a class=\"more-link\" href=\"https:\/\/www.geneticmatrix.com\/pt-pt\/o-design-humano-tem-as-respostas-para-voce\/\">Continue a ler <span class=\"screen-reader-text\">O Design Humano tem as respostas para voc\u00ea<\/span><\/a><\/p>\n","protected":false},"author":1,"featured_media":0,"parent":0,"menu_order":0,"comment_status":"closed","ping_status":"closed","template":"","meta":{"footnotes":""},"class_list":["post-12300","page","type-page","status-publish","hentry","entry"],"_links":{"self":[{"href":"https:\/\/www.geneticmatrix.com\/pt-pt\/wp-json\/wp\/v2\/pages\/12300","targetHints":{"allow":["GET"]}}],"collection":[{"href":"https:\/\/www.geneticmatrix.com\/pt-pt\/wp-json\/wp\/v2\/pages"}],"about":[{"href":"https:\/\/www.geneticmatrix.com\/pt-pt\/wp-json\/wp\/v2\/types\/page"}],"author":[{"embeddable":true,"href":"https:\/\/www.geneticmatrix.com\/pt-pt\/wp-json\/wp\/v2\/users\/1"}],"replies":[{"embeddable":true,"href":"https:\/\/www.geneticmatrix.com\/pt-pt\/wp-json\/wp\/v2\/comments?post=12300"}],"version-history":[{"count":0,"href":"https:\/\/www.geneticmatrix.com\/pt-pt\/wp-json\/wp\/v2\/pages\/12300\/revisions"}],"wp:attachment":[{"href":"https:\/\/www.geneticmatrix.com\/pt-pt\/wp-json\/wp\/v2\/media?parent=12300"}],"curies":[{"name":"wp","href":"https:\/\/api.w.org\/{rel}","templated":true}]}}