   
{"id":14385,"date":"2020-12-10T12:43:49","date_gmt":"2020-12-10T12:43:49","guid":{"rendered":"https:\/\/www.geneticmatrixtest.com\/?page_id=14385"},"modified":"2020-12-10T12:43:49","modified_gmt":"2020-12-10T12:43:49","slug":"conception-humaine-profil-4-6","status":"publish","type":"page","link":"https:\/\/www.geneticmatrix.com\/fr\/conception-humaine-profil-4-6\/","title":{"rendered":"Conception humaine Profil 4\/6"},"content":{"rendered":"<div id=\"content\">\r\n<div class=\"breadcam\"><a href=\"\/fr\/\">Accueil<\/a> \u00bb <a href=\"\/fr\/centre-dinfos\/\">centre-dinfos<\/a> \u00bb <a href=\"\/fr\/conception-humaine-les-12-profils\/\">12 profils <\/a> \u00bb Profil 4\/6<\/div>\r\n<div class=\"l_content left mar_top\">\r\n<div class=\"services\">\r\n<h2>Les Profil 4\/6<\/h2>\r\n<ul>\r\n \t<li>Le profil 4\/6 repr\u00e9sente 14,26 % de la population<\/li>\r\n \t<li>Voici quelques-uns des mots li\u00e9s au profil 4\/6 :<\/li>\r\n<\/ul>\r\n<h3>Personnalit\u00e9 consciente<\/h3>\r\n<table class=\"personality\" border=\"1\" width=\"650\" cellspacing=\"0\" cellpadding=\"0\">\r\n<tbody>\r\n<tr>\r\n<td>Opportunistes<\/td>\r\n<td>Abdiquant<\/td>\r\n<td>Cr\u00e9ativit\u00e9 dans la solitude<\/td>\r\n<\/tr>\r\n<tr>\r\n<td>Fragile<\/td>\r\n<td>Bienveillance\/malveillance<\/td>\r\n<td>R\u00e9seau personnel<\/td>\r\n<\/tr>\r\n<tr>\r\n<td>Influenceur<\/td>\r\n<td>Externalisant<\/td>\r\n<td>Communication<\/td>\r\n<\/tr>\r\n<tr>\r\n<td>Fixe<\/td>\r\n<td>Confident\/non confident<\/td>\r\n<td>Bienfaiteur\/d\u00e9pendant<\/td>\r\n<\/tr>\r\n<\/tbody>\r\n<\/table>\r\n<h3>Design inconscient<\/h3>\r\n<table class=\"personality\" border=\"1\" width=\"650\" cellspacing=\"0\" cellpadding=\"0\">\r\n<tbody>\r\n<tr>\r\n<td>Mod\u00e8le<\/td>\r\n<td>Administrateur<\/td>\r\n<td>Pessimiste\/optimiste<\/td>\r\n<\/tr>\r\n<tr>\r\n<td>Objectif<\/td>\r\n<td>\u00c2me s\u0153ur ou pas<\/td>\r\n<td>Confiance ou pas<\/td>\r\n<\/tr>\r\n<tr>\r\n<td>L\u2019autorit\u00e9<\/td>\r\n<td>D\u00e9tach\u00e9<\/td>\r\n<td>Distant<\/td>\r\n<\/tr>\r\n<tr>\r\n<td>Espoir<\/td>\r\n<td>Transition<\/td>\r\n<td>Observateur\/observ\u00e9<\/td>\r\n<\/tr>\r\n<\/tbody>\r\n<\/table>\r\n<h3><a href=\"\/human-design-people-by-profile-4-6.html\">Autres personnes avec le profil 4\/6<\/a><\/h3>\r\n<div class=\"personality_img\">\r\n<ul>\r\n \t<li><img src=\"https:\/\/www.geneticmatrix.com\/wp-content\/themes\/twentyten\/images\/people\/Pitt-Brad-Picture1.jpg\" alt=\"img\" width=\"115\" height=\"157\" \/><\/li>\r\n \t<li><img src=\"https:\/\/www.geneticmatrix.com\/wp-content\/themes\/twentyten\/images\/people\/FreudSigmund-Picture.jpg\" alt=\"img\" width=\"115\" height=\"157\" \/><\/li>\r\n \t<li><img src=\"https:\/\/www.geneticmatrix.com\/wp-content\/themes\/twentyten\/images\/people\/Stone Sharon P.jpg\" alt=\"img\" width=\"115\" height=\"157\" \/><\/li>\r\n \t<li><img src=\"https:\/\/www.geneticmatrix.com\/wp-content\/themes\/twentyten\/images\/people\/Brahms Johannes p.jpg\" alt=\"img\" width=\"115\" height=\"157\" \/><\/li>\r\n \t<li><img src=\"https:\/\/www.geneticmatrix.com\/wp-content\/themes\/twentyten\/images\/people\/Cole Nat King P.jpg\" alt=\"img\" width=\"115\" height=\"157\" \/><\/li>\r\n \t<li><img src=\"https:\/\/www.geneticmatrix.com\/wp-content\/themes\/twentyten\/images\/people\/Bellucci Monica P.jpg\" alt=\"img\" width=\"115\" height=\"157\" \/><\/li>\r\n<\/ul>\r\n<\/div>\r\n<\/div>\r\n<\/div>\r\n<div class=\"r_content right mar_top\"><\/div>\r\n<div class=\"clear\"><\/div>\r\n<\/div>","protected":false},"excerpt":{"rendered":"<p>Accueil \u00bb centre-dinfos \u00bb 12 profils \u00bb Profil 4\/6 Les Profil 4\/6 Le profil 4\/6 repr\u00e9sente 14,26 % de la population Voici quelques-uns des mots li\u00e9s au profil 4\/6 : Personnalit\u00e9 consciente Opportunistes Abdiquant Cr\u00e9ativit\u00e9 dans la solitude Fragile Bienveillance\/malveillance R\u00e9seau personnel Influenceur Externalisant Communication Fixe Confident\/non confident Bienfaiteur\/d\u00e9pendant Design inconscient Mod\u00e8le Administrateur Pessimiste\/optimiste Objectif&hellip; <a class=\"more-link\" href=\"https:\/\/www.geneticmatrix.com\/fr\/conception-humaine-profil-4-6\/\">Poursuivre la lecture de <span class=\"screen-reader-text\">Conception humaine Profil 4\/6<\/span><\/a><\/p>\n","protected":false},"author":1,"featured_media":0,"parent":0,"menu_order":0,"comment_status":"closed","ping_status":"closed","template":"","meta":{"footnotes":""},"class_list":["post-14385","page","type-page","status-publish","hentry","entry"],"_links":{"self":[{"href":"https:\/\/www.geneticmatrix.com\/fr\/wp-json\/wp\/v2\/pages\/14385","targetHints":{"allow":["GET"]}}],"collection":[{"href":"https:\/\/www.geneticmatrix.com\/fr\/wp-json\/wp\/v2\/pages"}],"about":[{"href":"https:\/\/www.geneticmatrix.com\/fr\/wp-json\/wp\/v2\/types\/page"}],"author":[{"embeddable":true,"href":"https:\/\/www.geneticmatrix.com\/fr\/wp-json\/wp\/v2\/users\/1"}],"replies":[{"embeddable":true,"href":"https:\/\/www.geneticmatrix.com\/fr\/wp-json\/wp\/v2\/comments?post=14385"}],"version-history":[{"count":0,"href":"https:\/\/www.geneticmatrix.com\/fr\/wp-json\/wp\/v2\/pages\/14385\/revisions"}],"wp:attachment":[{"href":"https:\/\/www.geneticmatrix.com\/fr\/wp-json\/wp\/v2\/media?parent=14385"}],"curies":[{"name":"wp","href":"https:\/\/api.w.org\/{rel}","templated":true}]}}