   
{"id":14355,"date":"2020-12-10T06:37:23","date_gmt":"2020-12-10T06:37:23","guid":{"rendered":"https:\/\/www.geneticmatrixtest.com\/?page_id=14355"},"modified":"2020-12-10T07:00:05","modified_gmt":"2020-12-10T07:00:05","slug":"conception-humaine-profil-1-3","status":"publish","type":"page","link":"https:\/\/www.geneticmatrix.com\/fr\/conception-humaine-profil-1-3\/","title":{"rendered":"Conception humaine Profil 1\/3"},"content":{"rendered":"<div id=\"content\">\r\n<div class=\"breadcam\"><a href=\"\/fr\/\">Accueil<\/a> \u00bb <a href=\"&lt;?php echo site_url(); ?&gt;\/fr\/centre-dinfos\/\">centre-dinfos<\/a> \u00bb <a href=\"&lt;?php echo site_url(); ?&gt;\/fr\/conception-humaine-les-12-profils\/\">12 profils <\/a> \u00bb Profil 1\/3<\/div>\r\n<div class=\"l_content left mar_top\">\r\n<div class=\"services\">\r\n<h2>Les 12 profils<\/h2>\r\n<ul>\r\n \t<li>Le profil 1\/3 repr\u00e9sente 14,55 % de la population<\/li>\r\n \t<li>Voici quelques-uns des mots li\u00e9s au profil 1\/3 :<\/li>\r\n<\/ul>\r\n<h3>Personnalit\u00e9 consciente<\/h3>\r\n<table class=\"personality\" border=\"1\" width=\"650\" cellspacing=\"0\" cellpadding=\"0\">\r\n<tbody>\r\n<tr>\r\n<td>Chercheur<\/td>\r\n<td>Autoritaire<\/td>\r\n<td>Introspection<\/td>\r\n<\/tr>\r\n<tr>\r\n<td>Subjective<\/td>\r\n<td>Ins\u00e9curit\u00e9<\/td>\r\n<td>Fondamental<\/td>\r\n<\/tr>\r\n<tr>\r\n<td>Sp\u00e9cialisation<\/td>\r\n<td>Empathie<\/td>\r\n<td>\u00c9tude\/analyse<\/td>\r\n<\/tr>\r\n<tr>\r\n<td>Pure cr\u00e9ativit\u00e9<\/td>\r\n<td>\u00c9gocentrisme<\/td>\r\n<td>Poursuivant\/Poursuivi<\/td>\r\n<\/tr>\r\n<\/tbody>\r\n<\/table>\r\n<h3>Design inconscient<\/h3>\r\n<table class=\"personality\" border=\"1\" width=\"650\" cellspacing=\"0\" cellpadding=\"0\">\r\n<tbody>\r\n<tr>\r\n<td>Martyr<\/td>\r\n<td>Anarchiste<\/td>\r\n<td>Adaptable<\/td>\r\n<\/tr>\r\n<tr>\r\n<td>D\u00e9couverte<\/td>\r\n<td>Optimiste\/pessimiste<\/td>\r\n<td>Liens cr\u00e9\u00e9s\/liens cass\u00e9s<\/td>\r\n<\/tr>\r\n<tr>\r\n<td>Essais et erreurs<\/td>\r\n<td>Exp\u00e9rientiel<\/td>\r\n<td>Accidents positifs\/n\u00e9gatifs<\/td>\r\n<\/tr>\r\n<tr>\r\n<td>Lecteur cr\u00e9atif<\/td>\r\n<td>Instable<\/td>\r\n<td>Changeant<\/td>\r\n<\/tr>\r\n<\/tbody>\r\n<\/table>\r\n<h3><a href=\"\/human-design-people-by-profile-1-3.html\">Autres personnes ayant le profil 1\/3<\/a><\/h3>\r\n<div class=\"personality_img\">\r\n<ul>\r\n \t<li><img src=\"&lt;?php bloginfo('template_directory'); ?&gt;\/images\/Mercury Freddie-Picture.jpg\" alt=\"img\" width=\"115\" height=\"157\" \/><\/li>\r\n \t<li><img src=\"&lt;?php bloginfo('template_directory'); ?&gt;\/images\/Van Gogh Vincent-Picture.jpg\" alt=\"img\" width=\"115\" height=\"157\" \/><\/li>\r\n \t<li><img src=\"&lt;?php bloginfo('template_directory'); ?&gt;\/images\/Bono-Picture.jpg\" alt=\"img\" width=\"115\" height=\"157\" \/><\/li>\r\n \t<li><img src=\"&lt;?php bloginfo('template_directory'); ?&gt;\/images\/Kidman-Nicole-P.jpg\" alt=\"img\" width=\"115\" height=\"157\" \/><\/li>\r\n \t<li><img src=\"&lt;?php bloginfo('template_directory'); ?&gt;\/images\/Diana-Princess-P.jpg\" alt=\"img\" width=\"115\" height=\"157\" \/><\/li>\r\n \t<li><img src=\"&lt;?php bloginfo('template_directory'); ?&gt;\/images\/people\/Schumann Robert - Picture.jpg\" alt=\"img\" width=\"115\" height=\"157\" \/><\/li>\r\n \t<li><img src=\"&lt;?php bloginfo('template_directory'); ?&gt;\/images\/people\/Chaplin Charlie P.jpg\" alt=\"img\" width=\"115\" height=\"157\" \/><\/li>\r\n \t<li><img src=\"&lt;?php bloginfo('template_directory'); ?&gt;\/images\/people\/Guevara Che P.jpg\" alt=\"img\" width=\"115\" height=\"157\" \/><\/li>\r\n \t<li><img src=\"&lt;?php bloginfo('template_directory'); ?&gt;\/images\/people\/Diaz Caermon - Picture.JPG\" alt=\"img\" width=\"115\" height=\"157\" \/><\/li>\r\n<\/ul>\r\n<\/div>\r\n<\/div>\r\n<\/div>\r\n<div class=\"r_content right mar_top\"><\/div>\r\n<div class=\"clear\"><\/div>","protected":false},"excerpt":{"rendered":"<p>Accueil \u00bb centre-dinfos \u00bb 12 profils \u00bb Profil 1\/3 Les 12 profils Le profil 1\/3 repr\u00e9sente 14,55 % de la population Voici quelques-uns des mots li\u00e9s au profil 1\/3 : Personnalit\u00e9 consciente Chercheur Autoritaire Introspection Subjective Ins\u00e9curit\u00e9 Fondamental Sp\u00e9cialisation Empathie \u00c9tude\/analyse Pure cr\u00e9ativit\u00e9 \u00c9gocentrisme Poursuivant\/Poursuivi Design inconscient Martyr Anarchiste Adaptable D\u00e9couverte Optimiste\/pessimiste Liens cr\u00e9\u00e9s\/liens cass\u00e9s&hellip; <a class=\"more-link\" href=\"https:\/\/www.geneticmatrix.com\/fr\/conception-humaine-profil-1-3\/\">Poursuivre la lecture de <span class=\"screen-reader-text\">Conception humaine Profil 1\/3<\/span><\/a><\/p>\n","protected":false},"author":1,"featured_media":0,"parent":0,"menu_order":0,"comment_status":"closed","ping_status":"closed","template":"","meta":{"footnotes":""},"class_list":["post-14355","page","type-page","status-publish","hentry","entry"],"_links":{"self":[{"href":"https:\/\/www.geneticmatrix.com\/fr\/wp-json\/wp\/v2\/pages\/14355","targetHints":{"allow":["GET"]}}],"collection":[{"href":"https:\/\/www.geneticmatrix.com\/fr\/wp-json\/wp\/v2\/pages"}],"about":[{"href":"https:\/\/www.geneticmatrix.com\/fr\/wp-json\/wp\/v2\/types\/page"}],"author":[{"embeddable":true,"href":"https:\/\/www.geneticmatrix.com\/fr\/wp-json\/wp\/v2\/users\/1"}],"replies":[{"embeddable":true,"href":"https:\/\/www.geneticmatrix.com\/fr\/wp-json\/wp\/v2\/comments?post=14355"}],"version-history":[{"count":0,"href":"https:\/\/www.geneticmatrix.com\/fr\/wp-json\/wp\/v2\/pages\/14355\/revisions"}],"wp:attachment":[{"href":"https:\/\/www.geneticmatrix.com\/fr\/wp-json\/wp\/v2\/media?parent=14355"}],"curies":[{"name":"wp","href":"https:\/\/api.w.org\/{rel}","templated":true}]}}