   
{"id":14320,"date":"2020-12-09T12:05:14","date_gmt":"2020-12-09T12:05:14","guid":{"rendered":"https:\/\/www.geneticmatrixtest.com\/?page_id=14320"},"modified":"2020-12-09T12:05:14","modified_gmt":"2020-12-09T12:05:14","slug":"design-humain-le-centre-du-plexus-solaire","status":"publish","type":"page","link":"https:\/\/www.geneticmatrix.com\/fr\/design-humain-le-centre-du-plexus-solaire\/","title":{"rendered":"Design humain - Le centre du plexus solaire"},"content":{"rendered":"<div id=\"content\">\r\n<div class=\"test_page\">\r\n<div class=\"breadcam\"><a href=\"\/fr\/\">Accueil<\/a> \u00bb <a href=\"\/fr\/centre-dinfos\/\">centre-dinfos<\/a> \u00bb<a href=\"\/fr\/les-9-centres\/\">9 centres<\/a> \u00bb Design humain - Le centre du plexus solaire<\/div>\r\n<\/div>\r\n<div class=\"l_content left mar_top\">\r\n<div class=\"services\">\r\n<h3><strong>Design humain - Le centre du plexus solaire<\/strong><\/h3>\r\n<ul>\r\n \t<li>Le centre du plexus solaire est \u00e0 la fois un centre de conscience et de moteur (\u00e9nergie des vagues).<\/li>\r\n<\/ul>\r\n<a href=\"https:\/\/www.geneticmatrix.com\/wp-content\/uploads\/2020\/07\/Solar-Plexus-Image.jpg\"><img class=\"alignnone wp-image-14322 size-medium\" src=\"https:\/\/www.geneticmatrix.com\/wp-content\/uploads\/2020\/07\/Solar-Plexus-Image-252x300.jpg\" alt=\"\" width=\"252\" height=\"300\" \/><\/a>\r\n\r\n<\/div>\r\n<\/div>\r\n<\/div>\r\n<div id=\"content\">\r\n<div class=\"l_content left mar_top\">\r\n<div class=\"services\">\r\n\r\n<!--\r\n<div class=\"solarple right\">Move Your Mouse Over the Images<\/div>\r\n-->\r\n<div class=\"clear\"><\/div>\r\n<div class=\"services\">\r\n<div class=\"right gall_sys\">\r\n<h3>La biologie<\/h3>\r\n<ul>\r\n \t<li>Trois des sept portes du centre du plexus solaire font partie du circuit tribal (6, 37, 49<\/li>\r\n \t<li>Deux des sept portes du centre du plexus solaire font partie du circuit collectif (30, 36) - les deux sont de nature abstraite.<\/li>\r\n \t<li>Deux des sept portes du centre du plexus solaire font partie du circuit collectif (30, 36) - les deux sont de nature abstraite.<\/li>\r\n \t<li>Il n'y a pas de portes logiques collectives dans le centre du plexus solaire.<\/li>\r\n \t<li>Le <a href=\"https:\/\/en.wikipedia.org\/wiki\/Nervous_system\" target=\"_new\" rel=\"noopener noreferrer\">syst\u00e8me nerveux<\/a> nous communique sur notre environnement; cela provoque des r\u00e9actions dans d'autres parties de notre corps.<\/li>\r\n \t<li>Les <a href=\"https:\/\/en.wikipedia.org\/wiki\/Kidneys\" target=\"_new\" rel=\"noopener noreferrer\">reins<\/a> sont des organes complexes qui ont de nombreux r\u00f4les biologiques. Leur r\u00f4le principal est de maintenir l'\u00e9quilibre hom\u00e9ostatique de nos fluides corporels. <a href=\"https:\/\/en.wikipedia.org\/wiki\/Homeostasis\" target=\"_new\" rel=\"noopener noreferrer\">hom\u00e9ostatique<\/a> \u00e9quilibre de nos fluides corporels.<\/li>\r\n \t<li>Le <a href=\"https:\/\/en.wikipedia.org\/wiki\/Pancreas\" target=\"_new\" rel=\"noopener noreferrer\">pancr\u00e9as<\/a> est une glande et un organe qui fait partie du syst\u00e8me digestif de notre corps. Il produit et s\u00e9cr\u00e8te \u00e0 la fois des fluides importants pour nos <a href=\"https:\/\/en.wikipedia.org\/wiki\/Digestive_system\" target=\"_new\" rel=\"noopener noreferrer\">s digest<\/a> et <a href=\"https:\/\/en.wikipedia.org\/wiki\/Endocrine_system\" target=\"_new\" rel=\"noopener noreferrer\">syst\u00e8me endocrinien.<\/a>.<\/li>\r\n \t<li>Seuls les hommes ont une <a href=\"https:\/\/en.wikipedia.org\/wiki\/Prostate\" target=\"_new\" rel=\"noopener noreferrer\">glande prostatique<\/a> et sa fonction principale est de stocker et de s\u00e9cr\u00e9ter un <a href=\"https:\/\/en.wikipedia.org\/wiki\/Base_%28chemistry%29\" target=\"_new\" rel=\"noopener noreferrer\">alcalin<\/a>fluide qui comprend 10-30% de la<a href=\"https:\/\/en.wikipedia.org\/wiki\/Seminal_fluid\" target=\"_new\" rel=\"noopener noreferrer\">liquide s\u00e9minal.<\/a>.<\/li>\r\n<\/ul>\r\n<\/div>\r\n<div class=\"clear\"><\/div>\r\n<h3>Certains des mots-cl\u00e9s associ\u00e9s au centre et<a href=\"&lt;?php echo site_url(); ?&gt;\/human-design-gates\/\">porte<\/a>sont<\/h3>\r\n<table class=\"personality\" border=\"1\" width=\"650\" cellspacing=\"0\" cellpadding=\"0\">\r\n<tbody>\r\n<tr>\r\n<td>Vagues \u00e9motionnelles<\/td>\r\n<td>Discrimination<\/td>\r\n<td>Communaut\u00e9<\/td>\r\n<\/tr>\r\n<tr>\r\n<td>Amiti\u00e9<\/td>\r\n<td>Pas de v\u00e9rit\u00e9 dans le moment pr\u00e9sent<\/td>\r\n<td>Marchandage<\/td>\r\n<\/tr>\r\n<tr>\r\n<td>Sensibilit\u00e9<\/td>\r\n<td>Loyaut\u00e9<\/td>\r\n<td>Ouverture<\/td>\r\n<\/tr>\r\n<tr>\r\n<td>Esprit<\/td>\r\n<td>Rejet<\/td>\r\n<td>Principes<\/td>\r\n<\/tr>\r\n<tr>\r\n<td>R\u00e9volution<\/td>\r\n<td>Humeurs<\/td>\r\n<td>Acoustique<\/td>\r\n<\/tr>\r\n<tr>\r\n<td>Amour<\/td>\r\n<td>Alimentation (ou non)<\/td>\r\n<td>D\u00e9sir<\/td>\r\n<\/tr>\r\n<tr>\r\n<td>Sentiments<\/td>\r\n<td>Crise<\/td>\r\n<td>Social (ou non)<\/td>\r\n<\/tr>\r\n<\/tbody>\r\n<\/table>\r\n<\/div>\r\n<\/div>\r\n<\/div>\r\n<div class=\"r_content right mar_top\"><\/div>\r\n<div class=\"clear\"><\/div>\r\n<\/div>","protected":false},"excerpt":{"rendered":"<p>Accueil \u00bb centre-dinfos \u00bb9 centres \u00bb Design humain &#8211; Le centre du plexus solaire Design humain &#8211; Le centre du plexus solaire Le centre du plexus solaire est \u00e0 la fois un centre de conscience et de moteur (\u00e9nergie des vagues). La biologie Trois des sept portes du centre du plexus solaire font partie du&hellip; <a class=\"more-link\" href=\"https:\/\/www.geneticmatrix.com\/fr\/design-humain-le-centre-du-plexus-solaire\/\">Poursuivre la lecture de <span class=\"screen-reader-text\">Design humain &#8211; Le centre du plexus solaire<\/span><\/a><\/p>\n","protected":false},"author":1,"featured_media":0,"parent":0,"menu_order":0,"comment_status":"closed","ping_status":"closed","template":"","meta":{"footnotes":""},"class_list":["post-14320","page","type-page","status-publish","hentry","entry"],"_links":{"self":[{"href":"https:\/\/www.geneticmatrix.com\/fr\/wp-json\/wp\/v2\/pages\/14320","targetHints":{"allow":["GET"]}}],"collection":[{"href":"https:\/\/www.geneticmatrix.com\/fr\/wp-json\/wp\/v2\/pages"}],"about":[{"href":"https:\/\/www.geneticmatrix.com\/fr\/wp-json\/wp\/v2\/types\/page"}],"author":[{"embeddable":true,"href":"https:\/\/www.geneticmatrix.com\/fr\/wp-json\/wp\/v2\/users\/1"}],"replies":[{"embeddable":true,"href":"https:\/\/www.geneticmatrix.com\/fr\/wp-json\/wp\/v2\/comments?post=14320"}],"version-history":[{"count":0,"href":"https:\/\/www.geneticmatrix.com\/fr\/wp-json\/wp\/v2\/pages\/14320\/revisions"}],"wp:attachment":[{"href":"https:\/\/www.geneticmatrix.com\/fr\/wp-json\/wp\/v2\/media?parent=14320"}],"curies":[{"name":"wp","href":"https:\/\/api.w.org\/{rel}","templated":true}]}}