   
{"id":14254,"date":"2020-12-07T06:16:06","date_gmt":"2020-12-07T06:16:06","guid":{"rendered":"https:\/\/www.geneticmatrixtest.com\/?page_id=14254"},"modified":"2021-03-24T12:37:25","modified_gmt":"2021-03-24T12:37:25","slug":"design-humain-reflecteur","status":"publish","type":"page","link":"https:\/\/www.geneticmatrix.com\/fr\/design-humain-reflecteur\/","title":{"rendered":"Design Humain - R\u00e9flecteur"},"content":{"rendered":"<div id=\"content\">\r\n<div class=\"test_page\">\r\n<div class=\"breadcam\"><a href=\"\/fr\/\">Accueil<\/a> \u00bb <a href=\"\/fr\/centre-dinfos\/\">Centre d'information<\/a> \u00bb<a href=\"\/fr\/types-de-conception-humaine\/\">Types<\/a> \u00bb\r\nDesign Humain - R\u00e9flecteur<\/div>\r\n<\/div>\r\n<div class=\"l_content left mar_top\">\r\n<div class=\"services\">\r\n<h3><strong>Design Humain - R\u00e9flecteur<\/strong><\/h3>\r\n<ul>\r\n \t<li style=\"list-style-type: none;\">\r\n<ul>\r\n \t<li>Les r\u00e9flecteurs repr\u00e9sentent 1 % de la population mondiale.<\/li>\r\n \t<li>Le r\u00e9flecteur tire son nom de la nature de son aura r\u00e9fl\u00e9chissante.<\/li>\r\n<\/ul>\r\n<\/li>\r\n<\/ul>\r\n<a href=\"https:\/\/www.geneticmatrix.com\/wp-content\/uploads\/2012\/09\/Site-Reflector.png\"><img class=\"alignnone size-full wp-image-14286\" title=\"Human Design Reflector\" src=\"https:\/\/www.geneticmatrix.com\/wp-content\/uploads\/2012\/09\/Site-Reflector.png\" alt=\"\" width=\"557\" height=\"465\" \/><\/a>\r\n<ul>\r\n \t<li>L\u2019aura du r\u00e9flecteur r\u00e9siste, \u00e9chantillonne et refl\u00e8te d\u2019autres auras<\/li>\r\n \t<li>Le r\u00e9flecteur est un observateur avis\u00e9 de la vie avec le don important de lire d\u2019autres personnes.<\/li>\r\n \t<li>Le r\u00e9flecteur doit attendre un cycle lunaire complet avant de prendre des d\u00e9cisions importantes pour sa vie.<\/li>\r\n \t<li>Les r\u00e9flecteurs ont la possibilit\u00e9 d\u2019une vie mystique en raison de leur ouverture.<\/li>\r\n \t<li>Pour les r\u00e9flecteurs, il est important de trouver l\u2019environnement id\u00e9al pour vivre (abri, communaut\u00e9) et des personnes supportrices avec qui vivre.<\/li>\r\n \t<li>Les r\u00e9flecteurs doivent \u00eatre conscients des transits quotidiens des plan\u00e8tes pour voir l\u2019effet qu\u2019elles ont sur eux ce jour-l\u00e0.<\/li>\r\n \t<li>L\u2019aspect le plus fiable du design du r\u00e9flecteur est son profil et sa couleur motivationnels.<\/li>\r\n \t<li>D\u2019autres personnes verront toujours des aspects d\u2019eux-m\u00eames quand ils rencontrent un r\u00e9flecteur.<\/li>\r\n \t<li>Les r\u00e9flecteurs n\u2019ont pas de centres activ\u00e9s dans leur corps.<\/li>\r\n \t<li>Les r\u00e9flecteurs prennent en compte l\u2019\u00e9nergie et les \u00e9motions provenant des plan\u00e8tes en transit et de leur environnement.<\/li>\r\n \t<li>Les r\u00e9flecteurs sont cens\u00e9s \u00eatre au c\u0153ur de leur communaut\u00e9. Ils savent exactement quand une communaut\u00e9 fonctionne correctement et quand ce n\u2019est pas le cas.<\/li>\r\n<\/ul>\r\n<\/div>\r\n\r\n<hr \/>\r\n\r\n<div class=\"pure_gen_outer\">\r\n<div class=\"pure_generators left\">\r\n<h3>Le r\u00e9flecteur en plus de d\u00e9tails<\/h3>\r\nLe r\u00e9flecteur porte un design humain extraordinaire. Ils ne repr\u00e9sentent que 1 % de la population mondiale et sont totalement diff\u00e9rents de la fa\u00e7on dont les 99 % d\u2019\u00eatres humains fonctionnent.\r\n\r\n&nbsp;\r\n\r\nLes r\u00e9flecteurs n\u2019ont pas d\u2019\u00e9nergie ou de centres de conscience allum\u00e9s et activ\u00e9s \u00e0 la naissance. Chaque centre dans leur conception est compl\u00e8tement blanc. En cons\u00e9quence, ils d\u00e9gagent une illusion sur eux-m\u00eames qui n\u2019a rien \u00e0 voir avec qui ils sont vraiment.\r\n\r\n&nbsp;\r\n\r\n\u00c0 premi\u00e8re vue, avec tous ces centres inactifs, il semblerait qu\u2019un r\u00e9flecteur prend constamment en charge les \u00e9nergies et les \u00e9motions des autres. Sans aucun mod\u00e8le fiable de leurs propres \u00e9nergies et \u00e9motions.\r\n\r\n&nbsp;\r\n\r\nSi nous parlions d\u2019un autre type d\u2019\u00eatre humain, ce serait effectivement le cas. Un centre ouvert inactiv\u00e9 est toujours vuln\u00e9rable aux effets d\u2019autres personnes.\r\n\r\n&nbsp;\r\n\r\nMais la diff\u00e9rence fondamentale avec un r\u00e9flecteur est la nature de leur aura \u00e9lectromagn\u00e9tique. Notre aura humaine repr\u00e9sente le champ \u00e9nerg\u00e9tique holistique qui entoure chacun d\u2019entre nous. Cette aura est notre signature \u00e9lectromagn\u00e9tique personnelle et raconte \u00e0 chaque \u00eatre vivant autour de nous ce que nous sommes tous. Cette aura s\u2019\u00e9tend jusqu\u2019\u00e0 3 m\u00e8tres autour de la circonf\u00e9rence de notre corps. Avoir une aura nous donne aussi la possibilit\u00e9 de lire et d\u2019interpr\u00e9ter les auras des autres.\r\n\r\n&nbsp;\r\n\r\nL\u2019aura du r\u00e9flecteur est une aura \u00ab r\u00e9sistante \u00bb qui fait deux choses de fa\u00e7on unique. Tout d\u2019abord, elle \u00e9chantillonne ou \u00ab go\u00fbte \u00bb les auras des gens autour d\u2019elle en prenant en seulement un petit morceau de ce qu\u2019elle re\u00e7oit. Deuxi\u00e8mement, elle refl\u00e8te tout ce qu\u2019elle re\u00e7oit de l\u2019autre personne.\r\n\r\n&nbsp;\r\n\r\nCette aura r\u00e9sistante sert de m\u00e9canisme de protection pour le r\u00e9flecteur. Protection contre l\u2019\u00e9crasement par les \u00e9motions et les \u00e9nergies des autres personnes autour de lui.\r\n\r\n&nbsp;\r\n\r\nC\u2019est aussi ce qui fait que le r\u00e9flecteur ressemble \u00e0 un cam\u00e9l\u00e9on pour le reste d\u2019entre nous. Un cam\u00e9l\u00e9on qui se fond dans tout ce qui l\u2019entoure. Les r\u00e9flecteurs deviennent leur environnement. Ils le font tout naturellement, mais se sentent souvent invisibles pour les autres \u00e0 cause de cela.\r\n\r\n&nbsp;\r\n\r\nD\u2019autres personnes verront toujours des aspects d\u2019eux-m\u00eames lorsqu\u2019elles rencontreront un r\u00e9flecteur ; donc les r\u00e9flecteurs doivent \u00eatre conscients de la personne avec laquelle ils sont en relation.\r\n\r\n&nbsp;\r\n\r\nUn r\u00e9flecteur devrait se regarder interagir avec d\u2019autres personnes pour voir quels aspects n\u00e9gatifs et positifs ces personnes apporteront \u00e0 une relation.\r\n\r\n&nbsp;\r\n\r\nSi la personne avec le r\u00e9flecteur est positive et heureuse, le r\u00e9flecteur refl\u00e9tera cela. Mais s\u2019ils sont corrompus ou manipulateurs, ils refl\u00e9teront aussi ce comportement !\r\n\r\n&nbsp;\r\n\r\nLes r\u00e9flecteurs devraient donc passer un peu de temps \u00e0 prendre conscience de ce qui est r\u00e9ellement eux et ce qu\u2019ils r\u00e9fl\u00e9chissent. Il faudra un peu de pratique et ce n\u2019est qu\u2019avec le temps qu\u2019ils vont apprendre \u00e0 conna\u00eetre leur vrai moi.\r\n\r\n&nbsp;\r\n\r\nLes r\u00e9flecteurs se prom\u00e8nent dans une \u00ab bulle \u00bb aurique protectrice qui ne se connecte pas profond\u00e9ment du tout \u00e0 d\u2019autres personnes. Et cela rend les relations personnelles plus difficiles pour les r\u00e9flecteurs que pour le reste d\u2019entre nous. L\u2019aura la plus proche de celle du r\u00e9flecteur est celle du manifesteur.\r\n\r\n&nbsp;\r\n\r\nLe manifesteur n\u2019 \u00ab \u00e9chantillonne \u00bb pas et ne \u00ab refl\u00e8te \u00bb pas les auras des autres, il \u00ab repousse \u00bb ces auras. Cependant, tout comme le r\u00e9flecteur, l\u2019aura du manifesteur est con\u00e7ue comme un bouclier protecteur r\u00e9sistant aux auras des autres.\r\n\r\n&nbsp;\r\n<h3>Les Plan\u00e8tes<\/h3>\r\nUn facteur majeur qui rend vraiment les r\u00e9flecteurs diff\u00e9rents est l\u2019effet profond du mouvement des plan\u00e8tes sur leur vie quotidienne. C\u2019est ce contre quoi leur aura r\u00e9sistante ne peut les prot\u00e9ger.\r\n\r\n&nbsp;\r\n\r\nLes plan\u00e8tes qui transitent par leurs orbites r\u00e9guli\u00e8res activent et d\u00e9sactivent continuellement les portes de toutes nos conceptions. Mais seuls les r\u00e9flecteurs ressentent ces effets en profondeur.\r\n\r\n&nbsp;\r\n\r\nLes non-r\u00e9flecteurs ne re\u00e7oivent qu\u2019un petit avant-go\u00fbt des effets de ces plan\u00e8tes en transit. Ils ont juste l\u2019impression de vivre un peu des \u00e9nergies et des \u00e9motions rendues possibles par le transit des plan\u00e8tes.\r\n\r\n&nbsp;\r\n\r\nMais les r\u00e9flecteurs obtiennent le traitement complet ! Ils ressentent profond\u00e9ment tous les effets \u00e9nerg\u00e9tiques des plan\u00e8tes.\r\n\r\n&nbsp;\r\n\r\nCertains disent que c\u2019est la chose la plus importante pour laquelle les r\u00e9flecteurs sont vraiment ici. Ils sont ici pour nous montrer \u00e0 tous les effets humains complets du mouvement des plan\u00e8tes sur une base continue.\r\n\r\n&nbsp;\r\n\r\nLes activations de porte venant par d\u2019autres personnes dans l\u2019aura de r\u00e9flecteur ont tr\u00e8s peu d\u2019impact sur les r\u00e9flecteurs. Mais les activations de porte venant par d\u2019autres personnes dans le reste des types a un impact majeur sur eux. De m\u00eame, les mouvements de la plan\u00e8te ont un effet limit\u00e9 et peu profond sur les non-r\u00e9flecteurs, mais un effet majeur sur les r\u00e9flecteurs.\r\n\r\n&nbsp;\r\n\r\nLes r\u00e9flecteurs fonctionnent d\u2019une mani\u00e8re totalement oppos\u00e9e aux autres 99 % du monde.\r\n\r\n&nbsp;\r\n<h3>D\u00e9cisions<\/h3>\r\nLes r\u00e9flecteurs n\u2019ont aucun domaine de prise de d\u00e9cision en eux-m\u00eames sur lesquels ils peuvent compter.\r\n\r\n&nbsp;\r\n\r\nLes g\u00e9n\u00e9rateurs peuvent compter sur leur centre sacral pour prendre des d\u00e9cisions. Les personnes ayant l\u2019autorit\u00e9 d\u00e9cisionnelle du centre spl\u00e9nique peuvent compter sur la spontan\u00e9it\u00e9 de leurs d\u00e9cisions. Ceux qui ont un centre du Plexus solaire activ\u00e9 ont besoin d\u2019attendre la clart\u00e9 absolue \u00e0 travers leur vague \u00e9motionnelle avant de prendre toute d\u00e9cision, mais ils peuvent toujours compter sur elle pour \u00eatre l\u00e0 pour eux. M\u00eame les personnes ayant un c\u0153ur ou des centres personnels qui tiennent le coup pour leurs d\u00e9cisions ont un m\u00e9canisme fiable, si plus d\u00e9licat. Mais les r\u00e9flecteurs ? Ils n\u2019ont pas d\u2019activations de centre. Comment les r\u00e9flecteurs sont-ils cens\u00e9s prendre des d\u00e9cisions fiables pour leur vie ?\r\n\r\n&nbsp;\r\n\r\nLes r\u00e9flecteurs, uniquement, ont une relation tr\u00e8s \u00e9troite avec la lune. Ils vivent dans un fuseau horaire qui leur est propre. C\u2019est un fuseau horaire du cycle lunaire. C\u2019est cette proximit\u00e9 avec la lune qui offre au r\u00e9flecteur la capacit\u00e9 de prendre des d\u00e9cisions de mani\u00e8re fiable. Mais pour \u00eatre correct, le r\u00e9flecteur doit attendre tout le cycle lunaire de 28 jours avant de prendre une d\u00e9cision. Et bien s\u00fbr, c\u2019est une chose tr\u00e8s difficile \u00e0 faire !\r\n\r\n&nbsp;\r\n\r\nMais il est important que les r\u00e9flecteurs ne se pr\u00e9cipitent dans la prise de d\u00e9cisions. Quand quelqu\u2019un d\u00e9couvre qu\u2019ils sont un r\u00e9flecteur pour la premi\u00e8re fois, ils devraient commencer le processus d\u2019explication \u00e0 d\u2019autres personnes qu\u2019il n\u2019est pas sain pour eux d\u2019\u00eatre bouscul\u00e9s dans leur processus.\r\n\r\n&nbsp;\r\n\r\nIl est \u00e9galement utile pour les r\u00e9flecteurs de surveiller le transit quotidien des plan\u00e8tes et l\u2019impact que cela aura sur eux ce jour. Le graphique quotidien de transit montre les activations de porte dans tous les \u00eatres humains pour ce jour-l\u00e0 en raison de la position actuelle des plan\u00e8tes. Ces activations (selon les portes concern\u00e9es) peuvent activer des centres, former des canaux ou ajouter des portes actives suppl\u00e9mentaires \u00e0 un centre existant.\r\n\r\n&nbsp;\r\n\r\nAinsi, lorsque la carte quotidienne est celle d\u2019un manifesteur, c\u2019est ce que sera le r\u00e9flecteur. Ou un g\u00e9n\u00e9rateur ou un projecteur.\r\n\r\n&nbsp;\r\n\r\nLes r\u00e9flecteurs peuvent vraiment utiliser cela \u00e0 leur avantage. En regardant \u00e0 l\u2019avance les cartes de transit pour les jours \u00e0 venir, le r\u00e9flecteur saura exactement \u00e0 quel point il se sentira \u00e9nergique ou non. Ainsi, il peut choisir ses jours manifesteur, g\u00e9n\u00e9rateur et manifesteur-g\u00e9n\u00e9rateur quand il a besoin d\u2019\u00eatre vraiment productif ! Et peut-\u00eatre ne pas s'engager autant les jours projecteur.\r\n\r\n&nbsp;\r\n\r\nLa chose importante \u00e0 retenir pour le r\u00e9flecteur est que ce transit n\u2019est pas ce qu\u2019il est vraiment, il ne fait que r\u00e9fl\u00e9chir. L\u2019aspect le plus fiable d\u2019une personnalit\u00e9 de r\u00e9flecteur sera son profil et couleur de motivation. Ces aspects du r\u00e9flecteur ne sont pas affect\u00e9s par les plan\u00e8tes en transit ou les personnes qui entrent et sortent de l\u2019aura du r\u00e9flecteur.\r\n\r\n&nbsp;\r\n\r\nLes r\u00e9flecteurs trouveront \u00e9galement utile de parler aux autres et d\u2019\u00e9couter objectivement les commentaires au cours de leur processus de 28 jours de prise de d\u00e9cision. Ils devraient \u00e9galement essayer d\u2019avoir la m\u00eame conversation avec diff\u00e9rentes personnes pour voir les diff\u00e9rentes r\u00e9ponses et les possibilit\u00e9s pour toute situation.\r\n\r\n&nbsp;\r\n\r\nQuatre des d\u00e9cisions les plus importantes qu\u2019un r\u00e9flecteur devra prendre correctement dans la vie sont les suivantes :\r\n\r\n&nbsp;\r\n\r\n- O\u00f9 ils vivent,\r\n\r\n- Avec qui ils vivent,\r\n\r\n- O\u00f9 ils travaillent,\r\n\r\n- Avec qui ils travaillent.\r\n\r\n&nbsp;\r\n\r\nIls refl\u00e8tent la communaut\u00e9 et la sant\u00e9 de la communaut\u00e9 et de l\u2019environnement qui les entoure.\r\n\r\n&nbsp;\r\n\r\nSi la communaut\u00e9 dans laquelle ils vivent est solidaire et nourrissante, ils s\u2019\u00e9panouiront. Si ce n\u2019est pas le cas, la vie peut devenir tr\u00e8s d\u00e9cevante pour le r\u00e9flecteur.\r\n\r\n&nbsp;\r\n\r\nSi les r\u00e9flecteurs ma\u00eetrisent vraiment leurs designs humains, ils auront la chance de devenir les personnes les plus sages et les plus objectives d\u2019entre nous.\r\n<!--<a href=\"\/human-design-services\/\"><img title=\"Unlock Your Potential - Click Here\" src=\"https:\/\/www.geneticmatrix.com\/wp-content\/uploads\/2012\/09\/gmkey.png\" alt=\"\" width=\"139\" height=\"69\" \/>\r\n<\/a>-->\r\n\r\n&nbsp;\r\n\r\n<\/div>\r\n<div class=\"right pure_generators_l\">\r\n<ul>\r\n \t<li><a href=\"https:\/\/www.geneticmatrix.com\/bullock-sandra-human-design-chart.html\"><img class=\"alignnone wp-image-14261\" title=\"Sandra Bullock - Reflector\" src=\"https:\/\/www.geneticmatrixtest.com\/wp-content\/uploads\/2012\/09\/Bullock-Sandra.jpg\" alt=\"\" width=\"180\" height=\"119\" \/><\/a><\/li>\r\n \t<li><\/li>\r\n \t<li><a href=\"https:\/\/www.geneticmatrix.com\/burton-richard-human-design-chart.html\"><img title=\"Richard Burton - Reflector\" src=\"https:\/\/www.geneticmatrix.com\/wp-content\/uploads\/2020\/10\/user-121965.png\" alt=\"\" width=\"180\" height=\"119\" \/><\/a><\/li>\r\n \t<li><\/li>\r\n \t<li><a href=\"https:\/\/www.geneticmatrix.com\/dostoevsky-fyodor-human-design-chart.html\"><img class=\"alignnone wp-image-14262\" title=\"Fyodor Dostoevsky - Reflector\" src=\"https:\/\/www.geneticmatrixtest.com\/wp-content\/uploads\/2012\/09\/Dostoevsky-Fyodor.jpg\" alt=\"\" width=\"180\" height=\"119\" \/><\/a><\/li>\r\n \t<li><\/li>\r\n \t<li><\/li>\r\n \t<li><a href=\"https:\/\/www.geneticmatrix.com\/klinsmann-jurgen-human-design-chart.html\"><img class=\"alignnone wp-image-14263\" title=\"Jurgen Klinsmann - Reflector\" src=\"https:\/\/www.geneticmatrixtest.com\/wp-content\/uploads\/2012\/09\/Klinsmann-Jurgen.jpg\" alt=\"\" width=\"180\" height=\"119\" \/><\/a><\/li>\r\n \t<li><a href=\"https:\/\/www.geneticmatrix.com\/mendelssohn-felix-human-design-chart.html\"><img class=\"alignnone wp-image-14264\" title=\"Felix Mendelssohn - Reflector\" src=\"https:\/\/www.geneticmatrixtest.com\/wp-content\/uploads\/2012\/09\/Mendelssohn-Felix.jpg\" alt=\"\" width=\"180\" height=\"119\" \/><\/a><\/li>\r\n \t<li><a href=\"https:\/\/www.geneticmatrix.com\/boeing-william-human-design-chart.html\"><img class=\"alignnone wp-image-14265\" title=\"William Boeing - Reflector\" src=\"https:\/\/www.geneticmatrixtest.com\/wp-content\/uploads\/2012\/09\/William_Boeing1.jpg\" alt=\"\" width=\"180\" height=\"119\" \/><\/a><\/li>\r\n \t<li><a href=\"https:\/\/www.geneticmatrix.com\/henry-lenny-human-design-chart.html\"><img class=\"alignnone wp-image-14266\" title=\"Lenny Henry - Reflector\" src=\"https:\/\/www.geneticmatrixtest.com\/wp-content\/uploads\/2012\/09\/Henry-Lenny.jpg\" alt=\"\" width=\"180\" height=\"119\" \/><\/a><\/li>\r\n \t<li><a href=\"https:\/\/www.geneticmatrix.com\/springfield-dusty-human-design-chart.html\"><img class=\"alignnone wp-image-14267\" title=\"Dusty Springfield - Reflector\" src=\"https:\/\/www.geneticmatrixtest.com\/wp-content\/uploads\/2012\/09\/Springfield-Dusty.jpg\" alt=\"\" width=\"180\" height=\"119\" \/><\/a><\/li>\r\n \t<li><a href=\"https:\/\/www.geneticmatrix.com\/vidal-gore-human-design-chart.html\"><img class=\"alignnone wp-image-14268\" title=\"Gore Vidal - Reflector\" src=\"https:\/\/www.geneticmatrixtest.com\/wp-content\/uploads\/2012\/09\/Vidal-Gore.jpg\" alt=\"\" width=\"180\" height=\"119\" \/><\/a><\/li>\r\n \t<li><a href=\"https:\/\/www.geneticmatrix.com\/solzhenitsyn-aleksandr-human-design-chart.html\"><img class=\"alignnone wp-image-14269\" title=\"Aleksandr Solzhenitsyn - Reflector\" src=\"https:\/\/www.geneticmatrixtest.com\/wp-content\/uploads\/2012\/09\/Solzhenitsyn-Aleksandr-p.jpg\" alt=\"\" width=\"180\" height=\"119\" \/><\/a><\/li>\r\n \t<li><a href=\"https:\/\/www.geneticmatrix.com\/greene-graham-human-design-chart.html\"><img class=\"alignnone wp-image-14270\" title=\"Graham Greene - Reflector\" src=\"https:\/\/www.geneticmatrixtest.com\/wp-content\/uploads\/2012\/09\/Greene-Graham.jpg\" alt=\"\" width=\"180\" height=\"119\" \/><\/a><\/li>\r\n \t<li><a href=\"https:\/\/www.geneticmatrix.com\/dee-sandra-human-design-chart.html\"><img class=\"alignnone wp-image-14271\" title=\"Sandra Dee - Reflector\" src=\"https:\/\/www.geneticmatrixtest.com\/wp-content\/uploads\/2012\/09\/Dee-Sandra.jpg\" alt=\"\" width=\"180\" height=\"119\" \/><\/a><\/li>\r\n \t<li><a href=\"https:\/\/www.geneticmatrix.com\/wells-h_g-human-design-chart.html\"><img class=\"alignnone wp-image-14272\" title=\"H G Wells - Reflector\" src=\"https:\/\/www.geneticmatrixtest.com\/wp-content\/uploads\/2012\/09\/Wells-H-G.jpg\" alt=\"\" width=\"180\" height=\"119\" \/><\/a><\/li>\r\n \t<li><a href=\"https:\/\/www.geneticmatrix.com\/galway-james-human-design-chart.html\"><img class=\"alignnone wp-image-14273\" title=\"James Galway - Reflector\" src=\"https:\/\/www.geneticmatrixtest.com\/wp-content\/uploads\/2012\/09\/Galway-James.jpg\" alt=\"\" width=\"180\" height=\"119\" \/><\/a><\/li>\r\n \t<li><a href=\"https:\/\/www.geneticmatrix.com\/fields-w_c-human-design-chart.html\"><img class=\"alignnone wp-image-14274\" title=\"W C Fields - Reflector\" src=\"https:\/\/www.geneticmatrixtest.com\/wp-content\/uploads\/2012\/09\/Fields-W-C-.jpg\" alt=\"\" width=\"180\" height=\"119\" \/><\/a><\/li>\r\n \t<li><a href=\"https:\/\/www.geneticmatrix.com\/geller-uri-human-design-chart.html\"><img class=\"alignnone wp-image-14275\" title=\"Uri Geller - Reflector\" src=\"https:\/\/www.geneticmatrixtest.com\/wp-content\/uploads\/2012\/09\/Geller-Uri.jpg\" alt=\"\" width=\"180\" height=\"119\" \/><\/a><\/li>\r\n \t<li><a href=\"https:\/\/www.geneticmatrix.com\/aantjes-willem-human-design-chart.html\"><img class=\"alignnone wp-image-14276\" title=\"Willem Aantjes - Reflector\" src=\"https:\/\/www.geneticmatrixtest.com\/wp-content\/uploads\/2012\/09\/Aantjes-Willem.jpg\" alt=\"\" width=\"180\" height=\"119\" \/><\/a><\/li>\r\n \t<li><a href=\"https:\/\/www.geneticmatrix.com\/bernard-alain-human-design-chart.html\"><img class=\"alignnone wp-image-14277\" title=\"Alain Bernard - Reflector\" src=\"https:\/\/www.geneticmatrixtest.com\/wp-content\/uploads\/2012\/09\/Bernard-Alain.jpg\" alt=\"\" width=\"180\" height=\"119\" \/><\/a><\/li>\r\n \t<li><a href=\"https:\/\/www.geneticmatrix.com\/udet-ernst-human-design-chart.html\"><img class=\"alignnone wp-image-14278\" title=\"Ernst Udet - Reflector\" src=\"https:\/\/www.geneticmatrixtest.com\/wp-content\/uploads\/2012\/09\/Udet-Ernst.jpg\" alt=\"\" width=\"180\" height=\"119\" \/><\/a><\/li>\r\n \t<li><a href=\"https:\/\/www.geneticmatrix.com\/urich-robert-human-design-chart.html\"><img class=\"alignnone wp-image-14280\" title=\"Robert Urich - Reflector\" src=\"https:\/\/www.geneticmatrixtest.com\/wp-content\/uploads\/2012\/09\/Urich-Robert.jpg\" alt=\"\" width=\"180\" height=\"119\" \/><\/a><\/li>\r\n \t<li><a href=\"https:\/\/www.geneticmatrix.com\/vives_i_sicilia-joan_enric-human-design-chart.html\"><img class=\"alignnone wp-image-14281\" title=\"Joan Enric Vives i Sicilia - Reflector\" src=\"https:\/\/www.geneticmatrixtest.com\/wp-content\/uploads\/2012\/09\/silvia.jpg\" alt=\"\" width=\"180\" height=\"119\" \/><\/a><\/li>\r\n \t<li><a href=\"https:\/\/www.geneticmatrix.com\/aerts-jean-human-design-chart.html\"><img class=\"alignnone wp-image-14282\" title=\"Jean Aerts - Reflector\" src=\"https:\/\/www.geneticmatrixtest.com\/wp-content\/uploads\/2012\/09\/Aerts-Jean.jpg\" alt=\"\" width=\"180\" height=\"119\" \/><\/a><\/li>\r\n \t<li><a href=\"https:\/\/www.geneticmatrix.com\/marclay-christian-human-design-chart.html\"><img class=\"alignnone wp-image-14283\" title=\"Christian Marclay - Reflector\" src=\"https:\/\/www.geneticmatrixtest.com\/wp-content\/uploads\/2012\/09\/Marclay-Christian-.jpg\" alt=\"\" width=\"180\" height=\"119\" \/><\/a><\/li>\r\n \t<li><a href=\"https:\/\/www.geneticmatrix.com\/gauss-carl_friedrich-human-design-chart.html\"><img class=\"alignnone wp-image-14284\" title=\"Carl Friedrich Gauss - Reflector\" src=\"https:\/\/www.geneticmatrixtest.com\/wp-content\/uploads\/2012\/09\/Gauss-Carl-Friedrich.jpg\" alt=\"\" width=\"180\" height=\"119\" \/><\/a><\/li>\r\n \t<li><a href=\"https:\/\/www.geneticmatrix.com\/leoncavallo-ruggero-human-design-chart.html\"><img class=\"alignnone wp-image-14285\" title=\"Ruggero Leoncavallo\" src=\"https:\/\/www.geneticmatrixtest.com\/wp-content\/uploads\/2012\/09\/Leoncavallo-Ruggero.jpg\" alt=\"\" width=\"180\" height=\"119\" \/><\/a><\/li>\r\n \t<li><\/li>\r\n<\/ul>\r\n<div><span style=\"font-size: medium;\"><span style=\"line-height: 24px;\">\u00a0<\/span><\/span><\/div>\r\n<\/div>\r\n<\/div>\r\n<div class=\"right pure_generators_l\"><\/div>\r\n<\/div>\r\n<div class=\"right pure_generators_l\"><\/div>\r\n<div class=\"right pure_generators_l\"><\/div>\r\n<div class=\"right pure_generators_l\"><\/div>\r\n<div class=\"right pure_generators_l\"><\/div>\r\n<div class=\"right pure_generators_l\"><\/div>\r\n<div class=\"right pure_generators_l\"><\/div>\r\n<h4 class=\"right pure_generators_l\"><\/h4>\r\n<div class=\"clear\"><\/div>\r\n<\/div>\r\n<div><\/div>","protected":false},"excerpt":{"rendered":"<p>Accueil \u00bb Centre d&rsquo;information \u00bbTypes \u00bb Design Humain &#8211; R\u00e9flecteur Design Humain &#8211; R\u00e9flecteur Les r\u00e9flecteurs repr\u00e9sentent 1 % de la population mondiale. Le r\u00e9flecteur tire son nom de la nature de son aura r\u00e9fl\u00e9chissante. L\u2019aura du r\u00e9flecteur r\u00e9siste, \u00e9chantillonne et refl\u00e8te d\u2019autres auras Le r\u00e9flecteur est un observateur avis\u00e9 de la vie avec le&hellip; <a class=\"more-link\" href=\"https:\/\/www.geneticmatrix.com\/fr\/design-humain-reflecteur\/\">Poursuivre la lecture de <span class=\"screen-reader-text\">Design Humain &#8211; R\u00e9flecteur<\/span><\/a><\/p>\n","protected":false},"author":1,"featured_media":0,"parent":0,"menu_order":0,"comment_status":"closed","ping_status":"closed","template":"","meta":{"footnotes":""},"class_list":["post-14254","page","type-page","status-publish","hentry","entry"],"_links":{"self":[{"href":"https:\/\/www.geneticmatrix.com\/fr\/wp-json\/wp\/v2\/pages\/14254","targetHints":{"allow":["GET"]}}],"collection":[{"href":"https:\/\/www.geneticmatrix.com\/fr\/wp-json\/wp\/v2\/pages"}],"about":[{"href":"https:\/\/www.geneticmatrix.com\/fr\/wp-json\/wp\/v2\/types\/page"}],"author":[{"embeddable":true,"href":"https:\/\/www.geneticmatrix.com\/fr\/wp-json\/wp\/v2\/users\/1"}],"replies":[{"embeddable":true,"href":"https:\/\/www.geneticmatrix.com\/fr\/wp-json\/wp\/v2\/comments?post=14254"}],"version-history":[{"count":0,"href":"https:\/\/www.geneticmatrix.com\/fr\/wp-json\/wp\/v2\/pages\/14254\/revisions"}],"wp:attachment":[{"href":"https:\/\/www.geneticmatrix.com\/fr\/wp-json\/wp\/v2\/media?parent=14254"}],"curies":[{"name":"wp","href":"https:\/\/api.w.org\/{rel}","templated":true}]}}