   
{"id":14021,"date":"2020-11-30T10:35:17","date_gmt":"2020-11-30T10:35:17","guid":{"rendered":"https:\/\/www.geneticmatrixtest.com\/?page_id=14021"},"modified":"2020-12-14T05:58:52","modified_gmt":"2020-12-14T05:58:52","slug":"creez-votre-graphique-gratuit","status":"publish","type":"page","link":"https:\/\/www.geneticmatrix.com\/fr\/creez-votre-graphique-gratuit\/","title":{"rendered":"Cr\u00e9ez votre graphique gratuit"},"content":{"rendered":"<?php $lang = ICL_LANGUAGE_CODE; $service_url = get_permalink(apply_filters('wpml_object_id', '4102', 'page', true, $lang)); ?>\r\n<code><iframe id=\"iframe1\" style=\"overflow: hidden;\" src=\"https:\/\/www.geneticmatrix.com\/white-label\/free-foundation-chart.php?lang=<?php echo $lang?>\" name=\"iframe1\" width=\"980\" height=\"750\" frameborder=\"0\" scrolling=\"no\" data-mce-fragment=\"1\"><\/iframe><\/code>\r\n<div class=\"clearfix box_row\">\r\n<div class=\"leftCol\">\r\n\r\nInscrivez-vous maintenant pour cr\u00e9er et sauvegarder un nombre de cartes ilimit\u00e9. Utilisez des cartes et des vues suppl\u00e9mentaires. Recherchez 30 000 c\u00e9l\u00e9brit\u00e9s et plus. Cliquez ici pour comparer les forfaits d'adh\u00e9sion.\r\n\r\n<\/div>\r\n<div class=\"rightCol\">\r\n<div class=\"btn talkFound_color\" style=\"padding: 10px 0px 7px 0px; margin-top: 12px; background-color: #fff; border: 2px solid #000; border-radius: 10px; width: 75%;\"><a style=\"color: #000;\" href=\"<?php echo $service_url;?>\">Forfaits d'adh\u00e9sion<\/a><\/div>\r\n<\/div>\r\n<\/div>","protected":false},"excerpt":{"rendered":"","protected":false},"author":1,"featured_media":0,"parent":0,"menu_order":0,"comment_status":"closed","ping_status":"closed","template":"template-free-foundation-chart.php","meta":{"footnotes":""},"class_list":["post-14021","page","type-page","status-publish","hentry","entry"],"_links":{"self":[{"href":"https:\/\/www.geneticmatrix.com\/fr\/wp-json\/wp\/v2\/pages\/14021","targetHints":{"allow":["GET"]}}],"collection":[{"href":"https:\/\/www.geneticmatrix.com\/fr\/wp-json\/wp\/v2\/pages"}],"about":[{"href":"https:\/\/www.geneticmatrix.com\/fr\/wp-json\/wp\/v2\/types\/page"}],"author":[{"embeddable":true,"href":"https:\/\/www.geneticmatrix.com\/fr\/wp-json\/wp\/v2\/users\/1"}],"replies":[{"embeddable":true,"href":"https:\/\/www.geneticmatrix.com\/fr\/wp-json\/wp\/v2\/comments?post=14021"}],"version-history":[{"count":0,"href":"https:\/\/www.geneticmatrix.com\/fr\/wp-json\/wp\/v2\/pages\/14021\/revisions"}],"wp:attachment":[{"href":"https:\/\/www.geneticmatrix.com\/fr\/wp-json\/wp\/v2\/media?parent=14021"}],"curies":[{"name":"wp","href":"https:\/\/api.w.org\/{rel}","templated":true}]}}