   
{"id":11365,"date":"2020-05-13T04:05:38","date_gmt":"2020-05-13T04:05:38","guid":{"rendered":"https:\/\/www.geneticmatrix.com\/free-foundation-chart\/"},"modified":"2020-09-20T06:38:47","modified_gmt":"2020-09-20T06:38:47","slug":"free-foundation-chart","status":"publish","type":"page","link":"https:\/\/www.geneticmatrix.com\/es\/free-foundation-chart\/","title":{"rendered":"Free Foundation Chart"},"content":{"rendered":"<?php\r\n$lang = ICL_LANGUAGE_CODE;\r\n$service_url = get_permalink(apply_filters('wpml_object_id', '4102', 'page', true, $lang));\r\n?>\r\n\r\n<code><iframe id=\"iframe1\" style=\"overflow: hidden;\" src=\"https:\/\/www.geneticmatrix.com\/white-label\/free-foundation-chart.php?lang=<?php echo $lang;?>\" name=\"iframe1\" width=\"980\" height=\"750\" frameborder=\"0\" scrolling=\"no\"><\/iframe><\/code>\r\n<div class=\"clearfix box_row\">\r\n<div class=\"leftCol\">\r\n\r\nReg\u00edstrate ahora para crear y guardar cartas ilimitadas. Utiliza Cartas y Vistas adicionales. Acceso a m\u00e1s de 30, 000 cartas de celebridades y m\u00e1s. Haz click aqu\u00ed para comparar planes de membres\u00eda.\r\n\r\n<\/div>\r\n<div class=\"rightCol\">\r\n<div class=\"btn talkFound_color\" style=\"padding: 10px 0px 7px 0px; margin-top: 12px; background-color: #fff; border: 2px solid #000; border-radius: 10px; width: 75%;\"><a style=\"color: #000;\" href=\"<?php echo  $service_url;?>\">Planes de membres\u00eda<\/a><\/div>\r\n<\/div>\r\n<\/div>\r\n","protected":false},"excerpt":{"rendered":"","protected":false},"author":1,"featured_media":0,"parent":0,"menu_order":0,"comment_status":"closed","ping_status":"closed","template":"template-free-foundation-chart.php","meta":{"footnotes":""},"class_list":["post-11365","page","type-page","status-publish","hentry","entry"],"_links":{"self":[{"href":"https:\/\/www.geneticmatrix.com\/es\/wp-json\/wp\/v2\/pages\/11365","targetHints":{"allow":["GET"]}}],"collection":[{"href":"https:\/\/www.geneticmatrix.com\/es\/wp-json\/wp\/v2\/pages"}],"about":[{"href":"https:\/\/www.geneticmatrix.com\/es\/wp-json\/wp\/v2\/types\/page"}],"author":[{"embeddable":true,"href":"https:\/\/www.geneticmatrix.com\/es\/wp-json\/wp\/v2\/users\/1"}],"replies":[{"embeddable":true,"href":"https:\/\/www.geneticmatrix.com\/es\/wp-json\/wp\/v2\/comments?post=11365"}],"version-history":[{"count":0,"href":"https:\/\/www.geneticmatrix.com\/es\/wp-json\/wp\/v2\/pages\/11365\/revisions"}],"wp:attachment":[{"href":"https:\/\/www.geneticmatrix.com\/es\/wp-json\/wp\/v2\/media?parent=11365"}],"curies":[{"name":"wp","href":"https:\/\/api.w.org\/{rel}","templated":true}]}}