   
{"id":11333,"date":"2012-10-13T05:12:03","date_gmt":"2012-10-13T05:12:03","guid":{"rendered":"https:\/\/www.geneticmatrix.com\/diseno-humano-tiene-las-respuestas-para-ti\/"},"modified":"2020-09-20T06:42:45","modified_gmt":"2020-09-20T06:42:45","slug":"diseno-humano-tiene-las-respuestas-para-ti","status":"publish","type":"page","link":"https:\/\/www.geneticmatrix.com\/es\/diseno-humano-tiene-las-respuestas-para-ti\/","title":{"rendered":"Dise\u00f1o Humano tiene las respuestas para ti"},"content":{"rendered":"<div id=\"content\">\r\n<div class=\"test_page\">\r\n<div class=\"breadcam\"><a href=\"\/\">Home<\/a> \u00bb Dise\u00f1o Humano tiene las respuestas para ti.<\/div>\r\n<div class=\"humen-design-answers\">\r\n<h2>Dise\u00f1o Humano tiene las respuestas para ti.<\/h2>\r\n<div class=\"image-center times-image\"><img src=\"https:\/\/www.geneticmatrix.com\/wp-content\/themes\/twentyten\/images\/theanswers.jpg\" alt=\"\" \/><\/div>\r\n<div class=\"challange-mind-chart\">\r\n\r\nTodos enfrentamos distintas pruebas y dificultades que pueden parecer no tener fin.\r\n\r\nPara la mayor\u00eda de las personas, estar vivo se trata de \u201ctratar de entender\u201d; aprender a \u201cvivir conforme a las reglas\u201d; tratando de \u201cpensar las cosas de manera l\u00f3gica\u201d, todo para tratar de obtener un poco de alegr\u00eda y paz mental.\r\n\r\n<\/div>\r\n<div class=\"image-center\"><img src=\"https:\/\/www.geneticmatrix.com\/wp-content\/themes\/twentyten\/images\/talkingheads.jpg\" alt=\"\" \/><\/div>\r\n<div class=\"freedom-offers\">\r\n<div class=\"image-left\"><img src=\"https:\/\/www.geneticmatrix.com\/wp-content\/themes\/twentyten\/images\/White water Rafting.jpg\" alt=\"\" \/><\/div>\r\n<div class=\"text-center\">\r\n\r\nLa libertad que el Dise\u00f1o Humano nos ofrece es aprender de nuestras fuentes INTERNAS de \u00e9xito y el permiso de seguir \u201clo que escuchamos dentro\u201d. Una vez que comenzamos a vivir conforme a nuestro dise\u00f1o real, nuestra vida se vuelve m\u00e1s sencilla. No somos un pez yendo en contra de la corriente (a menos, claro, que eso sea lo que queremos hacer por el mero placer de experimentarlo). Nos damos cuenta, m\u00e1s y m\u00e1s, que podemos flotar con la corriente, encontrando en el camino una felicidad m\u00e1s profunda y paz duradera - y a\u00fan as\u00ed pudiendo \u201cllegar a donde queremos ir\u201d (pero todo con una mejor mentalidad).\r\n\r\n<\/div>\r\n<div class=\"image-right\"><img src=\"https:\/\/www.geneticmatrix.com\/wp-content\/themes\/twentyten\/images\/raft-floating.jpg\" alt=\"\" \/><\/div>\r\n<\/div>\r\n<h2 style=\"text-transform: capitalize; margin-bottom: 0; text-align: left;\">C\u00f3mo es esto posible?<\/h2>\r\n<div class=\"just-doit man-yoga\">\r\n<div class=\"text-left-align\">\r\n\r\nEl Dise\u00f1o Humano es capaz de mostrarnos nuestro mecanismo interno de c\u00f3mo escuchar espec\u00edficamente aquello que es correcto para cada individuo. Cada uno fuimos dise\u00f1ados de manera distinta, con nuestra manera propia de escuchar ese mecanismo interno para que podamos comenzar a saber a qu\u00e9 prestarle atenci\u00f3n y qu\u00e9 acciones debemos o no tomar.\r\n\r\n<\/div>\r\n<div class=\"just-image-left\"><img src=\"https:\/\/www.geneticmatrix.com\/wp-content\/themes\/twentyten\/images\/yoga.jpg\" alt=\"\" \/><\/div>\r\n<\/div>\r\n<div class=\"just-doit bodygraph\">\r\n<div class=\"just-image-left\" style=\"text-align: left;\"><img style=\"width: 375px; height: 375px;\" src=\"https:\/\/www.geneticmatrix.com\/wp-content\/themes\/twentyten\/images\/bodygraph.jpg\" alt=\"\" \/><\/div>\r\n<div class=\"text-left-align\">Lo hace por medio de esta gr\u00e1fica (tambi\u00e9n llamada Carta de Dise\u00f1o Humano), basada en la hora de nacimiento, y delinea el dise\u00f1o gen\u00e9tico \u00fanico de cada individuo - es un mapa de qui\u00e9n hemos venido a ser en esta vida.<\/div>\r\n<\/div>\r\n<p style=\"text-align: center; clear: both;\">Dependiendo de la hora de nacimiento, somos un cierto \u201ctipo\u201d, lo cual crea un aura alrededor de nosotros que est\u00e1 dise\u00e3da para interactuar con el mundo de manera espec\u00edfica.<\/p>\r\n\r\n<div class=\"freedom-offers trafic-bar\">\r\n<div class=\"image-left\"><img src=\"https:\/\/www.geneticmatrix.com\/wp-content\/themes\/twentyten\/images\/justdoit.jpg\" alt=\"\" \/><\/div>\r\n<div class=\"text-center\">\r\n\r\nTambi\u00e9n nacemos con una \u201cautoridad\u201d interna, la cual determina la manera m\u00e1s efectiva para tomar decisiones - puede ser trav\u00e9s de una sensaci\u00f3n interna, una ola emocional, una respuesta gutural autom\u00e1tica, etc. La mayor\u00eda de nosotros, al aprender que tenemos esta autoridad nos damos cuenta de que la hemos usado anteriormente cuando nos ha ido bien en la vida.\r\n\r\n<\/div>\r\n<div class=\"image-right\"><img src=\"https:\/\/www.geneticmatrix.com\/wp-content\/themes\/twentyten\/images\/traffic lights.jpg\" alt=\"\" \/><\/div>\r\n<\/div>\r\n<div class=\"just-doit just-beyourself\">\r\n<div class=\"just-image-left\" style=\"text-align: left;\"><img style=\"width: 375px; height: 375px;\" src=\"https:\/\/www.geneticmatrix.com\/wp-content\/themes\/twentyten\/images\/justbeyourself.jpg\" alt=\"\" \/><\/div>\r\n<div class=\"text-left-align\">\r\n\r\nEl aprender nuestro dise\u00f1o de manera consciente es un alivio. Nos permite entendernos y entender nuestra vida, nos ofrece llaves para operar nuestra vida de manera m\u00e1s exitosa. No necesitamos preguntarnos si hay algo fundamentalmente errado dentro de nosotros, lo cual nos hace tomar decisiones incorrectas para nuestra vida particular.\r\n\r\nAterrizando en la sabidur\u00eda de conocernos y de vivir nuestra vida y ser aut\u00e9nticos, una aceptaci\u00f3n comienza a germinar dentro de nosotros que nos da la confianza de poder vivir nuestra vida sin pensar que alguien m\u00e1s tiene las respuestas. Nos damos cuenta de la necesidad que tiene nuestra mente por tener respuestas l\u00f3gicas y, en lugar de prestarle atenci\u00f3n, revisamos en nuestro interior para ver lo que nuestro \u201cverdadero ser\u201d quiere decirnos - revisamos aquello que se siente \u201ccorrecto\u201d.\r\n\r\n<\/div>\r\n<\/div>\r\n<div class=\"just-doit manwithdog\" style=\"padding-bottom: 20px; margin: 10px 0 0;\">\r\n<div class=\"text-left-align\" style=\"margin: 18px 60px 0 0;\">\r\n\r\nLos miedos comienzan a cesar. No hay nada que \u201centender\u201d una vez que aprendemos acerca de nuestro dise\u00f1o propio y c\u00f3mo fuimos disen\u00e3dos para responder en esta vida. Lo \u00fanico que nos queda es vivir una vida plena y disfrutar la experiencia de ser quienes fuimos dise\u00f1ados a ser.\r\n\r\n.\r\n\r\n<\/div>\r\n<div class=\"just-image-left\"><img src=\"https:\/\/www.geneticmatrix.com\/wp-content\/themes\/twentyten\/images\/manwithdog.jpg\" alt=\"\" \/><\/div>\r\n<\/div>\r\n<\/div>\r\n<\/div>\r\n<div style=\"clear: both;\"><\/div>\r\n<\/div>","protected":false},"excerpt":{"rendered":"<p>Home \u00bb Dise\u00f1o Humano tiene las respuestas para ti. Dise\u00f1o Humano tiene las respuestas para ti. Todos enfrentamos distintas pruebas y dificultades que pueden parecer no tener fin. Para la mayor\u00eda de las personas, estar vivo se trata de \u201ctratar de entender\u201d; aprender a \u201cvivir conforme a las reglas\u201d; tratando de \u201cpensar las cosas de&hellip; <a class=\"more-link\" href=\"https:\/\/www.geneticmatrix.com\/es\/diseno-humano-tiene-las-respuestas-para-ti\/\">Seguir leyendo <span class=\"screen-reader-text\">Dise\u00f1o Humano tiene las respuestas para ti<\/span><\/a><\/p>\n","protected":false},"author":1,"featured_media":0,"parent":0,"menu_order":0,"comment_status":"closed","ping_status":"closed","template":"","meta":{"footnotes":""},"class_list":["post-11333","page","type-page","status-publish","hentry","entry"],"_links":{"self":[{"href":"https:\/\/www.geneticmatrix.com\/es\/wp-json\/wp\/v2\/pages\/11333","targetHints":{"allow":["GET"]}}],"collection":[{"href":"https:\/\/www.geneticmatrix.com\/es\/wp-json\/wp\/v2\/pages"}],"about":[{"href":"https:\/\/www.geneticmatrix.com\/es\/wp-json\/wp\/v2\/types\/page"}],"author":[{"embeddable":true,"href":"https:\/\/www.geneticmatrix.com\/es\/wp-json\/wp\/v2\/users\/1"}],"replies":[{"embeddable":true,"href":"https:\/\/www.geneticmatrix.com\/es\/wp-json\/wp\/v2\/comments?post=11333"}],"version-history":[{"count":0,"href":"https:\/\/www.geneticmatrix.com\/es\/wp-json\/wp\/v2\/pages\/11333\/revisions"}],"wp:attachment":[{"href":"https:\/\/www.geneticmatrix.com\/es\/wp-json\/wp\/v2\/media?parent=11333"}],"curies":[{"name":"wp","href":"https:\/\/api.w.org\/{rel}","templated":true}]}}