   
{"id":11307,"date":"2012-09-28T13:35:01","date_gmt":"2012-09-28T13:35:01","guid":{"rendered":"https:\/\/www.geneticmatrix.com\/human-design-2-4-profile\/"},"modified":"2020-09-20T13:48:15","modified_gmt":"2020-09-20T13:48:15","slug":"human-design-2-4-profile","status":"publish","type":"page","link":"https:\/\/www.geneticmatrix.com\/es\/human-design-2-4-profile\/","title":{"rendered":"Human-Design-2-4-Profile"},"content":{"rendered":"<div id=\"content\">\r\n<div class=\"breadcam\"><a href=\"\/\">Home<\/a> \u00bb <a href=\"\/human-design-info-center\/\">Info-Center<\/a> \u00bb <a href=\"\/human-design-the-12-profiles\/\">12 Perfils <\/a> \u00bb 2\/4 Perfil<\/div>\r\n<div class=\"l_content left mar_top\">\r\n<div class=\"services\">\r\n<h2>El Perfil 2\/4<\/h2>\r\n<ul>\r\n \t<li>El perfil 2\/4 constituye el 14.26% de la poblaci\u00f3n<\/li>\r\n \t<li>Algunas de las palabras relacionadas con el perfil 2\/4 son:<\/li>\r\n<\/ul>\r\n<h3>Personalidad Consciente<\/h3>\r\n<table class=\"personality\" border=\"1\" width=\"650\" cellspacing=\"0\" cellpadding=\"0\">\r\n<tbody>\r\n<tr>\r\n<td>Hermita\u00f1o<\/td>\r\n<td>Democr\u00e1tico<\/td>\r\n<td>Intolerante<\/td>\r\n<\/tr>\r\n<tr>\r\n<td>Armon\u00eda<\/td>\r\n<td>Nutrir\/agotar<\/td>\r\n<td>Talento natural<\/td>\r\n<\/tr>\r\n<tr>\r\n<td>Proyectado sobre lo visto<\/td>\r\n<td>En negaci\u00f3n<\/td>\r\n<td>La Llamada<\/td>\r\n<\/tr>\r\n<tr>\r\n<td>Sensible\/reactivo<\/td>\r\n<td>Proyectando hacia afuera<\/td>\r\n<td>Pena\/extroversion<\/td>\r\n<\/tr>\r\n<\/tbody>\r\n<\/table>\r\n<h3>Dise\u00f1o Inconsciente<\/h3>\r\n<table class=\"personality\" border=\"1\" width=\"650\" cellspacing=\"0\" cellpadding=\"0\">\r\n<tbody>\r\n<tr>\r\n<td>Oportunista<\/td>\r\n<td>Abdicador<\/td>\r\n<td>Creatividad en soledad<\/td>\r\n<\/tr>\r\n<tr>\r\n<td>Fr\u00e1gil<\/td>\r\n<td>Benevolencia\/malicia<\/td>\r\n<td>Red social personal<\/td>\r\n<\/tr>\r\n<tr>\r\n<td>Influenciador<\/td>\r\n<td>Externalizante<\/td>\r\n<td>Comunicativo<\/td>\r\n<\/tr>\r\n<tr>\r\n<td>Fijo<\/td>\r\n<td>Confidente\/no confidente<\/td>\r\n<td>Benefactor\/dependiente<\/td>\r\n<\/tr>\r\n<\/tbody>\r\n<\/table>\r\n<h3><a href=\"\/human-design-people-by-profile-2-4.html\">Otras personas con El perfil 2\/4<\/a><\/h3>\r\n<div class=\"personality_img\">\r\n<ul>\r\n \t<li><img src=\"https:\/\/www.geneticmatrix.com\/wp-content\/themes\/twentyten\/images\/people\/Lennon John - Picture.jpg\" alt=\"img\" width=\"115\" height=\"157\" \/><\/li>\r\n \t<li><img src=\"https:\/\/www.geneticmatrix.com\/wp-content\/themes\/twentyten\/images\/people\/Thurman Uma P.jpg\" alt=\"img\" width=\"115\" height=\"157\" \/><\/li>\r\n \t<li><img src=\"https:\/\/www.geneticmatrix.com\/wp-content\/themes\/twentyten\/images\/people\/Dali Salvador - Picture.jpg\" alt=\"img\" width=\"115\" height=\"157\" \/><\/li>\r\n \t<li><img src=\"https:\/\/www.geneticmatrix.com\/wp-content\/themes\/twentyten\/images\/people\/Taylor Elizabeth P.jpg\" alt=\"img\" width=\"115\" height=\"157\" \/><\/li>\r\n \t<li><img src=\"https:\/\/www.geneticmatrix.com\/wp-content\/themes\/twentyten\/images\/people\/Crowe Russell - Picture.jpg\" alt=\"img\" width=\"115\" height=\"157\" \/><\/li>\r\n \t<li><img src=\"https:\/\/www.geneticmatrix.com\/wp-content\/themes\/twentyten\/images\/people\/Liszt Franz P.jpg\" alt=\"img\" width=\"115\" height=\"157\" \/><\/li>\r\n \t<li><img src=\"https:\/\/www.geneticmatrix.com\/wp-content\/themes\/twentyten\/images\/people\/Connery Sean P.jpg\" alt=\"img\" width=\"115\" height=\"157\" \/><\/li>\r\n \t<li><img src=\"https:\/\/www.geneticmatrix.com\/wp-content\/themes\/twentyten\/images\/people\/Ellington Duke P.jpg\" alt=\"img\" width=\"115\" height=\"157\" \/><\/li>\r\n \t<li><img src=\"https:\/\/www.geneticmatrix.com\/wp-content\/themes\/twentyten\/images\/people\/Jung Carl-Gustav - Picture.jpg\" alt=\"img\" width=\"115\" height=\"157\" \/><\/li>\r\n<\/ul>\r\n<\/div>\r\n<\/div>\r\n<\/div>\r\n<div class=\"r_content right mar_top\"><\/div>\r\n<div class=\"clear\"><\/div>\r\n<\/div>","protected":false},"excerpt":{"rendered":"<p>Home \u00bb Info-Center \u00bb 12 Perfils \u00bb 2\/4 Perfil El Perfil 2\/4 El perfil 2\/4 constituye el 14.26% de la poblaci\u00f3n Algunas de las palabras relacionadas con el perfil 2\/4 son: Personalidad Consciente Hermita\u00f1o Democr\u00e1tico Intolerante Armon\u00eda Nutrir\/agotar Talento natural Proyectado sobre lo visto En negaci\u00f3n La Llamada Sensible\/reactivo Proyectando hacia afuera Pena\/extroversion Dise\u00f1o Inconsciente&hellip; <a class=\"more-link\" href=\"https:\/\/www.geneticmatrix.com\/es\/human-design-2-4-profile\/\">Seguir leyendo <span class=\"screen-reader-text\">Human-Design-2-4-Profile<\/span><\/a><\/p>\n","protected":false},"author":1,"featured_media":0,"parent":0,"menu_order":0,"comment_status":"closed","ping_status":"closed","template":"","meta":{"footnotes":""},"class_list":["post-11307","page","type-page","status-publish","hentry","entry"],"_links":{"self":[{"href":"https:\/\/www.geneticmatrix.com\/es\/wp-json\/wp\/v2\/pages\/11307","targetHints":{"allow":["GET"]}}],"collection":[{"href":"https:\/\/www.geneticmatrix.com\/es\/wp-json\/wp\/v2\/pages"}],"about":[{"href":"https:\/\/www.geneticmatrix.com\/es\/wp-json\/wp\/v2\/types\/page"}],"author":[{"embeddable":true,"href":"https:\/\/www.geneticmatrix.com\/es\/wp-json\/wp\/v2\/users\/1"}],"replies":[{"embeddable":true,"href":"https:\/\/www.geneticmatrix.com\/es\/wp-json\/wp\/v2\/comments?post=11307"}],"version-history":[{"count":0,"href":"https:\/\/www.geneticmatrix.com\/es\/wp-json\/wp\/v2\/pages\/11307\/revisions"}],"wp:attachment":[{"href":"https:\/\/www.geneticmatrix.com\/es\/wp-json\/wp\/v2\/media?parent=11307"}],"curies":[{"name":"wp","href":"https:\/\/api.w.org\/{rel}","templated":true}]}}