   
{"id":11305,"date":"2012-09-28T13:30:21","date_gmt":"2012-09-28T13:30:21","guid":{"rendered":"https:\/\/www.geneticmatrix.com\/human-design-1-4-perfil\/"},"modified":"2020-09-20T13:46:58","modified_gmt":"2020-09-20T13:46:58","slug":"human-design-1-4-perfil","status":"publish","type":"page","link":"https:\/\/www.geneticmatrix.com\/es\/human-design-1-4-perfil\/","title":{"rendered":"Human-Design-1-4-Perfil"},"content":{"rendered":"<div id=\"content\">\r\n<div class=\"breadcam\"><a href=\"\/\">Home<\/a> \u00bb <a href=\"\/human-design-info-center\/\">Info-Center<\/a> \u00bb <a href=\"\/human-design-the-12-profiles\/\">12 Profiles <\/a> \u00bb 1\/4 Perfil<\/div>\r\n<div class=\"l_content left mar_top\">\r\n<div class=\"services\">\r\n<h2>El Perfil 1\/4<\/h2>\r\n<ul>\r\n \t<li>El perfil 4\/1 constituye el 2.30% de la poblaci\u00f3n<\/li>\r\n \t<li>Algunas de las palabras relacionadas con el perfil 1\/4 son:<\/li>\r\n<\/ul>\r\n<h3>Personalidad consciente<\/h3>\r\n<table class=\"personality\" border=\"1\" width=\"650\" cellspacing=\"0\" cellpadding=\"0\">\r\n<tbody>\r\n<tr>\r\n<td>Investigador<\/td>\r\n<td>Autoritario<\/td>\r\n<td>Introspecci\u00f3n<\/td>\r\n<\/tr>\r\n<tr>\r\n<td>Subjetivo<\/td>\r\n<td>Inseguro<\/td>\r\n<td>Fundamentos<\/td>\r\n<\/tr>\r\n<tr>\r\n<td>Especializaci\u00f3n<\/td>\r\n<td>Empat\u00eda<\/td>\r\n<td>Esudiar\/analizar<\/td>\r\n<\/tr>\r\n<tr>\r\n<td>Creatividad pura<\/td>\r\n<td>Egocentrismo<\/td>\r\n<td>Perseguidor\/Perseguido<\/td>\r\n<\/tr>\r\n<\/tbody>\r\n<\/table>\r\n<h3>Dise\u00f1o Inconsciente<\/h3>\r\n<table class=\"personality\" border=\"1\" width=\"650\" cellspacing=\"0\" cellpadding=\"0\">\r\n<tbody>\r\n<tr>\r\n<td>Oportunista<\/td>\r\n<td>Abdicador<\/td>\r\n<td>Creatividad en soledad<\/td>\r\n<\/tr>\r\n<tr>\r\n<td>Fr\u00e1gil<\/td>\r\n<td>Benevolencia\/malicia<\/td>\r\n<td>Red social personal<\/td>\r\n<\/tr>\r\n<tr>\r\n<td>Influenciador<\/td>\r\n<td>Externalizante<\/td>\r\n<td>Comunicativo<\/td>\r\n<\/tr>\r\n<tr>\r\n<td>Fijo<\/td>\r\n<td>Confidente\/no confidente<\/td>\r\n<td>Benefactor\/dependiente<\/td>\r\n<\/tr>\r\n<\/tbody>\r\n<\/table>\r\n<h3><a href=\"\/human-design-people-by-profile-1-4.html\">Otras personas con El Perfil 1\/4<\/a><\/h3>\r\n<div class=\"personality_img\">\r\n<ul>\r\n \t<li><img src=\"https:\/\/www.geneticmatrix.com\/wp-content\/themes\/twentyten\/images\/people\/Einstein Albert Picture.jpg\" alt=\"img\" width=\"115\" height=\"157\" \/><\/li>\r\n \t<li><img src=\"https:\/\/www.geneticmatrix.com\/wp-content\/themes\/twentyten\/images\/people\/McGregor Ewan - Picture.jpg\" alt=\"img\" width=\"115\" height=\"157\" \/><\/li>\r\n \t<li><img src=\"https:\/\/www.geneticmatrix.com\/wp-content\/themes\/twentyten\/images\/people\/Young Loretta p.jpg\" alt=\"img\" width=\"115\" height=\"157\" \/><\/li>\r\n \t<li><img src=\"https:\/\/www.geneticmatrix.com\/wp-content\/themes\/twentyten\/images\/people\/Tanner Roscoe - Picture.JPG\" alt=\"img\" width=\"115\" height=\"157\" \/><\/li>\r\n \t<li><img src=\"https:\/\/www.geneticmatrix.com\/wp-content\/themes\/twentyten\/images\/people\/Ali Muhammad - Picture.jpg\" alt=\"img\" width=\"115\" height=\"157\" \/><\/li>\r\n \t<li><img src=\"https:\/\/www.geneticmatrix.com\/wp-content\/themes\/twentyten\/images\/people\/Vicious Sid - Picture.jpg\" alt=\"img\" width=\"115\" height=\"157\" \/><\/li>\r\n<\/ul>\r\n<\/div>\r\n<\/div>\r\n<\/div>\r\n<div class=\"r_content right mar_top\"><\/div>\r\n<div class=\"clear\"><\/div>\r\n<\/div>","protected":false},"excerpt":{"rendered":"<p>Home \u00bb Info-Center \u00bb 12 Profiles \u00bb 1\/4 Perfil El Perfil 1\/4 El perfil 4\/1 constituye el 2.30% de la poblaci\u00f3n Algunas de las palabras relacionadas con el perfil 1\/4 son: Personalidad consciente Investigador Autoritario Introspecci\u00f3n Subjetivo Inseguro Fundamentos Especializaci\u00f3n Empat\u00eda Esudiar\/analizar Creatividad pura Egocentrismo Perseguidor\/Perseguido Dise\u00f1o Inconsciente Oportunista Abdicador Creatividad en soledad Fr\u00e1gil Benevolencia\/malicia&hellip; <a class=\"more-link\" href=\"https:\/\/www.geneticmatrix.com\/es\/human-design-1-4-perfil\/\">Seguir leyendo <span class=\"screen-reader-text\">Human-Design-1-4-Perfil<\/span><\/a><\/p>\n","protected":false},"author":1,"featured_media":0,"parent":0,"menu_order":0,"comment_status":"closed","ping_status":"closed","template":"","meta":{"footnotes":""},"class_list":["post-11305","page","type-page","status-publish","hentry","entry"],"_links":{"self":[{"href":"https:\/\/www.geneticmatrix.com\/es\/wp-json\/wp\/v2\/pages\/11305","targetHints":{"allow":["GET"]}}],"collection":[{"href":"https:\/\/www.geneticmatrix.com\/es\/wp-json\/wp\/v2\/pages"}],"about":[{"href":"https:\/\/www.geneticmatrix.com\/es\/wp-json\/wp\/v2\/types\/page"}],"author":[{"embeddable":true,"href":"https:\/\/www.geneticmatrix.com\/es\/wp-json\/wp\/v2\/users\/1"}],"replies":[{"embeddable":true,"href":"https:\/\/www.geneticmatrix.com\/es\/wp-json\/wp\/v2\/comments?post=11305"}],"version-history":[{"count":0,"href":"https:\/\/www.geneticmatrix.com\/es\/wp-json\/wp\/v2\/pages\/11305\/revisions"}],"wp:attachment":[{"href":"https:\/\/www.geneticmatrix.com\/es\/wp-json\/wp\/v2\/media?parent=11305"}],"curies":[{"name":"wp","href":"https:\/\/api.w.org\/{rel}","templated":true}]}}