   
{"id":11184,"date":"2012-09-12T05:44:13","date_gmt":"2012-09-12T05:44:13","guid":{"rendered":"https:\/\/www.geneticmatrix.com\/human-design-splenic-center\/"},"modified":"2020-09-20T14:42:19","modified_gmt":"2020-09-20T14:42:19","slug":"human-design-splenic-center","status":"publish","type":"page","link":"https:\/\/www.geneticmatrix.com\/es\/human-design-splenic-center\/","title":{"rendered":"Human-Design-Splenic-Center"},"content":{"rendered":"<div id=\"content\">\r\n<div class=\"test_page\">\r\n<div class=\"breadcam\"><a href=\"\/\">Home<\/a> \u00bb <a href=\"https:\/\/www.geneticmatrix.com\/human-design-info-center\/\">Info-Center<\/a> \u00bb<a href=\"https:\/\/www.geneticmatrix.com\/es\/the-9-centers\/\">9 Centro<\/a> \u00bb Dise\u00f1o Humano - Centro Bazo<\/div>\r\n<\/div>\r\n<div class=\"l_content left mar_top\">\r\n<div class=\"services\">\r\n<h3><strong>Dise\u00f1o Humano - Centro Bazo<\/strong><\/h3>\r\n<ul>\r\n \t<li>El Centro Bazo es un Centro de Consciencia<\/li>\r\n<\/ul>\r\n<div><a href=\"https:\/\/www.geneticmatrix.com\/wp-content\/uploads\/2020\/07\/Splenic-Center-Image.png\"><img class=\"alignnone wp-image-11185 size-medium\" src=\"https:\/\/www.geneticmatrix.com\/wp-content\/uploads\/2020\/07\/Splenic-Center-Image-249x300.png\" alt=\"\" width=\"249\" height=\"300\" \/><\/a><\/div>\r\n<!--\r\n<div class=\"splenic right\">Coloca el mouse sobre esta imagen<\/div>\r\n-->\r\n<div class=\"services\">\r\n<div class=\"right gall_sys\">\r\n<ul>\r\n \t<li>1 - Intuici\u00f3n - Sonora<\/li>\r\n \t<li>2 - Instinto - Oler<\/li>\r\n \t<li>3 - Gusto - Juicio<\/li>\r\n<\/ul>\r\n<h3>La Biolog\u00eda<\/h3>\r\n<ul>\r\n \t<li>Tres de las siete puertas del Centro Bazo son parte del Circuito Tribal (32,44,50)<\/li>\r\n \t<li>Dos de las siete puertas del Centro Bazo son parte del Circuito Colectivo (18,48).<\/li>\r\n \t<li>Una de las siete puertas del Centro Bazo son parte del Circuito Individual (28).<\/li>\r\n \t<li>Una de las siete puertas del Centro Bazo no es parte de ning\u00fan circuito (57). Es parte de la Red de Integraci\u00f3n.<\/li>\r\n \t<li>El <a href=\"https:\/\/en.wikipedia.org\/wiki\/Lymph_system\" target=\"_new\" rel=\"noopener noreferrer\">sistema linf\u00e1tico<\/a> puede ser dividido, de manera general, en dos funciones: Como sistema conductor <a href=\"https:\/\/en.wikipedia.org\/wiki\/Lymph\" target=\"_new\" rel=\"noopener noreferrer\"> lleva <\/a> la linfa <a href=\"https:\/\/en.wikipedia.org\/wiki\/White_blood_cells\" target=\"_new\" rel=\"noopener noreferrer\">(incluyendo los gl\u00f3bulos blancos)<\/a> al resto del cuerpo;<a href=\"https:\/\/en.wikipedia.org\/wiki\/Lymphoid_tissue#Lymphoid_tissue\" target=\"_new\" rel=\"noopener noreferrer\">y como tejido linf\u00e1tico <\/a> es responsable de nuestas respuestas linf\u00e1ticas.<\/li>\r\n \t<li>El <a href=\"https:\/\/en.wikipedia.org\/wiki\/Spleen\" target=\"_new\" rel=\"noopener noreferrer\">bazo<\/a> es el \u00f3rgano responsable de destruir gl\u00f3bulos rojos innecesarios. <a href=\"https:\/\/en.wikipedia.org\/wiki\/Red_blood_cells\" target=\"_new\" rel=\"noopener noreferrer\">las c\u00e9lulas rojas <\/a>. tambi\u00e9n contiene nuestra reserva. <a href=\"https:\/\/en.wikipedia.org\/wiki\/Blood\" target=\"_new\" rel=\"noopener noreferrer\">de sangre<\/a>.<\/li>\r\n<\/ul>\r\n<\/div>\r\n<div class=\"clear\"><\/div>\r\n<h3>Algunas palabras asociadas con el Centro bazo y sus <a href=\"&lt;?php echo site_url(); ?&gt;\/human-design-gates\/\">puertas <\/a> son:<\/h3>\r\n<table class=\"personality\" border=\"1\" width=\"650\" cellspacing=\"0\" cellpadding=\"0\">\r\n<tbody>\r\n<tr>\r\n<td>Instinto<\/td>\r\n<td>Profundidad<\/td>\r\n<td>Espontaneidad<\/td>\r\n<\/tr>\r\n<tr>\r\n<td>Miedo de supervivencia<\/td>\r\n<td>Inteligencia<\/td>\r\n<td>Leyes<\/td>\r\n<\/tr>\r\n<tr>\r\n<td>Valores<\/td>\r\n<td>Sabor<\/td>\r\n<td>Intuici\u00f3n<\/td>\r\n<\/tr>\r\n<tr>\r\n<td>Olfato<\/td>\r\n<td>Ac\u00fastico<\/td>\r\n<td>Soluciones<\/td>\r\n<\/tr>\r\n<tr>\r\n<td>Claridad<\/td>\r\n<td>Penetraci\u00f3n<\/td>\r\n<td>Alerta<\/td>\r\n<\/tr>\r\n<tr>\r\n<td>Director de recursos humanos<\/td>\r\n<td>Memoria instintiva<\/td>\r\n<td>Director de finanzas<\/td>\r\n<\/tr>\r\n<tr>\r\n<td>Transformaci\u00f3n<\/td>\r\n<td>Tomar riesgos<\/td>\r\n<td>Correcci\u00f3n<\/td>\r\n<\/tr>\r\n<tr>\r\n<td>Ver fallas<\/td>\r\n<td>Desafiante<\/td>\r\n<td>Servicio<\/td>\r\n<\/tr>\r\n<tr>\r\n<td>Bienestar<\/td>\r\n<td>Salud<\/td>\r\n<td>Miedo a la autoridad<\/td>\r\n<\/tr>\r\n<tr>\r\n<td>Miedo a ser inadecuado<\/td>\r\n<td>Miedo a lo inesperado (el futuro)<\/td>\r\n<td>Miedo al pasado<\/td>\r\n<\/tr>\r\n<tr>\r\n<td>Miedo a la responsabilidad<\/td>\r\n<td>Miedo a fallar<\/td>\r\n<td>Miedo a la muerte<\/td>\r\n<\/tr>\r\n<\/tbody>\r\n<\/table>\r\n<\/div>\r\n<\/div>\r\n<\/div>\r\n<div class=\"r_content right mar_top\"><\/div>\r\n<div class=\"clear\"><\/div>\r\n<\/div>","protected":false},"excerpt":{"rendered":"<p>Home \u00bb Info-Center \u00bb9 Centro \u00bb Dise\u00f1o Humano &#8211; Centro Bazo Dise\u00f1o Humano &#8211; Centro Bazo El Centro Bazo es un Centro de Consciencia 1 &#8211; Intuici\u00f3n &#8211; Sonora 2 &#8211; Instinto &#8211; Oler 3 &#8211; Gusto &#8211; Juicio La Biolog\u00eda Tres de las siete puertas del Centro Bazo son parte del Circuito Tribal (32,44,50)&hellip; <a class=\"more-link\" href=\"https:\/\/www.geneticmatrix.com\/es\/human-design-splenic-center\/\">Seguir leyendo <span class=\"screen-reader-text\">Human-Design-Splenic-Center<\/span><\/a><\/p>\n","protected":false},"author":1,"featured_media":0,"parent":0,"menu_order":0,"comment_status":"closed","ping_status":"closed","template":"","meta":{"footnotes":""},"class_list":["post-11184","page","type-page","status-publish","hentry","entry"],"_links":{"self":[{"href":"https:\/\/www.geneticmatrix.com\/es\/wp-json\/wp\/v2\/pages\/11184","targetHints":{"allow":["GET"]}}],"collection":[{"href":"https:\/\/www.geneticmatrix.com\/es\/wp-json\/wp\/v2\/pages"}],"about":[{"href":"https:\/\/www.geneticmatrix.com\/es\/wp-json\/wp\/v2\/types\/page"}],"author":[{"embeddable":true,"href":"https:\/\/www.geneticmatrix.com\/es\/wp-json\/wp\/v2\/users\/1"}],"replies":[{"embeddable":true,"href":"https:\/\/www.geneticmatrix.com\/es\/wp-json\/wp\/v2\/comments?post=11184"}],"version-history":[{"count":0,"href":"https:\/\/www.geneticmatrix.com\/es\/wp-json\/wp\/v2\/pages\/11184\/revisions"}],"wp:attachment":[{"href":"https:\/\/www.geneticmatrix.com\/es\/wp-json\/wp\/v2\/media?parent=11184"}],"curies":[{"name":"wp","href":"https:\/\/api.w.org\/{rel}","templated":true}]}}