   
{"id":11142,"date":"2012-09-10T10:06:59","date_gmt":"2012-09-10T10:06:59","guid":{"rendered":"https:\/\/www.geneticmatrix.com\/diseno-humano-centro-corazona\/"},"modified":"2020-09-20T14:29:27","modified_gmt":"2020-09-20T14:29:27","slug":"diseno-humano-centro-corazona","status":"publish","type":"page","link":"https:\/\/www.geneticmatrix.com\/es\/diseno-humano-centro-corazona\/","title":{"rendered":"Dise\u00f1o-Humano - Centro-Coraz\u00f3na"},"content":{"rendered":"<div id=\"content\">\r\n<div class=\"test_page\">\r\n<div class=\"breadcam\"><a href=\"\/\">Home<\/a> \u00bb <a href=\"https:\/\/www.geneticmatrix.com\/human-design-info-center\/\">Info-Center<\/a> \u00bb<a href=\"https:\/\/www.geneticmatrix.com\/es\/the-9-centers\/\">9 Centers<\/a> \u00bb Dise\u00f1o Humano - Centro Coraz\u00f3na<\/div>\r\n<\/div>\r\n<div class=\"l_content left mar_top\">\r\n<div class=\"services\">\r\n<h3><strong>Dise\u00f1o Humano - Centro Coraz\u00f3n<\/strong><\/h3>\r\n<ul>\r\n \t<li>El 30% del mundo tienen un Centro Coraz\u00f3n definido.<\/li>\r\n \t<li>El 70% de la poblaci\u00f3n tienen un Centro Coraz\u00f3n no definido.<\/li>\r\n \t<li>El Centro Coraz\u00f3n es un Centro Motor (Energ\u00eda de Ego\/Fuerza de Voluntad). Tiene la habilidad de seguir proveyendo energ\u00eda cuando todas las otras formas de energ\u00eda se hayan agotado.<\/li>\r\n \t<li>Tres de las cuatro puertas del Centro Coraz\u00f3n son parte del Circuito Tribal<\/li>\r\n \t<li>La otra puerta es parte del Circuito Central (51).<\/li>\r\n<\/ul>\r\n<a href=\"https:\/\/www.geneticmatrix.com\/wp-content\/uploads\/2020\/07\/Heart-Image.jpg\"><img class=\"alignnone size-full wp-image-11143\" src=\"https:\/\/www.geneticmatrix.com\/wp-content\/uploads\/2020\/07\/Heart-Image.jpg\" alt=\"\" width=\"279\" height=\"257\" \/><\/a>\r\n<!--\r\n<div class=\"heartcen right\">Coloca el mouse sobre esta imagen<\/div>\r\n-->\r\n<div class=\"clear\"><\/div>\r\n<div class=\"services\">\r\n<div class=\"right gall_sys\">\r\n<ul>\r\n \t<li>1 -<a href=\"https:\/\/en.wikipedia.org\/wiki\/Heart\" target=\"_new\" rel=\"noopener noreferrer\"> El m\u00fasculo del coraz\u00f3n<\/a> es el \u00f3rgano responsable de mover la sangre a trav\u00e9s de las arterias y venas.<\/li>\r\n \t<li>2 - La <a href=\"https:\/\/en.wikipedia.org\/wiki\/Gall_bladder\">ves\u00edcula biliar<\/a> es un \u00f3rgano peque\u00f1o cuya funci\u00f3n es guardar la bilis para ayudar en el proceso digestivo<\/li>\r\n \t<li>3 - La <a href=\"https:\/\/en.wikipedia.org\/wiki\/Thymus_gland\">del timo<\/a> gl\u00e1ndul es un \u00f3rgano que secreta hormonas que estimula la producci\u00f3n de ciertas c\u00e9lulas que pelean contra infecciones. Esta gl\u00e1ndula es de gran importancia en la producci\u00f3n de <a href=\"https:\/\/en.wikipedia.org\/wiki\/T_cells\">c\u00e9lulas T<\/a>.<\/li>\r\n \t<li>4 - <a href=\"https:\/\/en.wikipedia.org\/wiki\/Stomach_acid\">\u00e1cido g\u00e1strico<\/a> es una de las secreciones principales <a href=\"https:\/\/en.wikipedia.org\/wiki\/Stomach\">del est\u00f3mago<\/a>.<\/li>\r\n<\/ul>\r\n<\/div>\r\n<div class=\"clear\"><\/div>\r\n<h3>Algunas de las palabras asociadas con el Centro Coraz\u00f3n y sus <a href=\"https:\/\/www.geneticmatrix.com\/human-design-gates\/\">puertas<\/a> son :<\/h3>\r\n<table class=\"personality\" border=\"1\" width=\"650\" cellspacing=\"0\" cellpadding=\"0\">\r\n<tbody>\r\n<tr>\r\n<td>Ego<\/td>\r\n<td>Fuerza de voluntad<\/td>\r\n<td>Conmoci\u00f3n<\/td>\r\n<\/tr>\r\n<tr>\r\n<td>Humor<\/td>\r\n<td>Controlar<\/td>\r\n<td>Acuerdos\/tratos<\/td>\r\n<\/tr>\r\n<tr>\r\n<td>Amor al trabajo<\/td>\r\n<td>Autoestim<\/td>\r\n<td>Dinero<\/td>\r\n<\/tr>\r\n<tr>\r\n<td>Solitario<\/td>\r\n<td>Negaci\u00f3n<\/td>\r\n<td>Recuperaci\u00f3<\/td>\r\n<\/tr>\r\n<tr>\r\n<td>Manipulaci\u00f3n<\/td>\r\n<td>Coraje<\/td>\r\n<td>Audacia<\/td>\r\n<\/tr>\r\n<tr>\r\n<td>Ir de compras<\/td>\r\n<td>Empe\u00f1o<\/td>\r\n<td>Tensi\u00f3n<\/td>\r\n<\/tr>\r\n<tr>\r\n<td>Descanso<\/td>\r\n<td>Iniciativa<\/td>\r\n<td>Domina<\/td>\r\n<\/tr>\r\n<tr>\r\n<td>Familia<\/td>\r\n<td>Competitividad<\/td>\r\n<td>Memoria<\/td>\r\n<\/tr>\r\n<tr>\r\n<td>Verdad\/mentira<\/td>\r\n<td>El arte de vender<\/td>\r\n<td>Presidente de la compa\u00f1\u00eda<\/td>\r\n<\/tr>\r\n<\/tbody>\r\n<\/table>\r\n<\/div>\r\n<\/div>\r\n<\/div>\r\n<div class=\"r_content right mar_top\"><\/div>\r\n<div class=\"clear\"><\/div>\r\n<\/div>","protected":false},"excerpt":{"rendered":"<p>Home \u00bb Info-Center \u00bb9 Centers \u00bb Dise\u00f1o Humano &#8211; Centro Coraz\u00f3na Dise\u00f1o Humano &#8211; Centro Coraz\u00f3n El 30% del mundo tienen un Centro Coraz\u00f3n definido. El 70% de la poblaci\u00f3n tienen un Centro Coraz\u00f3n no definido. El Centro Coraz\u00f3n es un Centro Motor (Energ\u00eda de Ego\/Fuerza de Voluntad). Tiene la habilidad de seguir proveyendo energ\u00eda&hellip; <a class=\"more-link\" href=\"https:\/\/www.geneticmatrix.com\/es\/diseno-humano-centro-corazona\/\">Seguir leyendo <span class=\"screen-reader-text\">Dise\u00f1o-Humano &#8211; Centro-Coraz\u00f3na<\/span><\/a><\/p>\n","protected":false},"author":1,"featured_media":0,"parent":0,"menu_order":0,"comment_status":"closed","ping_status":"closed","template":"","meta":{"footnotes":""},"class_list":["post-11142","page","type-page","status-publish","hentry","entry"],"_links":{"self":[{"href":"https:\/\/www.geneticmatrix.com\/es\/wp-json\/wp\/v2\/pages\/11142","targetHints":{"allow":["GET"]}}],"collection":[{"href":"https:\/\/www.geneticmatrix.com\/es\/wp-json\/wp\/v2\/pages"}],"about":[{"href":"https:\/\/www.geneticmatrix.com\/es\/wp-json\/wp\/v2\/types\/page"}],"author":[{"embeddable":true,"href":"https:\/\/www.geneticmatrix.com\/es\/wp-json\/wp\/v2\/users\/1"}],"replies":[{"embeddable":true,"href":"https:\/\/www.geneticmatrix.com\/es\/wp-json\/wp\/v2\/comments?post=11142"}],"version-history":[{"count":0,"href":"https:\/\/www.geneticmatrix.com\/es\/wp-json\/wp\/v2\/pages\/11142\/revisions"}],"wp:attachment":[{"href":"https:\/\/www.geneticmatrix.com\/es\/wp-json\/wp\/v2\/media?parent=11142"}],"curies":[{"name":"wp","href":"https:\/\/api.w.org\/{rel}","templated":true}]}}