   
{"id":13422,"date":"2020-11-04T12:38:57","date_gmt":"2020-11-04T12:38:57","guid":{"rendered":"https:\/\/www.geneticmatrixtest.com\/?page_id=13422"},"modified":"2020-11-04T12:38:57","modified_gmt":"2020-11-04T12:38:57","slug":"was-werde-ich-sonst-noch-erfahren","status":"publish","type":"page","link":"https:\/\/www.geneticmatrix.com\/de\/was-werde-ich-sonst-noch-erfahren\/","title":{"rendered":"Was werde ich sonst noch erfahren?"},"content":{"rendered":"<div id=\"content\">\r\n<div class=\"test_page\">\r\n<div class=\"breadcam\"><a href=\"\/\">Zuhause<\/a> \u00bb Was werde ich sonst noch erfahren?<\/div>\r\n<h2 style=\"text-align: center; text-transform: capitalize; font-size: 50px; font-weight: bold; color: #000;\">Was werde ich sonst nocherfahren?<\/h2>\r\n<table class=\"img_table\" border=\"0\" width=\"100%\" cellspacing=\"0\" cellpadding=\"0\">\r\n<tbody>\r\n<tr>\r\n<td>\r\n<p style=\"text-align: center; padding: 5px; width: 458px; height: 290px; margin: 0 auto;\"><img class=\"bdr\" src=\"http:\/\/www.geneticmatrixtest.com\/wp-content\/themes\/twentyten\/images\/01-WEWIK-Confused man.jpg\" alt=\"\" width=\"458\" height=\"275\" \/><\/p>\r\n<p style=\"text-align: center;\">Was w\u00fcrdest Du sehen, wenn Du Dein eigenes Leben durch eine Lupe sehen w\u00fcrdest? F\u00fchlst Du Dich in Deinen Beziehungen im gleichen alten Muster gefangen? Das gleiche alte Spiel? Es erwirkt den Anschein, dass Du nichts \u00e4ndern kannst und nichts scheint jemals zu funktionieren?<\/p>\r\n<\/td>\r\n<\/tr>\r\n<tr>\r\n<td>\r\n<table>\r\n<tbody>\r\n<tr>\r\n<td><img class=\"img_left\" src=\"http:\/\/www.geneticmatrixtest.com\/wp-content\/themes\/twentyten\/images\/02-WEWIK-Easyway.jpg\" alt=\"\" width=\"435\" height=\"360\" \/><\/td>\r\n<td>Mit Human Design kannst Du die Muster der Selbstsabotage beseitigen. Es zeigt Dir, wann und wie Du die kritischen Entscheidungen treffen kannst, die Dein Leben pr\u00e4gen. Du beginnst, die positive Seite Deiner Einzigartigkeit zu sehen und was Dich von jedem anderen unterscheidet.<\/td>\r\n<\/tr>\r\n<\/tbody>\r\n<\/table>\r\n<\/td>\r\n<\/tr>\r\n<tr>\r\n<td>\r\n<table>\r\n<tbody>\r\n<tr>\r\n<td>Was Du durch Human Design zu entdecken beginnst, ist, warum Du die Dinge tust, die Du tust, die Gedanken hast, die Du hast, mit Dir selbst und anderen auf eine bestimmte Weise interagierst. Das Licht beginnt zu leuchten, warum Beziehungen gut funktionieren (oder nicht) \u2013 warum es so ist, dass Schwierigkeiten in Arbeitssituationen auftreten (oder nicht) \u2013 und warum Du das einzige Familienmitglied bist, das einfach nicht lange bleiben kann (oder nicht). \r\n\r\nDu beginnst, Dir Deiner Verhaltensmuster bewusst zu werden, die Dir zuvor verborgen waren und zu akzeptieren, wer Du bist. \r\n\r\nOft ist Bewusstsein alles, was n\u00f6tig ist, damit sich Muster \u00e4ndern, Dir selbst zu vergeben, zu heilen und eine neue Freude und Freiheit des Selbst zu erlangen.<\/td>\r\n<td><img class=\"img_right\" src=\"http:\/\/www.geneticmatrixtest.com\/wp-content\/themes\/twentyten\/images\/03-WEWIK-Light bulb.jpg\" alt=\"\" width=\"475\" height=\"400\" \/><\/td>\r\n<\/tr>\r\n<\/tbody>\r\n<\/table>\r\n<\/td>\r\n<\/tr>\r\n<tr>\r\n<td>\r\n<table>\r\n<tbody>\r\n<tr>\r\n<td><img class=\"img_left\" src=\"http:\/\/www.geneticmatrixtest.com\/wp-content\/themes\/twentyten\/images\/04-WEWIK%20-%20Balloon.jpg\" alt=\"\" width=\"435\" height=\"300\" \/><\/td>\r\n<td>Du wirst auch erfahren, warum Du mit einigen Menschen gut kommunizieren kannst und mit anderen nicht. Warum Du bestimmte Dinge im Leben f\u00fcrchtest, w\u00e4hrend Du in anderen Lebenssituationen Mut und Tapferkeit zeigst.  Und Du wirst Dein eigenes einzigartiges Selbst kennenlernen und sch\u00e4tzen, anstatt Dich st\u00e4ndig zu fragen, warum Du nicht wie alle anderen \"reinpasst\". <\/td>\r\n<\/tr>\r\n<\/tbody>\r\n<\/table>\r\n<\/td>\r\n<\/tr>\r\n<tr>\r\n<td>\r\n<table>\r\n<tbody>\r\n<tr>\r\n<td>Um mehr \u00fcber unsere pers\u00f6nlichen Lesedienste zu erfahren, klicke bitte hier.<\/td>\r\n<td><img class=\"img_right\" src=\"http:\/\/www.geneticmatrixtest.com\/wp-content\/themes\/twentyten\/images\/05-WEWIK-Compass1.jpg\" alt=\"\" width=\"300\" height=\"250\" \/><\/td>\r\n<\/tr>\r\n<\/tbody>\r\n<\/table>\r\n<\/td>\r\n<\/tr>\r\n<\/tbody>\r\n<\/table>\r\n<div class=\"fullmain\" style=\"color: #333333 !important; font-family: arial; font-size: 16px; line-height: 25px; margin: 7px 0 20px; text-align: justify;\">\r\n<p style=\"text-align: center; width: 980px;\">.<\/p>\r\n\r\n<\/div>\r\n<\/div>\r\n<\/div>\r\n<!--more-->","protected":false},"excerpt":{"rendered":"<p>Zuhause \u00bb Was werde ich sonst noch erfahren? Was werde ich sonst nocherfahren? Was w\u00fcrdest Du sehen, wenn Du Dein eigenes Leben durch eine Lupe sehen w\u00fcrdest? F\u00fchlst Du Dich in Deinen Beziehungen im gleichen alten Muster gefangen? Das gleiche alte Spiel? Es erwirkt den Anschein, dass Du nichts \u00e4ndern kannst und nichts scheint jemals&hellip; <a class=\"more-link\" href=\"https:\/\/www.geneticmatrix.com\/de\/was-werde-ich-sonst-noch-erfahren\/\"><span class=\"screen-reader-text\">Was werde ich sonst noch erfahren?<\/span> weiterlesen<\/a><\/p>\n","protected":false},"author":1,"featured_media":0,"parent":0,"menu_order":0,"comment_status":"closed","ping_status":"closed","template":"","meta":{"footnotes":""},"class_list":["post-13422","page","type-page","status-publish","hentry","entry"],"_links":{"self":[{"href":"https:\/\/www.geneticmatrix.com\/de\/wp-json\/wp\/v2\/pages\/13422","targetHints":{"allow":["GET"]}}],"collection":[{"href":"https:\/\/www.geneticmatrix.com\/de\/wp-json\/wp\/v2\/pages"}],"about":[{"href":"https:\/\/www.geneticmatrix.com\/de\/wp-json\/wp\/v2\/types\/page"}],"author":[{"embeddable":true,"href":"https:\/\/www.geneticmatrix.com\/de\/wp-json\/wp\/v2\/users\/1"}],"replies":[{"embeddable":true,"href":"https:\/\/www.geneticmatrix.com\/de\/wp-json\/wp\/v2\/comments?post=13422"}],"version-history":[{"count":0,"href":"https:\/\/www.geneticmatrix.com\/de\/wp-json\/wp\/v2\/pages\/13422\/revisions"}],"wp:attachment":[{"href":"https:\/\/www.geneticmatrix.com\/de\/wp-json\/wp\/v2\/media?parent=13422"}],"curies":[{"name":"wp","href":"https:\/\/api.w.org\/{rel}","templated":true}]}}