   
{"id":13399,"date":"2020-11-03T12:33:39","date_gmt":"2020-11-03T12:33:39","guid":{"rendered":"https:\/\/www.geneticmatrixtest.com\/?page_id=13399"},"modified":"2020-11-03T12:33:39","modified_gmt":"2020-11-03T12:33:39","slug":"human-design-innere-autoritaet","status":"publish","type":"page","link":"https:\/\/www.geneticmatrix.com\/de\/human-design-innere-autoritaet\/","title":{"rendered":"Human Design - Innere Autorit\u00e4t"},"content":{"rendered":"<style>\r\n    .famous_people a{\r\n        color:orange;\r\n    }\r\n    .famous_people a:hover{\r\n        opacity:0.5\r\n    }\r\n<\/style>\r\n<div id=\"content\">\r\n<div class=\"test_page\">\r\n<div class=\"breadcam\"><a href=\"\/\">Zuhause<\/a> \u00bb <a href=\"&lt;?php echo site_url(); ?&gt;\/de\/centro-de-informacoes\/\">Centro De Informacoes<\/a> \u00bb Human Design - Innere Autorit\u00e4t<\/div>\r\n<\/div>\r\n<div class=\"famous_people\">\r\n<h2>Human Design - Innere Autorit\u00e4t<\/h2>\r\n\"Bei einer Entscheidung von geringer Bedeutung fand ich es immer vorteilhaft, alle Vor- und Nachteile zu ber\u00fccksichtigen. In wichtigen Fragen, wie der Wahl eines Freundes oder eines Berufes, sollte die Entscheidung jedoch vom Unterbewusstsein kommen, von in uns selbst. In den wichtigen Entscheidungen des pers\u00f6nlichen Lebens sollten wir, denke ich, von den tiefen inneren Bed\u00fcrfnissen unserer Natur regiert werden.\" - Sigmund Freud \r\n\r\n98% aller Menschen auf der Welt haben eine internes Entscheidungsfindungs-Autorit\u00e4tszentrum, auf das sie sich verlassen k\u00f6nnen, das immer 100% korrekt f\u00fcr sie ist. \r\n\r\n1% der Weltbev\u00f6lkerung haben keine explizite innere Autorit\u00e4t, aber eine andere externe Ressource, auf die sie sich verlassen k\u00f6nnen, die immer 100% richtig f\u00fcr sie ist. Diese Menschen werden Reflektoren genannt. Weitere Informationen findest Du im Abschnitt Reflektor. \r\n\r\n1% der Weltbev\u00f6lkerung haben keine explizite innere Autorit\u00e4t und keine andere externe Ressource, auf die sie sich verlassen k\u00f6nnen. Diese Menschen werden mentale Projektoren genannt. Aber mentale Projektoren haben eine genetische Weisheit zur Entscheidungsfindung, die sehr heikel ist und ein gro\u00dfes Bewusstsein erfordert, dennoch ist es akkurat. Weitere Informationen findest Du im Abschnitt mentaler Projektor. \r\n\r\nEs gibt nur f\u00fcnf m\u00f6gliche Typen von innerer Autorit\u00e4t, die Du haben kannst. Von diesen f\u00fcnf Arten innerer Autorit\u00e4t wird nur EINE von ihnen Deine einzige und einzigartige innere Autorit\u00e4t sein. Niemand hat mehr als ein inneres Autorit\u00e4tszentrum. \r\n\r\nEs ist sehr einfach f\u00fcr Dich, Deine innere Autorit\u00e4t herauszufinden, indem Du Dir Dein Human Design Diagramm ansiehst. \r\n\r\nDie f\u00fcnf Typen der inneren Autorit\u00e4t arbeiten in einer Vorrangigkeit-Hierarchie. \r\n\r\nDie Rangfolge der Inneren Autorit\u00e4t ist wie folgt: \r\n\r\n1 - <a href=\"&lt;?php echo site_url(); ?&gt;\/human-design-solar-plexus-center\/\">Solar Plexus Zentrum.<\/a>. Wenn Du dieses Zentrum definiert hast (es ist nicht wei\u00df), dann ist dieses Zentrum Deine innere Autorit\u00e4t. Es spielt keine Rolle, ob eines der anderen Zentren definiert oder nicht definiert ist. Ein definierter Solar Plexus regelt alle anderen Zentren. \r\n\r\n2 - <a href=\"&lt;?php echo site_url(); ?&gt;\/human-design-sacral-center\/\">Sakralzentrum.<\/a>. Wenn Du Dein Solar Plexus Zentrum nicht definiert hast, aber Dein Sakralzentrum definiert ist (nicht wei\u00df), so ist das Sakralzentrum Deine innere Autorit\u00e4t. \r\n\r\n3 - <a href=\"&lt;?php echo site_url(); ?&gt;\/human-design-splenic-center\/\">Milzzentrum.<\/a>. Wenn Du Dein Solar Plexus oder Sakralzentrum nicht definiert hast, aber Dein Milzzentrum definiert ist (nicht wei\u00df), ist das Milzzentrum Deine innere Autorit\u00e4t. \r\n\r\n4 - <a href=\"&lt;?php echo site_url(); ?&gt;\/human-design-heart-center\/\">Herzzentrum.<\/a>. Wenn Du Deine Solar Plexus-, Sakral- oder Milzzentren nicht definiert hast, aber Dein Egozentrum definiert ist (nicht wei\u00df), ist das Egozentrum Deine innere Autorit\u00e4t. \r\n\r\n5 - <a href=\"&lt;?php echo site_url(); ?&gt;\/human-design-g-center\/\">G Zentrum.<\/a>. Wenn Du Deine Solar Plexus-, Sakral-, Milz- oder Egozentren nicht definiert hast, aber Dein G Zentrum definiert ist (nicht wei\u00df), ist das G Zentrum Deine innere Autorit\u00e4t. \r\n\r\n<a href=\"&lt;?php echo site_url(); ?&gt;\/human-design-reflector\/\">Reflektoren<\/a> haben in Deinen Diagrammen keine Definition. Reflektoren haben also keine innere Autorit\u00e4t. Aber Du kannst Dich auf den monatlichen Zyklus des Mondes verlassen, was Dir hilft, zuverl\u00e4ssige Entscheidungen zu treffen. Weitere Informationen findest Du im Abschnitt Reflektor. \r\n\r\nMentale Projektoren haben immer ein definiertes <a href=\"&lt;?php echo site_url(); ?&gt;\/human-design-ajna-center\/\">Ajna Zentrum<\/a> plus ein <a href=\"&lt;?php echo site_url(); ?&gt;\/human-design-head-center\/\">definiertes Kopf<\/a>und\/oder <a href=\"&lt;?php echo site_url(); ?&gt;\/human-design-throat-center\/\">Halszentrum.<\/a>. Alle anderen Zentren unterhalb der Kehle sind wei\u00df oder undefiniert. Genau wie Reflektoren haben mentale Projektoren keine innere Autorit\u00e4t. Mentale Projektoren sind auch nicht auf die Zyklen des Mondes abgestimmt wie bei den Reflektoren. Sie sind Solarmenschen wie die anderen 98% der Welt. Mentale Projektoren haben eine genetische Weisheit, auf die man sich bei der Entscheidungsfindung verlassen kann, aber sie funktioniert nicht \u00fcber eines der inneren Autorit\u00e4tszentren. Weitere Informationen findest Du im Abschnitt Mental Projektor. \r\n<\/div>\r\n<\/div>\r\n<div class=\"clear\"><\/div>","protected":false},"excerpt":{"rendered":"<p>Zuhause \u00bb Centro De Informacoes \u00bb Human Design &#8211; Innere Autorit\u00e4t Human Design &#8211; Innere Autorit\u00e4t &#8222;Bei einer Entscheidung von geringer Bedeutung fand ich es immer vorteilhaft, alle Vor- und Nachteile zu ber\u00fccksichtigen. In wichtigen Fragen, wie der Wahl eines Freundes oder eines Berufes, sollte die Entscheidung jedoch vom Unterbewusstsein kommen, von in uns selbst.&hellip; <a class=\"more-link\" href=\"https:\/\/www.geneticmatrix.com\/de\/human-design-innere-autoritaet\/\"><span class=\"screen-reader-text\">Human Design &#8211; Innere Autorit\u00e4t<\/span> weiterlesen<\/a><\/p>\n","protected":false},"author":1,"featured_media":0,"parent":0,"menu_order":0,"comment_status":"closed","ping_status":"closed","template":"","meta":{"footnotes":""},"class_list":["post-13399","page","type-page","status-publish","hentry","entry"],"_links":{"self":[{"href":"https:\/\/www.geneticmatrix.com\/de\/wp-json\/wp\/v2\/pages\/13399","targetHints":{"allow":["GET"]}}],"collection":[{"href":"https:\/\/www.geneticmatrix.com\/de\/wp-json\/wp\/v2\/pages"}],"about":[{"href":"https:\/\/www.geneticmatrix.com\/de\/wp-json\/wp\/v2\/types\/page"}],"author":[{"embeddable":true,"href":"https:\/\/www.geneticmatrix.com\/de\/wp-json\/wp\/v2\/users\/1"}],"replies":[{"embeddable":true,"href":"https:\/\/www.geneticmatrix.com\/de\/wp-json\/wp\/v2\/comments?post=13399"}],"version-history":[{"count":0,"href":"https:\/\/www.geneticmatrix.com\/de\/wp-json\/wp\/v2\/pages\/13399\/revisions"}],"wp:attachment":[{"href":"https:\/\/www.geneticmatrix.com\/de\/wp-json\/wp\/v2\/media?parent=13399"}],"curies":[{"name":"wp","href":"https:\/\/api.w.org\/{rel}","templated":true}]}}