   
{"id":13329,"date":"2020-11-02T06:26:05","date_gmt":"2020-11-02T06:26:05","guid":{"rendered":"https:\/\/www.geneticmatrixtest.com\/?page_id=13329"},"modified":"2020-11-02T06:26:05","modified_gmt":"2020-11-02T06:26:05","slug":"profil-1-4","status":"publish","type":"page","link":"https:\/\/www.geneticmatrix.com\/de\/profil-1-4\/","title":{"rendered":"Profil 1\/4"},"content":{"rendered":"<div id=\"content\">\r\n<div class=\"breadcam\"><a href=\"\/\">Zuhause<\/a> \u00bb <a href=\"\/de\/centro-de-informacoes\/\">Centro De Informacoes<\/a> \u00bb <a href=\"\/Profil 1\/4 \/\">12 Profile<\/a> \u00bb Profil 1\/4<\/div>\r\n<div class=\"l_content left mar_top\">\r\n<div class=\"services\">\r\n<h2>Profil 1\/4<\/h2>\r\n<ul>\r\n \t<li>Das 1\/4-Profil macht 2,23 % der Bev\u00f6lkerung aus<\/li>\r\n \t<li>Einige der W\u00f6rter, die sich auf Profil 1\/4 beziehen, sind:<\/li>\r\n<\/ul>\r\n<h3>Bewusste Pers\u00f6nlichkeit<\/h3>\r\n<table class=\"personality\" border=\"1\" width=\"650\" cellspacing=\"0\" cellpadding=\"0\">\r\n<tbody>\r\n<tr>\r\n<td>Forscher<\/td>\r\n<td>Autorit\u00e4ren<\/td>\r\n<td>Anpassungsf\u00e4higkeit<\/td>\r\n<\/tr>\r\n<tr>\r\n<td>Subjektiv<\/td>\r\n<td>Unsicher<\/td>\r\n<td>Grundlegend<\/td>\r\n<\/tr>\r\n<tr>\r\n<td>Spezialisierung<\/td>\r\n<td>Empathie<\/td>\r\n<td>Studieren\/Analysieren<\/td>\r\n<\/tr>\r\n<tr>\r\n<td>Reine Kreativit\u00e4t<\/td>\r\n<td>Selbstzentriertheit<\/td>\r\n<td>Verfolger\/Verfolgter<\/td>\r\n<\/tr>\r\n<\/tbody>\r\n<\/table>\r\n<h3>Unbewusstes Design<\/h3>\r\n<table class=\"personality\" border=\"1\" width=\"650\" cellspacing=\"0\" cellpadding=\"0\">\r\n<tbody>\r\n<tr>\r\n<td>Opportunistisch<\/td>\r\n<td>Abdanker<\/td>\r\n<td>Kreativit\u00e4t in der Einsamkeit<\/td>\r\n<\/tr>\r\n<tr>\r\n<td>Zerbrechlich<\/td>\r\n<td>Wohlwollen\/Bosheit<\/td>\r\n<td>Pers\u00f6nliches Netzwerk<\/td>\r\n<\/tr>\r\n<tr>\r\n<td>Einflussnahme<\/td>\r\n<td>Auslagerung<\/td>\r\n<td>Kommunikativ<\/td>\r\n<\/tr>\r\n<tr>\r\n<td>Fest<\/td>\r\n<td>Vertrauter\/Nichtvertrauter<\/td>\r\n<td>Wohlt\u00e4ter\/Abh\u00e4ngiger<\/td>\r\n<\/tr>\r\n<\/tbody>\r\n<\/table>\r\n<h3><a href=\"\/human-design-people-by-profile-1-4.html\">Andere Personen mit dem Profil 1\/4<\/a><\/h3>\r\n<div class=\"personality_img\">\r\n<ul>\r\n \t<li><img src=\"https:\/\/www.geneticmatrix.com\/wp-content\/themes\/twentyten\/images\/people\/Einstein Albert Picture.jpg\" alt=\"img\" width=\"115\" height=\"157\" \/><\/li>\r\n \t<li><img src=\"https:\/\/www.geneticmatrix.com\/wp-content\/themes\/twentyten\/images\/people\/McGregor Ewan - Picture.jpg\" alt=\"img\" width=\"115\" height=\"157\" \/><\/li>\r\n \t<li><img src=\"https:\/\/www.geneticmatrix.com\/wp-content\/themes\/twentyten\/images\/people\/Young Loretta p.jpg\" alt=\"img\" width=\"115\" height=\"157\" \/><\/li>\r\n \t<li><img src=\"https:\/\/www.geneticmatrix.com\/wp-content\/themes\/twentyten\/images\/people\/Tanner Roscoe - Picture.JPG\" alt=\"img\" width=\"115\" height=\"157\" \/><\/li>\r\n \t<li><img src=\"https:\/\/www.geneticmatrix.com\/wp-content\/themes\/twentyten\/images\/people\/Ali Muhammad - Picture.jpg\" alt=\"img\" width=\"115\" height=\"157\" \/><\/li>\r\n \t<li><img src=\"https:\/\/www.geneticmatrix.com\/wp-content\/themes\/twentyten\/images\/people\/Vicious Sid - Picture.jpg\" alt=\"img\" width=\"115\" height=\"157\" \/><\/li>\r\n<\/ul>\r\n<\/div>\r\n<\/div>\r\n<\/div>\r\n<div class=\"r_content right mar_top\"><\/div>\r\n<div class=\"clear\"><\/div>\r\n<\/div>","protected":false},"excerpt":{"rendered":"<p>Zuhause \u00bb Centro De Informacoes \u00bb 12 Profile \u00bb Profil 1\/4 Profil 1\/4 Das 1\/4-Profil macht 2,23 % der Bev\u00f6lkerung aus Einige der W\u00f6rter, die sich auf Profil 1\/4 beziehen, sind: Bewusste Pers\u00f6nlichkeit Forscher Autorit\u00e4ren Anpassungsf\u00e4higkeit Subjektiv Unsicher Grundlegend Spezialisierung Empathie Studieren\/Analysieren Reine Kreativit\u00e4t Selbstzentriertheit Verfolger\/Verfolgter Unbewusstes Design Opportunistisch Abdanker Kreativit\u00e4t in der Einsamkeit Zerbrechlich&hellip; <a class=\"more-link\" href=\"https:\/\/www.geneticmatrix.com\/de\/profil-1-4\/\"><span class=\"screen-reader-text\">Profil 1\/4<\/span> weiterlesen<\/a><\/p>\n","protected":false},"author":1,"featured_media":0,"parent":0,"menu_order":0,"comment_status":"closed","ping_status":"closed","template":"","meta":{"footnotes":""},"class_list":["post-13329","page","type-page","status-publish","hentry","entry"],"_links":{"self":[{"href":"https:\/\/www.geneticmatrix.com\/de\/wp-json\/wp\/v2\/pages\/13329","targetHints":{"allow":["GET"]}}],"collection":[{"href":"https:\/\/www.geneticmatrix.com\/de\/wp-json\/wp\/v2\/pages"}],"about":[{"href":"https:\/\/www.geneticmatrix.com\/de\/wp-json\/wp\/v2\/types\/page"}],"author":[{"embeddable":true,"href":"https:\/\/www.geneticmatrix.com\/de\/wp-json\/wp\/v2\/users\/1"}],"replies":[{"embeddable":true,"href":"https:\/\/www.geneticmatrix.com\/de\/wp-json\/wp\/v2\/comments?post=13329"}],"version-history":[{"count":0,"href":"https:\/\/www.geneticmatrix.com\/de\/wp-json\/wp\/v2\/pages\/13329\/revisions"}],"wp:attachment":[{"href":"https:\/\/www.geneticmatrix.com\/de\/wp-json\/wp\/v2\/media?parent=13329"}],"curies":[{"name":"wp","href":"https:\/\/api.w.org\/{rel}","templated":true}]}}