   
{"id":13113,"date":"2020-10-24T13:16:56","date_gmt":"2020-10-24T13:16:56","guid":{"rendered":"https:\/\/www.geneticmatrixtest.com\/?page_id=13113"},"modified":"2021-03-24T09:58:23","modified_gmt":"2021-03-24T09:58:23","slug":"human-design-generator","status":"publish","type":"page","link":"https:\/\/www.geneticmatrix.com\/de\/human-design-generator\/","title":{"rendered":"Human Design - Generator"},"content":{"rendered":"<div id=\"content\">\r\n<div class=\"test_page\">\r\n<div class=\"breadcam\"><a href=\"\/\">Zuhause<\/a> \u00bb <a href=\"\/de\/informationszentrum\/\">informationszentrum<\/a> \u00bb<a href=\"\/Human Design - Generator\/\">Typen<\/a> \u00bb Human Design - Generator<\/div>\r\n<\/div>\r\n<div class=\"l_content left mar_top\">\r\n<div class=\"services\">\r\n<h3><strong>Human Design - Generator<\/strong><\/h3>\r\n<ul>\r\n \t<li>Reine Generatoren machen 36% der Weltbev\u00f6lkerung aus.<\/li>\r\n \t<li>Die Generator-Aura ist offen und einnehmend. Die einzige Verteidigung des Generators gegen andere, wegen dieser offenen und einnehmenden Aura, ist es, ihre Strategie und innere Autorit\u00e4t zu verwenden.<\/li>\r\n<\/ul>\r\n\r\n<hr \/>\r\n\r\n<img class=\"alignnone size-full wp-image-2601\" title=\"The Generator\" src=\"\/wp-content\/uploads\/2012\/09\/Generator-Site.png\" alt=\"\" width=\"664\" height=\"487\" \/>\r\n\r\n<hr \/>\r\n\r\n<ul>\r\n \t<li>Wenn der Generator wartet, bis die Natur seiner m\u00e4chtigen einnehmenden und magnetischen Aura reagiert, wird diese ihre Arbeit tun und Menschen und M\u00f6glichkeiten anziehen.<\/li>\r\n \t<li>Die Generator-Aura zwingt andere buchst\u00e4blich dazu, Generatoren um die Verwendung ihrer leistungsstarken sakralen Energiequelle zu bitten.<\/li>\r\n \t<li>Der Generator leitet seinen Namen von der Natur seiner prim\u00e4ren Energiequelle ab - dem Sakralzentrum (Generatorzentrum).<\/li>\r\n \t<li>Die wahre Kraft des Generators liegt in seiner F\u00e4higkeit, auf die Umgebung um und von ihr aus zu reagieren. Wenn sie richtig handeln, sind Generatoren die energetisch m\u00e4chtigste Art von Menschen.<\/li>\r\n \t<li>Es gibt zwei verschiedene Varianten von innerer Autorit\u00e4t des Generators. Sakrale und Emotionale.<\/li>\r\n \t<li>Generatoren, die ihrer Strategie und inneren Autorit\u00e4t folgen, f\u00fchlen tiefe Zufriedenheit, wenn sie ihre sakrale Energie richtig einsetzen. Wenn sie richtig handeln, haben sie das Gef\u00fchl einer fast unendlich befriedigenden Energieressource auf Befehl.<\/li>\r\n \t<li>Generatoren sind die wahren Arbeiter der Welt, da sie die F\u00e4higkeit haben, weiterzumachen und weiter zu gehen. Die Lebenskraft, die aus ihrem Sakralzentrum geschaffen wurde, ist die m\u00e4chtigste konsistente Energiequelle, die der Menschheit zur Verf\u00fcgung steht.<\/li>\r\n \t<li>Generatoren sollten ihre Energie vor dem Schlafengehen komplett aussch\u00f6pfen, um eine vollst\u00e4ndige Regeneration \u00fcber Nacht zu gew\u00e4hrleisten.<\/li>\r\n \t<li>Sakralzentrum des Generators wurde entwickelt, um nach einem einzigen Schlaf vollst\u00e4ndig zu \"regenerieren\". Aber das funktioniert nur richtig, wenn er sich aus einem ersch\u00f6pften Zustand regenerieren kann.<\/li>\r\n \t<li>Generatoren, die nicht ihrer Strategie und inneren Autorit\u00e4t folgen, neigen dazu, in Situationen stecken zu bleiben und k\u00f6nnen sehr frustriert mit ihrem Leben werden. Sie werden auch keine pers\u00f6nliche Genugtuung durch den Einsatz ihrer m\u00e4chtigen Lebenskraftenergie erhalten.<\/li>\r\n \t<li>Generatoren, die ihrer Strategie und inneren Autorit\u00e4t nicht folgen, neigen auch dazu, die Sklaven aller anderen zu werden.<\/li>\r\n<\/ul>\r\n<\/div>\r\n\r\n<hr \/>\r\n\r\n<div class=\"pure_gen_outer\">\r\n<div class=\"pure_generators left\">\r\n\r\n<strong>36% der Weltbev\u00f6lkerung sind Generatoren.<\/strong>\r\n\r\nGeneratoren sind die Menschen, die der Welt kontinuierliche Kraft und Lebenskraft liefern. Das sind die Menschen mit Durchhalteverm\u00f6gen. Das Sakralzentrum in ihrem K\u00f6rper ist der Schl\u00fcssel zu ihrer reinen Macht. Es schafft die lebenswichtige Lebenskraftenergie, die f\u00fcr das Handeln, lebendiges Leben, Tun und Schaffen erforderlich ist. Es ist auch das Zentrum unserer Sexualit\u00e4t und sorgt so f\u00fcr die Fortsetzung unserer Art.\r\n\r\n&nbsp;\r\n\r\nReine Generatoren sind Menschen, die ihr Sakralzentrum aktiviert und die ganze Zeit eingeschaltet haben, aber keine Verbindung zum menschlichen Manifestations- und Ausdruckszentrum, dem Halszentrum, haben.\r\n\r\n<\/div>\r\n&nbsp;\r\n<div class=\"pure_generators left\">\r\n\r\nDen meisten von uns wurde als Kindern aufgeschwatzt oder sie wurden so erzogen, zu glauben, dass wir Handeln einleiten m\u00fcssen. Es gibt diesen fehlerhaften Glauben in der Welt, dass wir es alle einfach tun sollten. Wir glauben, dass wir Manifestoren sind und somit alles tun k\u00f6nnen, jederzeit, wann wir wollen. Aber das gilt einfach nicht f\u00fcr 91 % der Weltbev\u00f6lkerung.\r\n\r\n<\/div>\r\n&nbsp;\r\n<div class=\"pure_generators left\">\r\n\r\nDie gr\u00f6\u00dfte Lektion f\u00fcr einen Generator ist es, zu lernen, auf das Leben vom Bauch heraus zu reagieren. Ja, er hat Energie zu verbrennen. Energie, um alles M\u00f6gliche zu erledigen. Aber kann er auf den Hinweis von der Welt warten?\r\n\r\n&nbsp;\r\n\r\n<\/div>\r\n&nbsp;\r\n<div class=\"pure_generators left\">\r\n\r\nWenn er kann, dann werden alle Formen von Frustrationen aus seinem Leben eliminiert und durch ein tiefes Gef\u00fchl der Zufriedenheit ersetzt. Indem er von selbst auf alles reagiert, was das Leben auf seine Weise sendet, wird das Leben zu einer freudigen und befriedigenden Erfahrung f\u00fcr alle Generatoren.\r\n\r\n<\/div>\r\n&nbsp;\r\n<div class=\"pure_generators left\">\r\n\r\nGeneratoren initiieren in der Regel Ma\u00dfnahmen, weil sie Angst haben, dass sonst nichts passieren wird. Und das ist die Falle, die sie versklavt. Wenn der Generator den Mut hat zu warten, wird er sehr schnell lernen, dass diese Angst unbegr\u00fcndet ist.\r\n\r\n&nbsp;\r\n\r\nDie endlose Lebenskraftenergie, die der Generator in seinem sakralen Zentrum h\u00e4lt, ist wie ein superm\u00e4chtiger Magnet, der durch seine umh\u00fcllende Aura Gelegenheiten anzieht. Andere Menschen sehnen sich nach Zugang zu dieser riesigen Energieressource und der Generator muss nicht lange warten, bevor andere Leute beginnen, Zugang zu dieser Ressource zu erhalten.\r\n\r\n<\/div>\r\n<\/div>\r\n<\/div>\r\n<\/div>\r\n<div id=\"content\">\r\n<div class=\"l_content left mar_top\">\r\n<div class=\"pure_gen_outer\">\r\n<div class=\"pure_generators left\">\r\n\r\nWenn der Generator darauf wartet, dass sich das Leben pr\u00e4sentiert, wird er wie ein magnetisches schwarzes Loch, das jeden und alles automatisch anzieht. Alle Dinge werden zum Generator in ihrem eigenen Timing kommen \u2013 er braucht keine Ma\u00dfnahmen zu initiieren, um zu versuchen, Dinge geschehen zu lassen. Alles, was f\u00fcr ihn entworfen wurde und f\u00fcr ihn richtig ist, wird automatisch angezogen. Arbeit, Beziehungen, Gl\u00fcck - alles.\r\n\r\n&nbsp;\r\n\r\nGeneratoren sind so konzipiert, dass sie im \"Jetzt\" mit dem Strom des Lebens flie\u00dfen und die Hinweise zum Handeln so nehmen, wie sie erscheinen. Generatoren sind nicht hier, um sich Sorgen um die Zukunft zu machen. Ihre richtige Zukunft wird automatisch kommen, wenn sie im \"Jetzt\" darauf reagieren, was das Leben ihnen gibt.\r\n\r\n&nbsp;\r\n\r\nGeneratoren mit ihren enormen Energieressourcen sind auch hier, um die Beherrschung des Lebens zu erlangen. Sie sind hier, um zu meistern, egal ob durch das richtige Engagement oder Erwiderung.\r\n\r\n&nbsp;\r\n\r\nEin gro\u00dfes Zeichen, auf das Generatoren als Hinweis achten sollten, ob sie richtig reagieren und richtig arbeiten, ist \"Synchronit\u00e4t\". Dinge beginnen einfach magisch zu geschehen oder erscheinen automatisch in ihrem Leben. Sie scheinen Gl\u00fcck zu haben.\r\n\r\n&nbsp;\r\n\r\nEs ist durchaus m\u00f6glich, dass jene Generatoren, die ohne Bezug zu ihrem Sakralzentrum aus sich heraus gegangen sind und sich manifestiert haben, in der Tat erfolgreich sein m\u00f6gen, aber sie sind selten gl\u00fccklich, zufrieden oder f\u00fchlen sich erf\u00fcllt.\r\n\r\n&nbsp;\r\n\r\nGeneratoren finden sich oft in Projekten beteiligt oder f\u00fchlen sind jemandem oder etwas verpflichtet, das nicht wirklich von Interesse ist oder ihnen Erf\u00fcllung bringt. Sie tun es nur, weil es so scheint, dass jemand es tun muss und sie sind derjenige mit der Energie! Nat\u00fcrlich werden sie sehr frustriert, da sie der Sklave f\u00fcr jemand anderen sind und ihre Macht an alle verschenken, die fragen.\r\n\r\n&nbsp;\r\n\r\nDie einfache, aber tiefgr\u00fcndige Lektion f\u00fcr alle Generatoren ist es, von sich selbst aus zu wissen, wem und was sie sich verpflichten werden. Es muss betont werden, dass Generatoren von Anfang an wissen m\u00fcssen, ob sie sich engagieren werden oder nicht, denn sobald sie ihre betr\u00e4chtliche Energie zu etwas oder jemandem verpflichtet haben, gibt es kein Zur\u00fcck mehr ohne erhebliche Frustration und Unannehmlichkeiten.\r\n\r\n&nbsp;\r\n\r\nGeneratoren haben einen \"An\"-Schalter, aber keinen \"Aus\"-Schalter. Wenn sie nach ein paar Minuten feststellen, dass sie gerade jemandem oder etwas zugesagt haben, das nicht wirklich zu ihnen passt, ist es zu sp\u00e4t, um aufzuh\u00f6ren. Dieses Sakralzentrum muss bis zur Vollendung folgen, sobald es irgendeine Art von Schwung hat. Aber wenn der Generator verzweifelt versucht, es zu stoppen und aufh\u00f6rt, befindet er sich in der Regel in Aufruhr. Das allerletzte Mittel f\u00fcr einen Generator ist das Beenden.\r\n\r\n&nbsp;\r\n\r\nDie Bedeutung des Sakralzentrums f\u00fcr einen Generator kann nicht \u00fcberbetont werden. Seine Strategie f\u00fcr das richtige Leben kommt davon, wie dieses Sakralzentrum wirklich entwickelt ist, um zu funktionieren.\r\n\r\n&nbsp;\r\n\r\nDas Sakralzentrum kann im Moment nur mit einem \"Ja\" oder \"Nein\" antworten. Es verwendet keine Worte, um diese Antworten zu vermitteln. Es liefert Ger\u00e4usche aus der Tiefe des Magenbereichs. Diese Ger\u00e4usche sind wie Grunzen oder Knurren, die, wenn er diesen \"Ja\" oder \"Nein\" Klang interpretieren kann, den Generator dazu bringt, richtige Entscheidungen f\u00fcr sein Leben zu treffen.\r\n\r\n&nbsp;\r\n\r\nDie Generatoren-Aufgabe ist es, zu beginnen, diese sakralen Grunzlaute zu bemerken und zu erkennen, dass diese sein Reaktionsmechanismus sind. Die Generator-Strategie f\u00fcr das Leben ist zu warten, um zu reagieren.\r\n\r\n&nbsp;\r\n\r\nEinige Generatoren werden verwirrt sein wegen des Wortes \"warten\", aber wenn sie wach sind und alles bemerken, was um sie herum vor sich geht, bedeutet warten einfach, auf ihre sakrale Antwort zu h\u00f6ren, bevor sie handeln.\r\n\r\n&nbsp;\r\n\r\nF\u00fcr alle Generatoren ist dies der Schl\u00fcssel, um ihr ganzes Leben zu \u00e4ndern, sodass sie genau so leben, wer sie sind, ohne die kostbare Kraft des Sakralzentrums zu verschwenden.\r\n\r\n&nbsp;\r\n\r\nWenn der Generator seine sakrale Antwort findet, kann er das \"Ja\" oder \"Nein\" erhalten, das notwendig ist, damit er mit seinem Leben vorankommt. Diese Antwort kann in Form eines Grinsens kommen oder es kann nur ein Gef\u00fchl, ein Hochziehen einer Braue oder eine Deflation sein. Der Generator muss mit seiner sakralen Reaktion sehr vertraut sein, und er braucht Zeit, um es einzubuchen. Die Antwort kann nicht sofort kommen.\r\n\r\n&nbsp;\r\n\r\nAlle Generatoren erreichen ein Niveau, an dem sie stecken bleiben. Sie sp\u00fcren eine Barriere und kehren manchmal zur\u00fcck. Wenn sie richtig reagieren, dann ist es wichtig, dass sie diese Barriere durchdringen, um zum n\u00e4chsten Level gelangen zu k\u00f6nnen. Es ist fast so, als ob es ein Test ist, sodass sie die M\u00f6glichkeit haben, ihr Sakralzentrum wieder zu fragen, ob dies das ist, was sie wirklich wollen. Wenn sie die Barriere durchbrechen, best\u00e4tigen sie, dass sie auf dem richtigen Weg sind.\r\n\r\n&nbsp;\r\n\r\nGeneratoren sind die Arbeiter und k\u00f6nnen Sklaven werden, wenn sie nicht auf ihr Sakralzentrum h\u00f6ren. Ein Manifestor wird immer initiieren und erwarten, dass der Generator ein \"Macher\" ist. Ein Projektor wird versuchen, auf \u00e4hnliche Weise an dieser Generatorleistung festzumachen.\r\n\r\n&nbsp;\r\n\r\nAlso, Generatoren m\u00fcssen daran denken, mit ihrem Sakralzentrum zu \u00fcberpr\u00fcfen, bevor sie zustimmen, nur zu tun, was der Manifestor, Projektor oder jede andere Art vorschl\u00e4gt. Sie m\u00fcssen sich bewusstwerden und aufh\u00f6ren, vom \"Autopiloten\" zu leben. Deshalb gilt der Generator als nat\u00fcrlicher Sklave. Sie schlafen, um ihre Energie an alle anderen zu verschenken, anstatt auf ihre innere Weisheit zu h\u00f6ren, ihr Sakralzentrum.\r\n\r\n&nbsp;\r\n\r\nDie meisten Generatoren leben eine sich wiederholende M\u00fche des allt\u00e4glichen Trotts, stampfend, nur um ihren Lebensunterhalt zu verdienen. Aber sie haben immer eine nagende Unzufriedenheit und Frustration in sich, dass sie f\u00fcr einen anderen Zweck bestimmt sind.\r\n\r\n&nbsp;\r\n\r\nAlles, was ein Generator tun muss, ist richtig zu reagieren und ihr Zweck wird sie finden.\r\n\r\n<hr \/>\r\n\r\n&nbsp;\r\n\r\n<\/div>\r\n<div class=\"right pure_generators_l\">\r\n<ul>\r\n \t<li>\r\n<div><\/div>\r\n<div><\/div>\r\n<a href=\"https:\/\/www.geneticmatrix.com\/aguilera-christina-human-design-chart.html\"><img title=\"Christina Aguilera - Emotional Generator\" src=\"\/wp-content\/uploads\/2012\/09\/Aguilera-Christina-1.jpg\" alt=\"\" width=\"180\" height=\"120\" \/><\/a><\/li>\r\n \t<li><a href=\"https:\/\/www.geneticmatrix.com\/armstrong-neil-human-design-chart.html\"><img title=\"Neil Armstrong - Pure Generator\" src=\"https:\/\/www.geneticmatrix.com\/wp-content\/uploads\/\" alt=\"\" width=\"180\" height=\"120\" \/><\/a><a href=\"https:\/\/www.geneticmatrix.com\/winfrey-oprah-human-design-chart.html\"><img title=\"Oprah Winfrey - Emotional Generator\" src=\"https:\/\/www.geneticmatrix.com\/wp-content\/uploads\/2020\/10\/user-120164.png\" alt=\"\" width=\"180\" height=\"119\" \/><\/a><a href=\"https:\/\/www.geneticmatrix.com\/pasteur-louis-human-design-chart.html\"><img title=\"Louis Pasteur - Pure Generator\" src=\"https:\/\/www.geneticmatrix.com\/wp-content\/uploads\/2020\/10\/user-120155.png\" alt=\"\" width=\"180\" height=\"119\" \/><\/a><a href=\"https:\/\/www.geneticmatrix.com\/chanel-coco-human-design-chart.html\"><img class=\"alignnone wp-image-13129\" title=\"Chanel Coco - Pure Generator\" src=\"https:\/\/www.geneticmatrixtest.com\/wp-content\/uploads\/2012\/09\/Chanel-Coco.jpg\" alt=\"\" width=\"180\" height=\"119\" \/><\/a><a href=\"https:\/\/www.geneticmatrix.com\/dion-celine-human-design-chart.html\"><img title=\"Celine Dion - Emotional Generator\" src=\"https:\/\/www.geneticmatrix.com\/wp-content\/uploads\/\" alt=\"\" width=\"180\" height=\"119\" \/><\/a><a href=\"https:\/\/www.geneticmatrix.com\/chaplin-sir_charlie-human-design-chart.html\"><img title=\"Sir Charlie Chaplin - Pure Generator\" src=\"https:\/\/www.geneticmatrix.com\/wp-content\/uploads\/\" alt=\"\" width=\"180\" height=\"119\" \/><\/a><a href=\"https:\/\/www.geneticmatrix.com\/beethoven-ludwig_van-human-design-chart.html\"><img class=\"alignnone wp-image-13134\" title=\"Ludwig van Beethoven - Pure Gnerator\" src=\"https:\/\/www.geneticmatrixtest.com\/wp-content\/uploads\/2012\/09\/Beethoven-1.jpg\" alt=\"\" width=\"180\" height=\"119\" \/><\/a><a style=\"line-height: 1.6em;\" href=\"https:\/\/www.geneticmatrix.com\/depardieu-gerard-human-design-chart.html\"><img class=\"wp-image-13115 alignnone\" title=\"Gerard Depardieu - Pure Generator\" src=\"https:\/\/www.geneticmatrixtest.com\/wp-content\/uploads\/2012\/09\/Depardieu-Gerard-p1.jpg\" alt=\"\" width=\"179\" height=\"120\" \/><\/a><a href=\"https:\/\/www.geneticmatrix.com\/nightingale-florence-human-design-chart.html\"><img title=\"Florence Nightingale - Emotional Generator\" src=\"https:\/\/www.geneticmatrix.com\/wp-content\/uploads\/2020\/10\/user-120182.png\" alt=\"\" width=\"180\" height=\"119\" \/><\/a><a href=\"https:\/\/www.geneticmatrix.com\/cosby-bill-human-design-chart.html\"><img class=\"alignnone wp-image-13117\" title=\"Bill Cosby - Pure Generator\" src=\"https:\/\/www.geneticmatrixtest.com\/wp-content\/uploads\/2012\/09\/Cosby-Bill-p.jpg\" alt=\"\" width=\"180\" height=\"119\" \/><\/a><a href=\"https:\/\/www.geneticmatrix.com\/downey_jr-robert-human-design-chart.html\"><img class=\"alignnone wp-image-13118\" title=\"Robert Downey, Jr - Pure Generator\" src=\"https:\/\/www.geneticmatrixtest.com\/wp-content\/uploads\/2012\/09\/Downey-Jr-Robert2.jpg\" alt=\"\" width=\"180\" height=\"119\" \/><\/a><a href=\"https:\/\/www.geneticmatrix.com\/ellington-duke-human-design-chart.html\"><img class=\"alignnone wp-image-13119\" title=\"Duke Ellington - Pure Generator\" src=\"https:\/\/www.geneticmatrixtest.com\/wp-content\/uploads\/2012\/09\/Ellington-Duke-P1.jpg\" alt=\"\" width=\"180\" height=\"119\" \/><\/a>\r\n\r\n<a href=\"https:\/\/www.geneticmatrix.com\/jarrett-keith-human-design-chart.html\"><img class=\"alignnone wp-image-13121\" title=\"Keith Jarrett - Pure Generator \" src=\"https:\/\/www.geneticmatrixtest.com\/wp-content\/uploads\/2012\/09\/Jarrett-Keith-p1.jpg\" alt=\"\" width=\"180\" height=\"119\" \/><\/a>\r\n\r\n<a href=\"https:\/\/www.geneticmatrix.com\/branson-sir_richard-human-design-chart.html\"><img class=\"alignnone wp-image-13123\" title=\"Sir Richard Branson - Pure Generator\" src=\"https:\/\/www.geneticmatrixtest.com\/wp-content\/uploads\/2012\/09\/Branson-Richard-P.jpg\" alt=\"\" width=\"180\" height=\"119\" \/><\/a>\r\n\r\n<a href=\"https:\/\/www.geneticmatrix.com\/craig-daniel-human-design-chart.html\"><img class=\"alignnone wp-image-13124\" title=\"Daniel Craig - Emotional Generator\" src=\"https:\/\/www.geneticmatrixtest.com\/wp-content\/uploads\/2012\/09\/Craig-Daniel.jpg\" alt=\"\" width=\"180\" height=\"119\" \/><\/a>\r\n\r\n<a href=\"https:\/\/www.geneticmatrix.com\/fonteyn-margot-human-design-chart.html\"><img class=\"alignnone wp-image-13127\" title=\"Fonteyn Margot - Emotional Generator\" src=\"https:\/\/www.geneticmatrixtest.com\/wp-content\/uploads\/2012\/09\/Fonteyn-Margot.jpg\" alt=\"\" width=\"180\" height=\"119\" \/><\/a>\r\n\r\n<a href=\"https:\/\/www.geneticmatrix.com\/ronaldo-cristiano-human-design-chart.html\"><img class=\"alignnone wp-image-13130\" title=\"Cristiano Ronaldo - Pure Generator\" src=\"https:\/\/www.geneticmatrixtest.com\/wp-content\/uploads\/2012\/09\/Ronaldo-Cristiano.jpg\" alt=\"\" width=\"180\" height=\"119\" \/><\/a>\r\n\r\n<a href=\"https:\/\/www.geneticmatrix.com\/mendeleev-dmitri-human-design-chart.html\"><img class=\"alignnone wp-image-13131\" title=\"Dmitri Mendeleev - Emotional Generator\" src=\"https:\/\/www.geneticmatrixtest.com\/wp-content\/uploads\/2012\/09\/Mendeleev-Dmitri.jpg\" alt=\"\" width=\"180\" height=\"119\" \/><\/a>\r\n\r\n<a href=\"https:\/\/www.geneticmatrix.com\/pattinson-robert-human-design-chart.html\"><img title=\"Robert Pattinson - Emotional Generator\" src=\"https:\/\/www.geneticmatrix.com\/wp-content\/uploads\/2020\/11\/user-120161.jpg\" alt=\"\" width=\"180\" height=\"119\" \/><\/a>\r\n\r\n<a href=\"https:\/\/www.geneticmatrix.com\/montessori-maria-human-design-chart.html\"><img class=\"alignnone wp-image-13132\" title=\"Maria Montessori - Emotional Gnerator\" src=\"https:\/\/www.geneticmatrixtest.com\/wp-content\/uploads\/2012\/09\/Montessori-Maria.jpg\" alt=\"\" width=\"180\" height=\"119\" \/><\/a>\r\n<p style=\"text-align: center;\"><\/p>\r\n<\/li>\r\n<\/ul>\r\n<\/div>\r\n&nbsp;\r\n\r\n&nbsp;\r\n\r\n<\/div>\r\n&nbsp;\r\n\r\n&nbsp;\r\n\r\n<\/div>\r\n<div class=\"r_content right mar_top\"><\/div>\r\n<div class=\"r_content right mar_top\"><\/div>\r\n<div class=\"clear\"><\/div>\r\n<\/div>","protected":false},"excerpt":{"rendered":"<p>Zuhause \u00bb informationszentrum \u00bbTypen \u00bb Human Design &#8211; Generator Human Design &#8211; Generator Reine Generatoren machen 36% der Weltbev\u00f6lkerung aus. Die Generator-Aura ist offen und einnehmend. Die einzige Verteidigung des Generators gegen andere, wegen dieser offenen und einnehmenden Aura, ist es, ihre Strategie und innere Autorit\u00e4t zu verwenden. Wenn der Generator wartet, bis die Natur&hellip; <a class=\"more-link\" href=\"https:\/\/www.geneticmatrix.com\/de\/human-design-generator\/\"><span class=\"screen-reader-text\">Human Design &#8211; Generator<\/span> weiterlesen<\/a><\/p>\n","protected":false},"author":1,"featured_media":0,"parent":0,"menu_order":0,"comment_status":"closed","ping_status":"closed","template":"","meta":{"footnotes":""},"class_list":["post-13113","page","type-page","status-publish","hentry","entry"],"_links":{"self":[{"href":"https:\/\/www.geneticmatrix.com\/de\/wp-json\/wp\/v2\/pages\/13113","targetHints":{"allow":["GET"]}}],"collection":[{"href":"https:\/\/www.geneticmatrix.com\/de\/wp-json\/wp\/v2\/pages"}],"about":[{"href":"https:\/\/www.geneticmatrix.com\/de\/wp-json\/wp\/v2\/types\/page"}],"author":[{"embeddable":true,"href":"https:\/\/www.geneticmatrix.com\/de\/wp-json\/wp\/v2\/users\/1"}],"replies":[{"embeddable":true,"href":"https:\/\/www.geneticmatrix.com\/de\/wp-json\/wp\/v2\/comments?post=13113"}],"version-history":[{"count":0,"href":"https:\/\/www.geneticmatrix.com\/de\/wp-json\/wp\/v2\/pages\/13113\/revisions"}],"wp:attachment":[{"href":"https:\/\/www.geneticmatrix.com\/de\/wp-json\/wp\/v2\/media?parent=13113"}],"curies":[{"name":"wp","href":"https:\/\/api.w.org\/{rel}","templated":true}]}}